{"id":95,"date":"2012-01-01T16:23:52","date_gmt":"2012-01-01T16:23:52","guid":{"rendered":"https:\/\/kkrva.com\/bookstore\/?post_type=product&#038;p=95"},"modified":"2025-12-31T13:55:55","modified_gmt":"2025-12-31T13:55:55","slug":"darfor-ska-vi-ha-ett-forsvar","status":"publish","type":"product","link":"https:\/\/kkrva.se\/bookstore\/produkt\/darfor-ska-vi-ha-ett-forsvar\/","title":{"rendered":"D\u00e4rf\u00f6r ska vi ha ett f\u00f6rsvar"},"content":{"rendered":"<h4>F\u00f6rsvaret, filosofin och f\u00f6rfattningen<\/h4>\n<p>Denna bok \u00e4r inledning till Kungl Krigsvetenskapsakademiens projekt Svensk s\u00e4kerhet efter 2014. Den inneh\u00e5ller tv\u00e5 uppsatser av docent Bj\u00f6rn von Sydow, ledamot i KKrVA.<\/p>\n<p># <em>Varf\u00f6r ska vi ha ett f\u00f6rsvar?<\/em> Det \u00e4r en analys av olika tankem\u00f6nster i den internationella s\u00e4kerhetspolitiken av idag och bak\u00e5t. Ur detta kan man dra slutsatser f\u00f6r svensk s\u00e4kerhets- och f\u00f6rsvarspolitik,<\/p>\n<p># <em>Grundlagarna och f\u00f6rsvaret<\/em> (bilagorna 1\u20133). Det \u00e4r en analys av de konstitutionella och folkr\u00e4ttsliga kraven p\u00e5 ett svenskt f\u00f6rsvar. Ocks\u00e5 h\u00e4r kan man se vilka krav det kan st\u00e4llas p\u00e5 f\u00f6rsvaret.<\/p>\n<p><em>Bokens uppsatser utg\u00f6r en rapport inom ramen f\u00f6r Kungl Krigsvetenskapsakademiens projekt Svensk s\u00e4kerhet efter 2014. Den \u00e4r publicerad genom v\u00e4lvilligt st\u00f6d fr\u00e5n Marianne och Marcus Wallenbergs stiftelse.<\/em><\/p>\n","protected":false},"excerpt":{"rendered":"<p>av Bj\u00f6rn von Sydow<\/p>\n<p>Utgiven 2012 av Kungl Krigsvetenskapsakademien<br \/>\nISBN 978-91-980676-0-6<\/p>\n<p>Ebok (pdf)<br \/>\nFormat 165*242 mm<br \/>\n40 sidor<\/p>\n<p>S\u00e5 snart best\u00e4llning \u00e4r lagd visas l\u00e4nk f\u00f6r nedladdning.<\/p>\n","protected":false},"featured_media":3196,"template":"","meta":{"site-sidebar-layout":"default","site-content-layout":"","ast-site-content-layout":"default","site-content-style":"default","site-sidebar-style":"default","ast-global-header-display":"","ast-banner-title-visibility":"","ast-main-header-display":"","ast-hfb-above-header-display":"","ast-hfb-below-header-display":"","ast-hfb-mobile-header-display":"","site-post-title":"","ast-breadcrumbs-content":"","ast-featured-img":"","footer-sml-layout":"","ast-disable-related-posts":"","theme-transparent-header-meta":"default","adv-header-id-meta":"","stick-header-meta":"","header-above-stick-meta":"","header-main-stick-meta":"","header-below-stick-meta":"","astra-migrate-meta-layouts":"set","ast-page-background-enabled":"default","ast-page-background-meta":{"desktop":{"background-color":"var(--ast-global-color-5)","background-image":"","background-repeat":"repeat","background-position":"center center","background-size":"auto","background-attachment":"scroll","background-type":"","background-media":"","overlay-type":"","overlay-color":"","overlay-opacity":"","overlay-gradient":""},"tablet":{"background-color":"","background-image":"","background-repeat":"repeat","background-position":"center center","background-size":"auto","background-attachment":"scroll","background-type":"","background-media":"","overlay-type":"","overlay-color":"","overlay-opacity":"","overlay-gradient":""},"mobile":{"background-color":"","background-image":"","background-repeat":"repeat","background-position":"center center","background-size":"auto","background-attachment":"scroll","background-type":"","background-media":"","overlay-type":"","overlay-color":"","overlay-opacity":"","overlay-gradient":""}},"ast-content-background-meta":{"desktop":{"background-color":"var(--ast-global-color-4)","background-image":"","background-repeat":"repeat","background-position":"center center","background-size":"auto","background-attachment":"scroll","background-type":"","background-media":"","overlay-type":"","overlay-color":"","overlay-opacity":"","overlay-gradient":""},"tablet":{"background-color":"var(--ast-global-color-4)","background-image":"","background-repeat":"repeat","background-position":"center center","background-size":"auto","background-attachment":"scroll","background-type":"","background-media":"","overlay-type":"","overlay-color":"","overlay-opacity":"","overlay-gradient":""},"mobile":{"background-color":"var(--ast-global-color-4)","background-image":"","background-repeat":"repeat","background-position":"center center","background-size":"auto","background-attachment":"scroll","background-type":"","background-media":"","overlay-type":"","overlay-color":"","overlay-opacity":"","overlay-gradient":""}}},"product_brand":[],"product_cat":[18],"product_tag":[],"class_list":{"0":"post-95","1":"product","2":"type-product","3":"status-publish","4":"has-post-thumbnail","6":"product_cat-fri-nedladdning","7":"desktop-align-center","8":"tablet-align-left","9":"mobile-align-left","11":"first","12":"instock","13":"downloadable","14":"virtual","15":"sold-individually","16":"taxable","17":"purchasable","18":"product-type-simple"},"_links":{"self":[{"href":"https:\/\/kkrva.se\/bookstore\/wp-json\/wp\/v2\/product\/95","targetHints":{"allow":["GET"]}}],"collection":[{"href":"https:\/\/kkrva.se\/bookstore\/wp-json\/wp\/v2\/product"}],"about":[{"href":"https:\/\/kkrva.se\/bookstore\/wp-json\/wp\/v2\/types\/product"}],"wp:featuredmedia":[{"embeddable":true,"href":"https:\/\/kkrva.se\/bookstore\/wp-json\/wp\/v2\/media\/3196"}],"wp:attachment":[{"href":"https:\/\/kkrva.se\/bookstore\/wp-json\/wp\/v2\/media?parent=95"}],"wp:term":[{"taxonomy":"product_brand","embeddable":true,"href":"https:\/\/kkrva.se\/bookstore\/wp-json\/wp\/v2\/product_brand?post=95"},{"taxonomy":"product_cat","embeddable":true,"href":"https:\/\/kkrva.se\/bookstore\/wp-json\/wp\/v2\/product_cat?post=95"},{"taxonomy":"product_tag","embeddable":true,"href":"https:\/\/kkrva.se\/bookstore\/wp-json\/wp\/v2\/product_tag?post=95"}],"curies":[{"name":"wp","href":"https:\/\/api.w.org\/{rel}","templated":true}]}}