{"id":86,"date":"2017-12-14T15:40:04","date_gmt":"2017-12-14T15:40:04","guid":{"rendered":"https:\/\/kkrva.com\/bookstore\/?post_type=product&#038;p=86"},"modified":"2025-12-31T13:47:27","modified_gmt":"2025-12-31T13:47:27","slug":"ett-nytt-totalforsvar-vitbok","status":"publish","type":"product","link":"https:\/\/kkrva.se\/bookstore\/produkt\/ett-nytt-totalforsvar-vitbok\/","title":{"rendered":"Ett nytt totalf\u00f6rsvar"},"content":{"rendered":"<h4>Vitbok &#8211; Viktigare slutsatser<\/h4>\n<p>Detta h\u00e4fte inneh\u00e5ller viktigare \u00f6verv\u00e4ganden och slutsatser fr\u00e5n Kungl Krigsvetenskapsakademiens projekt \u201dDet framtida slagf\u00e4ltet \u2013 Krigsvetenskap i det 21:a \u00e5rhundradet\u201d, KV21.<\/p>\n<p>KV21 \u00e4r ett tv\u00e4rvetenskapligt projekt vars genomf\u00f6rande har m\u00f6jliggjorts med bidrag fr\u00e5n Marianne och Marcus Wallenbergs stiftelse.<\/p>\n<p>Projektet har p\u00e5g\u00e5tt sedan 2015 och dess slutrapport kommer att publiceras mars 2018. Projektledningen har utgjorts av f\u00f6ljande akademiledam\u00f6ter:<\/p>\n<p style=\"padding-left: 40px;\">Viceamiral Frank Rosenius, huvudprojektledare<br \/>\nGeneralmajor Bj\u00f6rn Anderson<br \/>\nProfessor Gunnar Hult<br \/>\nDirekt\u00f6r Sven Christer Nilsson<br \/>\n\u00d6verstel\u00f6jtnant Tommy Jeppsson<br \/>\n\u00d6verste Jan M\u00f6rtberg<br \/>\nF d generaldirekt\u00f6r Lars Nyl\u00e9n<br \/>\n\u00d6verste Mats Olofsson<br \/>\nF d generaldirekt\u00f6r Peter Lagerblad<br \/>\nGeneralmajor Karlis Neretnieks<br \/>\nBrigadgeneral Anders Carell<br \/>\n\u00d6verstel\u00f6jtnant Gunnar Magnusson<\/p>\n","protected":false},"excerpt":{"rendered":"<p>av Frank Rosenius m fl<\/p>\n<p>Utgiven 2017 av Kungl Krigsvetenskapsakademien<br \/>\nISBN 978-91-88581-03-7<\/p>\n<p>Ebok (pdf)<br \/>\nFormat 165*242 mm<br \/>\n44 sidor<\/p>\n<p>S\u00e5 snart best\u00e4llning \u00e4r lagd visas l\u00e4nk f\u00f6r nedladdning.<\/p>\n","protected":false},"featured_media":3202,"template":"","meta":{"site-sidebar-layout":"default","site-content-layout":"","ast-site-content-layout":"default","site-content-style":"default","site-sidebar-style":"default","ast-global-header-display":"","ast-banner-title-visibility":"","ast-main-header-display":"","ast-hfb-above-header-display":"","ast-hfb-below-header-display":"","ast-hfb-mobile-header-display":"","site-post-title":"","ast-breadcrumbs-content":"","ast-featured-img":"","footer-sml-layout":"","ast-disable-related-posts":"","theme-transparent-header-meta":"default","adv-header-id-meta":"","stick-header-meta":"","header-above-stick-meta":"","header-main-stick-meta":"","header-below-stick-meta":"","astra-migrate-meta-layouts":"set","ast-page-background-enabled":"default","ast-page-background-meta":{"desktop":{"background-color":"var(--ast-global-color-5)","background-image":"","background-repeat":"repeat","background-position":"center center","background-size":"auto","background-attachment":"scroll","background-type":"","background-media":"","overlay-type":"","overlay-color":"","overlay-opacity":"","overlay-gradient":""},"tablet":{"background-color":"","background-image":"","background-repeat":"repeat","background-position":"center center","background-size":"auto","background-attachment":"scroll","background-type":"","background-media":"","overlay-type":"","overlay-color":"","overlay-opacity":"","overlay-gradient":""},"mobile":{"background-color":"","background-image":"","background-repeat":"repeat","background-position":"center center","background-size":"auto","background-attachment":"scroll","background-type":"","background-media":"","overlay-type":"","overlay-color":"","overlay-opacity":"","overlay-gradient":""}},"ast-content-background-meta":{"desktop":{"background-color":"var(--ast-global-color-4)","background-image":"","background-repeat":"repeat","background-position":"center center","background-size":"auto","background-attachment":"scroll","background-type":"","background-media":"","overlay-type":"","overlay-color":"","overlay-opacity":"","overlay-gradient":""},"tablet":{"background-color":"var(--ast-global-color-4)","background-image":"","background-repeat":"repeat","background-position":"center center","background-size":"auto","background-attachment":"scroll","background-type":"","background-media":"","overlay-type":"","overlay-color":"","overlay-opacity":"","overlay-gradient":""},"mobile":{"background-color":"var(--ast-global-color-4)","background-image":"","background-repeat":"repeat","background-position":"center center","background-size":"auto","background-attachment":"scroll","background-type":"","background-media":"","overlay-type":"","overlay-color":"","overlay-opacity":"","overlay-gradient":""}}},"product_brand":[],"product_cat":[18],"product_tag":[],"class_list":{"0":"post-86","1":"product","2":"type-product","3":"status-publish","4":"has-post-thumbnail","6":"product_cat-fri-nedladdning","7":"desktop-align-center","8":"tablet-align-left","9":"mobile-align-left","11":"first","12":"instock","13":"downloadable","14":"virtual","15":"sold-individually","16":"taxable","17":"purchasable","18":"product-type-simple"},"_links":{"self":[{"href":"https:\/\/kkrva.se\/bookstore\/wp-json\/wp\/v2\/product\/86","targetHints":{"allow":["GET"]}}],"collection":[{"href":"https:\/\/kkrva.se\/bookstore\/wp-json\/wp\/v2\/product"}],"about":[{"href":"https:\/\/kkrva.se\/bookstore\/wp-json\/wp\/v2\/types\/product"}],"wp:featuredmedia":[{"embeddable":true,"href":"https:\/\/kkrva.se\/bookstore\/wp-json\/wp\/v2\/media\/3202"}],"wp:attachment":[{"href":"https:\/\/kkrva.se\/bookstore\/wp-json\/wp\/v2\/media?parent=86"}],"wp:term":[{"taxonomy":"product_brand","embeddable":true,"href":"https:\/\/kkrva.se\/bookstore\/wp-json\/wp\/v2\/product_brand?post=86"},{"taxonomy":"product_cat","embeddable":true,"href":"https:\/\/kkrva.se\/bookstore\/wp-json\/wp\/v2\/product_cat?post=86"},{"taxonomy":"product_tag","embeddable":true,"href":"https:\/\/kkrva.se\/bookstore\/wp-json\/wp\/v2\/product_tag?post=86"}],"curies":[{"name":"wp","href":"https:\/\/api.w.org\/{rel}","templated":true}]}}