{"id":69,"date":"2014-04-01T10:44:32","date_gmt":"2014-04-01T10:44:32","guid":{"rendered":"https:\/\/kkrva.com\/bookstore\/?post_type=product&#038;p=69"},"modified":"2026-01-11T21:38:48","modified_gmt":"2026-01-11T21:38:48","slug":"korridoren-till-kaliningrad-ebok","status":"publish","type":"product","link":"https:\/\/kkrva.se\/bookstore\/produkt\/korridoren-till-kaliningrad-ebok\/","title":{"rendered":"Korridoren till Kaliningrad"},"content":{"rendered":"<p>Korridoren till Kaliningrad \u00e4r en f\u00f6rsvarspolitisk kortroman som s\u00f6ker debatt kring tillst\u00e5ndet f\u00f6r v\u00e5rt f\u00f6rsvar. Genom att kl\u00e4 ett scenario 2015 i mer sk\u00f6nlitter\u00e4r form f\u00f6rs\u00f6ker bokens f\u00f6rfattare Johan Wiktorin n\u00e5 nya grupper intresserade av f\u00f6rsvarsfr\u00e5gan.<\/p>\n<p>Korridoren till Kaliningrad tecknar ett portr\u00e4tt av den press och os\u00e4kerhet som v\u00e5ra makthavare skulle st\u00e4llas inf\u00f6r vid en allvarligare kris i v\u00e5rt n\u00e4romr\u00e5de som pr\u00f6var v\u00e5rt f\u00f6rsvar.<\/p>\n<h4>Sagt om boken:<\/h4>\n<p><strong>\u201dpekar p\u00e5 bristerna i v\u00e5rt nuvarande f\u00f6rsvar\u201d<br \/>\n<\/strong>Bengt Gustafsson, \u00f6b 1986-94<strong><br \/>\n<\/strong><\/p>\n<p><strong>\u201draffinerad skildring\u201d<br \/>\n<\/strong>Michael Sahlin, fd ambassad\u00f6r, fd statssekreterare i f\u00f6rsvarsdepartementet<strong><br \/>\n<\/strong><\/p>\n<p><strong>\u201dklart och enkelt\u201d<br \/>\n<\/strong>Sven-Christer Nilsson, tidigare koncernchef ericsson<strong><br \/>\n<\/strong><\/p>\n","protected":false},"excerpt":{"rendered":"<p>av Johan Wiktorin<\/p>\n<p>Utgiven 2013 av Kungl Krigsvetenskapsakademien<br \/>\nISBN 978-91-980878-3-3<\/p>\n<p>Ebok (epub)<\/p>\n","protected":false},"featured_media":68,"template":"","meta":{"site-sidebar-layout":"default","site-content-layout":"","ast-site-content-layout":"default","site-content-style":"default","site-sidebar-style":"default","ast-global-header-display":"","ast-banner-title-visibility":"","ast-main-header-display":"","ast-hfb-above-header-display":"","ast-hfb-below-header-display":"","ast-hfb-mobile-header-display":"","site-post-title":"","ast-breadcrumbs-content":"","ast-featured-img":"","footer-sml-layout":"","ast-disable-related-posts":"","theme-transparent-header-meta":"default","adv-header-id-meta":"","stick-header-meta":"","header-above-stick-meta":"","header-main-stick-meta":"","header-below-stick-meta":"","astra-migrate-meta-layouts":"set","ast-page-background-enabled":"default","ast-page-background-meta":{"desktop":{"background-color":"var(--ast-global-color-5)","background-image":"","background-repeat":"repeat","background-position":"center center","background-size":"auto","background-attachment":"scroll","background-type":"","background-media":"","overlay-type":"","overlay-color":"","overlay-opacity":"","overlay-gradient":""},"tablet":{"background-color":"","background-image":"","background-repeat":"repeat","background-position":"center center","background-size":"auto","background-attachment":"scroll","background-type":"","background-media":"","overlay-type":"","overlay-color":"","overlay-opacity":"","overlay-gradient":""},"mobile":{"background-color":"","background-image":"","background-repeat":"repeat","background-position":"center center","background-size":"auto","background-attachment":"scroll","background-type":"","background-media":"","overlay-type":"","overlay-color":"","overlay-opacity":"","overlay-gradient":""}},"ast-content-background-meta":{"desktop":{"background-color":"var(--ast-global-color-4)","background-image":"","background-repeat":"repeat","background-position":"center center","background-size":"auto","background-attachment":"scroll","background-type":"","background-media":"","overlay-type":"","overlay-color":"","overlay-opacity":"","overlay-gradient":""},"tablet":{"background-color":"var(--ast-global-color-4)","background-image":"","background-repeat":"repeat","background-position":"center center","background-size":"auto","background-attachment":"scroll","background-type":"","background-media":"","overlay-type":"","overlay-color":"","overlay-opacity":"","overlay-gradient":""},"mobile":{"background-color":"var(--ast-global-color-4)","background-image":"","background-repeat":"repeat","background-position":"center center","background-size":"auto","background-attachment":"scroll","background-type":"","background-media":"","overlay-type":"","overlay-color":"","overlay-opacity":"","overlay-gradient":""}}},"product_brand":[],"product_cat":[17],"product_tag":[],"class_list":{"0":"post-69","1":"product","2":"type-product","3":"status-publish","4":"has-post-thumbnail","6":"product_cat-ebok","7":"desktop-align-center","8":"tablet-align-left","9":"mobile-align-left","11":"first","12":"instock","13":"virtual","14":"taxable","15":"purchasable","16":"product-type-simple"},"_links":{"self":[{"href":"https:\/\/kkrva.se\/bookstore\/wp-json\/wp\/v2\/product\/69","targetHints":{"allow":["GET"]}}],"collection":[{"href":"https:\/\/kkrva.se\/bookstore\/wp-json\/wp\/v2\/product"}],"about":[{"href":"https:\/\/kkrva.se\/bookstore\/wp-json\/wp\/v2\/types\/product"}],"wp:featuredmedia":[{"embeddable":true,"href":"https:\/\/kkrva.se\/bookstore\/wp-json\/wp\/v2\/media\/68"}],"wp:attachment":[{"href":"https:\/\/kkrva.se\/bookstore\/wp-json\/wp\/v2\/media?parent=69"}],"wp:term":[{"taxonomy":"product_brand","embeddable":true,"href":"https:\/\/kkrva.se\/bookstore\/wp-json\/wp\/v2\/product_brand?post=69"},{"taxonomy":"product_cat","embeddable":true,"href":"https:\/\/kkrva.se\/bookstore\/wp-json\/wp\/v2\/product_cat?post=69"},{"taxonomy":"product_tag","embeddable":true,"href":"https:\/\/kkrva.se\/bookstore\/wp-json\/wp\/v2\/product_tag?post=69"}],"curies":[{"name":"wp","href":"https:\/\/api.w.org\/{rel}","templated":true}]}}