{"id":5216,"date":"2026-03-21T16:35:55","date_gmt":"2026-03-21T16:35:55","guid":{"rendered":"https:\/\/kkrva.se\/bookstore\/?post_type=product&#038;p=5216"},"modified":"2026-04-08T15:01:29","modified_gmt":"2026-04-08T15:01:29","slug":"slutrapport-projekt-sv-a-r-2","status":"publish","type":"product","link":"https:\/\/kkrva.se\/bookstore\/produkt\/slutrapport-projekt-sv-a-r-2\/","title":{"rendered":"Slutrapport Projekt SV-A-R"},"content":{"rendered":"<h1>Slutrapport Projekt SV-A-R<\/h1>\n<p>Sverige st\u00e5r mitt i ett s\u00e4kerhetspolitiskt paradigmskifte d\u00e4r medlemskapet i Nato, ett mer kr\u00e4vande Europa och en allt h\u00e5rdare kamp om den globala ordningen f\u00f6r\u00e4ndrar f\u00f6ruts\u00e4ttningarna f\u00f6r v\u00e5r s\u00e4kerhetspolitik. Den h\u00e4r slutrapporten fr\u00e5n projektet SV-A-R visar hur avskr\u00e4ckning och motst\u00e5ndskraft kan byggas i praktiken \u2013 milit\u00e4rt, civilt, ekonomiskt, teknologiskt och politiskt \u2013 n\u00e4r hotbilden omfattar allt fr\u00e5n rysk aggression och k\u00e4rnvapenfr\u00e5gor till hybridhot, fl\u00f6dess\u00e4kerhet och den liberala ordningens erosion.<\/p>\n<p>Rapporten sammanfattar tre \u00e5rs arbete inom Kungl Krigsvetenskapsakademien och sp\u00e4nner fr\u00e5n global maktf\u00f6rskjutning och Europas strategiska autonomi till det nordisk-baltiska omr\u00e5det, svensk k\u00e4rnvapenpolitik, f\u00f6rsvarsindustri, civilt f\u00f6rsvar och ledning i kris och krig. Tyngdpunkten ligger p\u00e5 vad ett Sverige i Nato och EU faktiskt beh\u00f6ver g\u00f6ra \u201di n\u00e4rtid\u201d; f\u00f6rst\u00e4rka den milit\u00e4ra f\u00f6rm\u00e5gan, p\u00e5skynda den civila beredskapen, reformera juridiken f\u00f6r hybridkrigf\u00f6ring och bidra till en trov\u00e4rdig europeisk avskr\u00e4ckning ocks\u00e5 p\u00e5 k\u00e4rnvapenomr\u00e5det.<\/p>\n<p>Slutrapporten riktar sig till politiska beslutsfattare, myndigheter, f\u00f6rsvaret, industri, forskare och andra som s\u00f6ker ett samlat, erfarenhetsbaserat underlag f\u00f6r en reviderad svensk s\u00e4kerhetsstrategi 2026\/27. Den erbjuder b\u00e5de analytiska ramverk och konkreta rekommendationer f\u00f6r hur Sverige, tillsammans med likasinnade i Europa och med uppr\u00e4tth\u00e5llen transatlantisk l\u00e4nk, kan st\u00e4rka sin s\u00e4kerhet i en tid d\u00e5 f\u00f6nstret f\u00f6r handling \u00e4r kort men m\u00f6jligheten att p\u00e5verka fortfarande \u00e4r betydande.<\/p>\n<p><strong>Redakt\u00f6r<\/strong> Bj\u00f6rn Anderson<\/p>\n","protected":false},"excerpt":{"rendered":"<p>Redakt\u00f6r: Bj\u00f6rn Anderson<\/p>\n<p>Utgiven 2026 av Kungl Krigsvetenskapsakademien<br \/>\n978-91-88581-57-0 (tryckt)<br \/>\n978-91-88581-58-7 (pdf)<\/p>\n<p>Limbundet mjukband<br \/>\nFormat 150*220 mm<br \/>\n300 sidor<\/p>\n<p><span style=\"color: #ff0000;\"><strong>Pdf-version<\/strong><\/span>\u00a0kan laddas ned\u00a0<strong>kostnadsfritt<\/strong>\u00a0p\u00e5\u00a0<a href=\"https:\/\/kkrva.se\/slutrapport-projekt-sv-a-r\/\" target=\"_blank\" rel=\"noopener\">akademiens hemsida \u00bb<\/a><\/p>\n<p><strong>Tryckt version<\/strong> \u00e4r slut.<\/p>\n","protected":false},"featured_media":5217,"template":"","meta":{"site-sidebar-layout":"default","site-content-layout":"","ast-site-content-layout":"default","site-content-style":"default","site-sidebar-style":"default","ast-global-header-display":"","ast-banner-title-visibility":"","ast-main-header-display":"","ast-hfb-above-header-display":"","ast-hfb-below-header-display":"","ast-hfb-mobile-header-display":"","site-post-title":"","ast-breadcrumbs-content":"","ast-featured-img":"","footer-sml-layout":"","ast-disable-related-posts":"","theme-transparent-header-meta":"default","adv-header-id-meta":"","stick-header-meta":"","header-above-stick-meta":"","header-main-stick-meta":"","header-below-stick-meta":"","astra-migrate-meta-layouts":"set","ast-page-background-enabled":"default","ast-page-background-meta":{"desktop":{"background-color":"var(--ast-global-color-5)","background-image":"","background-repeat":"repeat","background-position":"center center","background-size":"auto","background-attachment":"scroll","background-type":"","background-media":"","overlay-type":"","overlay-color":"","overlay-opacity":"","overlay-gradient":""},"tablet":{"background-color":"","background-image":"","background-repeat":"repeat","background-position":"center center","background-size":"auto","background-attachment":"scroll","background-type":"","background-media":"","overlay-type":"","overlay-color":"","overlay-opacity":"","overlay-gradient":""},"mobile":{"background-color":"","background-image":"","background-repeat":"repeat","background-position":"center center","background-size":"auto","background-attachment":"scroll","background-type":"","background-media":"","overlay-type":"","overlay-color":"","overlay-opacity":"","overlay-gradient":""}},"ast-content-background-meta":{"desktop":{"background-color":"var(--ast-global-color-4)","background-image":"","background-repeat":"repeat","background-position":"center center","background-size":"auto","background-attachment":"scroll","background-type":"","background-media":"","overlay-type":"","overlay-color":"","overlay-opacity":"","overlay-gradient":""},"tablet":{"background-color":"var(--ast-global-color-4)","background-image":"","background-repeat":"repeat","background-position":"center center","background-size":"auto","background-attachment":"scroll","background-type":"","background-media":"","overlay-type":"","overlay-color":"","overlay-opacity":"","overlay-gradient":""},"mobile":{"background-color":"var(--ast-global-color-4)","background-image":"","background-repeat":"repeat","background-position":"center center","background-size":"auto","background-attachment":"scroll","background-type":"","background-media":"","overlay-type":"","overlay-color":"","overlay-opacity":"","overlay-gradient":""}}},"product_brand":[],"product_cat":[18],"product_tag":[],"class_list":{"0":"post-5216","1":"product","2":"type-product","3":"status-publish","4":"has-post-thumbnail","6":"product_cat-fri-nedladdning","7":"product_shipping_class-tung","8":"desktop-align-center","9":"tablet-align-left","10":"mobile-align-left","12":"first","13":"instock","14":"taxable","15":"shipping-taxable","16":"product-type-simple"},"_links":{"self":[{"href":"https:\/\/kkrva.se\/bookstore\/wp-json\/wp\/v2\/product\/5216","targetHints":{"allow":["GET"]}}],"collection":[{"href":"https:\/\/kkrva.se\/bookstore\/wp-json\/wp\/v2\/product"}],"about":[{"href":"https:\/\/kkrva.se\/bookstore\/wp-json\/wp\/v2\/types\/product"}],"wp:featuredmedia":[{"embeddable":true,"href":"https:\/\/kkrva.se\/bookstore\/wp-json\/wp\/v2\/media\/5217"}],"wp:attachment":[{"href":"https:\/\/kkrva.se\/bookstore\/wp-json\/wp\/v2\/media?parent=5216"}],"wp:term":[{"taxonomy":"product_brand","embeddable":true,"href":"https:\/\/kkrva.se\/bookstore\/wp-json\/wp\/v2\/product_brand?post=5216"},{"taxonomy":"product_cat","embeddable":true,"href":"https:\/\/kkrva.se\/bookstore\/wp-json\/wp\/v2\/product_cat?post=5216"},{"taxonomy":"product_tag","embeddable":true,"href":"https:\/\/kkrva.se\/bookstore\/wp-json\/wp\/v2\/product_tag?post=5216"}],"curies":[{"name":"wp","href":"https:\/\/api.w.org\/{rel}","templated":true}]}}