{"id":5211,"date":"2026-03-21T16:13:39","date_gmt":"2026-03-21T16:13:39","guid":{"rendered":"https:\/\/kkrva.se\/bookstore\/?post_type=product&#038;p=5211"},"modified":"2026-04-14T08:44:58","modified_gmt":"2026-04-14T08:44:58","slug":"sondrade-vi-falla-enade-vi-sta-2","status":"publish","type":"product","link":"https:\/\/kkrva.se\/bookstore\/produkt\/sondrade-vi-falla-enade-vi-sta-2\/","title":{"rendered":"S\u00f6ndrade vi falla \u2013 enade vi st\u00e5"},"content":{"rendered":"<h1>S\u00f6ndrade vi falla \u2013 enade vi st\u00e5<\/h1>\n<h3>M\u00f6jligheter och utmaningar vid fortsatt nordisk f\u00f6rsvarsintegration<\/h3>\n<p>Det samarbete Kungl Krigsvetenskapsakademien har med F\u00f6rsvarsh\u00f6gskolan \u00e4r av st\u00f6rsta v\u00e4rde. Denna bok \u00e4r ett belysande exempel p\u00e5 det positiva utfallet av detta, d\u00e4r fem forskare vid skolan ger sin syn p\u00e5 m\u00f6jliga integrations- och samordningsomr\u00e5den mellan de nordiska l\u00e4ndernas f\u00f6rsvarsmakter med syftet att \u00e5stadkomma st\u00f6rsta m\u00f6jliga effekt.<\/p>\n<p>F\u00f6ruts\u00e4ttningarna f\u00f6r nordiskt samarbete och integration inom m\u00e5nga viktiga samh\u00e4llssektorer \u00e4r i v\u00e5r tid gynnsamma d\u00e4r s\u00e4kerhets- och f\u00f6rsvarspolitiken sticker ut. Detta p\u00e5 grund av ett mycket allvarligt s\u00e4kerhetsl\u00e4ge, d\u00e4r l\u00e4ndernas geostrategiska samh\u00f6righet inom ramen f\u00f6r det transatlantiska f\u00f6rsvarssamarbetet utg\u00f6r ett starkt incitament till f\u00f6rdjupade samarbets- och integrationsformer grundat p\u00e5 samsyn.<\/p>\n<p>Bokens fokus \u00e4r samordning och integration av de nordiska l\u00e4ndernas milit\u00e4ra maktmedel. Gjorda analyser och f\u00f6rslag utg\u00f6r en god grund f\u00f6r f\u00f6rdjupad analys och diskussion. Denna \u00e4r helt n\u00f6dv\u00e4ndig utg\u00e5ende fr\u00e5n det \u00f6verordnade syftet att uppn\u00e5 st\u00f6rsta m\u00f6jliga milit\u00e4rstrategiska och operativa f\u00f6ruts\u00e4ttningar f\u00f6r att n\u00e5 framg\u00e5ng i strid, vilket f\u00f6ruts\u00e4tter en vidsyn som str\u00e4cker sig utanf\u00f6r strikt nationella utg\u00e5ngspunkter. De olika kapitlen i boken inneh\u00e5ller belagda tankar avseende hur detta kan uppn\u00e5s.<\/p>\n<p><strong>Redakt\u00f6r<\/strong>\u00a0Tommy Jeppsson<\/p>\n","protected":false},"excerpt":{"rendered":"<p>Redakt\u00f6r: Tommy Jeppsson<\/p>\n<p>Utgiven 2026 av Kungl Krigsvetenskapsakademien<br \/>\nISBN 978-91-88581-59-4 (tryckt)<br \/>\nISBN 978-91-88581-60-0 (pdf)<\/p>\n<p>Limbundet mjukband<br \/>\nFormat 150*220 mm<br \/>\n114 sidor<\/p>\n<p><span style=\"color: #ff0000;\"><strong>Pdf-version<\/strong><\/span>\u00a0kan laddas ned\u00a0<strong>kostnadsfritt<\/strong>\u00a0p\u00e5\u00a0<a href=\"https:\/\/kkrva.se\/sondrade-vi-falla-enade-vi-sta\/\" target=\"_blank\" rel=\"noopener\">akademiens hemsida \u00bb<\/a><\/p>\n<p><strong>Tryckt version<\/strong> kan k\u00f6pas h\u00e4r.<\/p>\n","protected":false},"featured_media":5212,"template":"","meta":{"site-sidebar-layout":"default","site-content-layout":"","ast-site-content-layout":"default","site-content-style":"default","site-sidebar-style":"default","ast-global-header-display":"","ast-banner-title-visibility":"","ast-main-header-display":"","ast-hfb-above-header-display":"","ast-hfb-below-header-display":"","ast-hfb-mobile-header-display":"","site-post-title":"","ast-breadcrumbs-content":"","ast-featured-img":"","footer-sml-layout":"","ast-disable-related-posts":"","theme-transparent-header-meta":"default","adv-header-id-meta":"","stick-header-meta":"","header-above-stick-meta":"","header-main-stick-meta":"","header-below-stick-meta":"","astra-migrate-meta-layouts":"set","ast-page-background-enabled":"default","ast-page-background-meta":{"desktop":{"background-color":"var(--ast-global-color-5)","background-image":"","background-repeat":"repeat","background-position":"center center","background-size":"auto","background-attachment":"scroll","background-type":"","background-media":"","overlay-type":"","overlay-color":"","overlay-opacity":"","overlay-gradient":""},"tablet":{"background-color":"","background-image":"","background-repeat":"repeat","background-position":"center center","background-size":"auto","background-attachment":"scroll","background-type":"","background-media":"","overlay-type":"","overlay-color":"","overlay-opacity":"","overlay-gradient":""},"mobile":{"background-color":"","background-image":"","background-repeat":"repeat","background-position":"center center","background-size":"auto","background-attachment":"scroll","background-type":"","background-media":"","overlay-type":"","overlay-color":"","overlay-opacity":"","overlay-gradient":""}},"ast-content-background-meta":{"desktop":{"background-color":"var(--ast-global-color-4)","background-image":"","background-repeat":"repeat","background-position":"center center","background-size":"auto","background-attachment":"scroll","background-type":"","background-media":"","overlay-type":"","overlay-color":"","overlay-opacity":"","overlay-gradient":""},"tablet":{"background-color":"var(--ast-global-color-4)","background-image":"","background-repeat":"repeat","background-position":"center center","background-size":"auto","background-attachment":"scroll","background-type":"","background-media":"","overlay-type":"","overlay-color":"","overlay-opacity":"","overlay-gradient":""},"mobile":{"background-color":"var(--ast-global-color-4)","background-image":"","background-repeat":"repeat","background-position":"center center","background-size":"auto","background-attachment":"scroll","background-type":"","background-media":"","overlay-type":"","overlay-color":"","overlay-opacity":"","overlay-gradient":""}}},"product_brand":[],"product_cat":[18,15],"product_tag":[],"class_list":{"0":"post-5211","1":"product","2":"type-product","3":"status-publish","4":"has-post-thumbnail","6":"product_cat-fri-nedladdning","7":"product_cat-bocker","8":"product_shipping_class-latt","9":"desktop-align-center","10":"tablet-align-left","11":"mobile-align-left","13":"first","14":"instock","15":"taxable","16":"shipping-taxable","17":"purchasable","18":"product-type-simple"},"_links":{"self":[{"href":"https:\/\/kkrva.se\/bookstore\/wp-json\/wp\/v2\/product\/5211","targetHints":{"allow":["GET"]}}],"collection":[{"href":"https:\/\/kkrva.se\/bookstore\/wp-json\/wp\/v2\/product"}],"about":[{"href":"https:\/\/kkrva.se\/bookstore\/wp-json\/wp\/v2\/types\/product"}],"wp:featuredmedia":[{"embeddable":true,"href":"https:\/\/kkrva.se\/bookstore\/wp-json\/wp\/v2\/media\/5212"}],"wp:attachment":[{"href":"https:\/\/kkrva.se\/bookstore\/wp-json\/wp\/v2\/media?parent=5211"}],"wp:term":[{"taxonomy":"product_brand","embeddable":true,"href":"https:\/\/kkrva.se\/bookstore\/wp-json\/wp\/v2\/product_brand?post=5211"},{"taxonomy":"product_cat","embeddable":true,"href":"https:\/\/kkrva.se\/bookstore\/wp-json\/wp\/v2\/product_cat?post=5211"},{"taxonomy":"product_tag","embeddable":true,"href":"https:\/\/kkrva.se\/bookstore\/wp-json\/wp\/v2\/product_tag?post=5211"}],"curies":[{"name":"wp","href":"https:\/\/api.w.org\/{rel}","templated":true}]}}