{"id":5178,"date":"2026-02-24T15:57:41","date_gmt":"2026-02-24T15:57:41","guid":{"rendered":"https:\/\/kkrva.se\/bookstore\/?post_type=product&#038;p=5178"},"modified":"2026-05-04T08:39:43","modified_gmt":"2026-05-04T08:39:43","slug":"kampa-for-livet-2","status":"publish","type":"product","link":"https:\/\/kkrva.se\/bookstore\/produkt\/kampa-for-livet-2\/","title":{"rendered":"K\u00e4mpa f\u00f6r livet"},"content":{"rendered":"<h1>K\u00e4mpa f\u00f6r livet &#8211; en ukrainsk stridssjukv\u00e5rdares ber\u00e4ttelse<\/h1>\n<h3>Rapport fr\u00e5n ett seminarium<\/h3>\n<h3><\/h3>\n<p><em>K\u00e4mpa f\u00f6r livet<\/em> best\u00e5r av tv\u00e5 delar som tillsammans ger en ovanligt skarp och m\u00e4nsklig inblick i krigets Ukraina \u2013 genom sjukv\u00e5rdens \u00f6gon. I den f\u00f6rsta delen analyseras och diskuteras krigets villkor ur ett sjukv\u00e5rdsperspektiv, med insikter som \u00e4r direkt relevanta ocks\u00e5 f\u00f6r svenska f\u00f6rh\u00e5llanden och v\u00e5r egen beredskap.<\/p>\n<p>Skriftens andra del \u00e4r stridssjukv\u00e5rdaren Danylo Zamoiskyis egen ber\u00e4ttelse: en personlig, egenupplevd skildring av arbetet med att r\u00e4dda liv p\u00e5 ett slagf\u00e4lt d\u00e4r sjukv\u00e5rden \u00e4r ett av fiendens m\u00e5l och d\u00e4r risken att sj\u00e4lv skadas eller d\u00f6das st\u00e4ndigt \u00e4r n\u00e4rvarande. H\u00e4r m\u00f6ter l\u00e4saren inte bara professionella erfarenheter och konkreta situationer, utan \u00e4ven krigets sociala och psykologiska dimension \u2013 samt den humor och det spr\u00e5kbruk som v\u00e4xer fram i en verklighet d\u00e4r allt st\u00e5r p\u00e5 spel.<\/p>\n<p><em>K\u00e4mpa f\u00f6r livet<\/em> \u00e4r en ber\u00e4ttelse med nerv och angel\u00e4genhet. Den ger f\u00f6rst\u00e5else f\u00f6r vad motst\u00e5ndsvilja faktiskt inneb\u00e4r \u2013 och varf\u00f6r en fungerande sjukv\u00e5rd, civil s\u00e5v\u00e4l som milit\u00e4r, \u00e4r ett fundament f\u00f6r trov\u00e4rdig f\u00f6rsvarsf\u00f6rm\u00e5ga.<\/p>\n<p>Skriften ing\u00e5r i den serie publikationer som har utgetts av akademiens projekt SV-A-R (Sverige i Nato och EU \u2013 Avskr\u00e4ckning och Resiliens).<\/p>\n<p><strong>Redakt\u00f6r<\/strong>\u00a0Tommy Jeppsson<\/p>\n","protected":false},"excerpt":{"rendered":"<p>Redakt\u00f6r: Tommy Jeppsson<\/p>\n<p>Utgiven 2025 av Kungl Krigsvetenskapsakademien<br \/>\nISBN: 978-91-88581-55-6 (tryckt)<br \/>\nISBN: 978-91-88581-56-3 (digital)<\/p>\n<p>Limbundet mjukband<br \/>\nFormat 165*242 mm<br \/>\n56 sidor<\/p>\n<p><span style=\"color: #ff0000;\"><strong>Pdf-version<\/strong><\/span>\u00a0kan laddas ned\u00a0<strong>kostnadsfritt<\/strong>\u00a0p\u00e5\u00a0<a href=\"https:\/\/kkrva.se\/kampa-for-livet\/\" target=\"_blank\" rel=\"noopener\">akademiens hemsida \u00bb<\/a><\/p>\n<p><strong>Tryckt version<\/strong> \u00e4r slut.<\/p>\n","protected":false},"featured_media":5183,"template":"","meta":{"site-sidebar-layout":"default","site-content-layout":"","ast-site-content-layout":"default","site-content-style":"default","site-sidebar-style":"default","ast-global-header-display":"","ast-banner-title-visibility":"","ast-main-header-display":"","ast-hfb-above-header-display":"","ast-hfb-below-header-display":"","ast-hfb-mobile-header-display":"","site-post-title":"","ast-breadcrumbs-content":"","ast-featured-img":"","footer-sml-layout":"","ast-disable-related-posts":"","theme-transparent-header-meta":"default","adv-header-id-meta":"","stick-header-meta":"","header-above-stick-meta":"","header-main-stick-meta":"","header-below-stick-meta":"","astra-migrate-meta-layouts":"set","ast-page-background-enabled":"default","ast-page-background-meta":{"desktop":{"background-color":"var(--ast-global-color-5)","background-image":"","background-repeat":"repeat","background-position":"center center","background-size":"auto","background-attachment":"scroll","background-type":"","background-media":"","overlay-type":"","overlay-color":"","overlay-opacity":"","overlay-gradient":""},"tablet":{"background-color":"","background-image":"","background-repeat":"repeat","background-position":"center center","background-size":"auto","background-attachment":"scroll","background-type":"","background-media":"","overlay-type":"","overlay-color":"","overlay-opacity":"","overlay-gradient":""},"mobile":{"background-color":"","background-image":"","background-repeat":"repeat","background-position":"center center","background-size":"auto","background-attachment":"scroll","background-type":"","background-media":"","overlay-type":"","overlay-color":"","overlay-opacity":"","overlay-gradient":""}},"ast-content-background-meta":{"desktop":{"background-color":"var(--ast-global-color-4)","background-image":"","background-repeat":"repeat","background-position":"center center","background-size":"auto","background-attachment":"scroll","background-type":"","background-media":"","overlay-type":"","overlay-color":"","overlay-opacity":"","overlay-gradient":""},"tablet":{"background-color":"var(--ast-global-color-4)","background-image":"","background-repeat":"repeat","background-position":"center center","background-size":"auto","background-attachment":"scroll","background-type":"","background-media":"","overlay-type":"","overlay-color":"","overlay-opacity":"","overlay-gradient":""},"mobile":{"background-color":"var(--ast-global-color-4)","background-image":"","background-repeat":"repeat","background-position":"center center","background-size":"auto","background-attachment":"scroll","background-type":"","background-media":"","overlay-type":"","overlay-color":"","overlay-opacity":"","overlay-gradient":""}}},"product_brand":[],"product_cat":[18,34,15],"product_tag":[],"class_list":{"0":"post-5178","1":"product","2":"type-product","3":"status-publish","4":"has-post-thumbnail","6":"product_cat-fri-nedladdning","7":"product_cat-sv-a-r-projektet","8":"product_cat-bocker","9":"product_shipping_class-latt","10":"desktop-align-center","11":"tablet-align-left","12":"mobile-align-left","14":"first","15":"outofstock","16":"taxable","17":"shipping-taxable","18":"purchasable","19":"product-type-simple"},"_links":{"self":[{"href":"https:\/\/kkrva.se\/bookstore\/wp-json\/wp\/v2\/product\/5178","targetHints":{"allow":["GET"]}}],"collection":[{"href":"https:\/\/kkrva.se\/bookstore\/wp-json\/wp\/v2\/product"}],"about":[{"href":"https:\/\/kkrva.se\/bookstore\/wp-json\/wp\/v2\/types\/product"}],"wp:featuredmedia":[{"embeddable":true,"href":"https:\/\/kkrva.se\/bookstore\/wp-json\/wp\/v2\/media\/5183"}],"wp:attachment":[{"href":"https:\/\/kkrva.se\/bookstore\/wp-json\/wp\/v2\/media?parent=5178"}],"wp:term":[{"taxonomy":"product_brand","embeddable":true,"href":"https:\/\/kkrva.se\/bookstore\/wp-json\/wp\/v2\/product_brand?post=5178"},{"taxonomy":"product_cat","embeddable":true,"href":"https:\/\/kkrva.se\/bookstore\/wp-json\/wp\/v2\/product_cat?post=5178"},{"taxonomy":"product_tag","embeddable":true,"href":"https:\/\/kkrva.se\/bookstore\/wp-json\/wp\/v2\/product_tag?post=5178"}],"curies":[{"name":"wp","href":"https:\/\/api.w.org\/{rel}","templated":true}]}}