{"id":4812,"date":"2025-11-08T15:59:06","date_gmt":"2025-11-08T15:59:06","guid":{"rendered":"https:\/\/kkrva.se\/bookstore\/?post_type=product&#038;p=4812"},"modified":"2026-04-15T17:18:20","modified_gmt":"2026-04-15T17:18:20","slug":"michael-sahlin-ur-led-ar-tiden","status":"publish","type":"product","link":"https:\/\/kkrva.se\/bookstore\/produkt\/michael-sahlin-ur-led-ar-tiden\/","title":{"rendered":"Michael Sahlin : Ur led \u00e4r tiden"},"content":{"rendered":"<h3>Michael Sahlin : Ur led \u00e4r tiden<\/h3>\n<p>Den globala utvecklingen i v\u00e4rlden \u00e4r orolig och of\u00f6ruts\u00e4gbar. Kli\u00admat\u00adf\u00f6r\u00e4ndringar, migrationsstr\u00f6mmar och tekniska innovationer f\u00f6r\u00e4ndrar etablerade samh\u00e4llsstrukturer. F\u00f6rskjutningar i maktbalansen mellan olika nationer och v\u00e4rldsdelar p\u00e5verkar politik, ekonomi, handel och sociala strukturer. Det leder i sin tur till milit\u00e4r upprustning och positionering. Den regelbaserade v\u00e4rldsordningen \u00e4r satt under stark press. Det finns en uppenbar risk f\u00f6r att det leder till ett globalt s\u00e4kerhetspolitiskt kaos.<\/p>\n<p>I denna dynamiska materia orienterar Michael Sahlin med bravur. Michaels kombination av akademisk skolning och m\u00e5ng\u00e5rigt praktiskt ut\u00f6vande av f\u00f6rsvarspolitik och diplomati g\u00f6r honom oslagbar att analysera och se m\u00f6nster i en till synes kaotisk v\u00e4rldsutveckling.<\/p>\n<p>Michael Sahlin \u00e4r en kreativ och produktiv ledamot av Kungliga Krigs\u00advetenskapsakademien. Han bidrar starkt till att akademien ligger l\u00e5ngt fram i analyser av troliga h\u00e4ndelseutvecklingar i v\u00e4rldspolitiken. Denna skrift \u00e4r en sammanst\u00e4llning av det senaste i hans produktion f\u00f6r Krigsvetenskapsakademien, avsett att l\u00e4sas av de som har intresse av bakgrunden och utvecklingen av olika skeenden. Rekommenderas ocks\u00e5 till politiker och beslutsfattare i s\u00e5v\u00e4l myndigheter som i n\u00e4ringsliv.<\/p>\n<p><strong>Obs! 18 av bokens 23 artiklar \u00e4r skrivna p\u00e5 engelska.\u00a0<\/strong><\/p>\n","protected":false},"excerpt":{"rendered":"<p>F\u00f6rfattare: Michael Sahlin<\/p>\n<p>Utgiven 2025 av Kungl Krigsvetenskapsakademien<br \/>\nISBN: 978-91-88581-51-8<\/p>\n<p>Limbunden bok<br \/>\nFormat 150*220 mm<br \/>\n128 sidor<\/p>\n<p><strong>Obs! 18 av bokens 23 artiklar \u00e4r skrivna p\u00e5 engelska.\u00a0<\/strong><\/p>\n","protected":false},"featured_media":4813,"template":"","meta":{"site-sidebar-layout":"default","site-content-layout":"","ast-site-content-layout":"default","site-content-style":"default","site-sidebar-style":"default","ast-global-header-display":"","ast-banner-title-visibility":"","ast-main-header-display":"","ast-hfb-above-header-display":"","ast-hfb-below-header-display":"","ast-hfb-mobile-header-display":"","site-post-title":"","ast-breadcrumbs-content":"","ast-featured-img":"","footer-sml-layout":"","ast-disable-related-posts":"","theme-transparent-header-meta":"default","adv-header-id-meta":"","stick-header-meta":"","header-above-stick-meta":"","header-main-stick-meta":"","header-below-stick-meta":"","astra-migrate-meta-layouts":"set","ast-page-background-enabled":"default","ast-page-background-meta":{"desktop":{"background-color":"var(--ast-global-color-5)","background-image":"","background-repeat":"repeat","background-position":"center center","background-size":"auto","background-attachment":"scroll","background-type":"","background-media":"","overlay-type":"","overlay-color":"","overlay-opacity":"","overlay-gradient":""},"tablet":{"background-color":"","background-image":"","background-repeat":"repeat","background-position":"center center","background-size":"auto","background-attachment":"scroll","background-type":"","background-media":"","overlay-type":"","overlay-color":"","overlay-opacity":"","overlay-gradient":""},"mobile":{"background-color":"","background-image":"","background-repeat":"repeat","background-position":"center center","background-size":"auto","background-attachment":"scroll","background-type":"","background-media":"","overlay-type":"","overlay-color":"","overlay-opacity":"","overlay-gradient":""}},"ast-content-background-meta":{"desktop":{"background-color":"var(--ast-global-color-4)","background-image":"","background-repeat":"repeat","background-position":"center center","background-size":"auto","background-attachment":"scroll","background-type":"","background-media":"","overlay-type":"","overlay-color":"","overlay-opacity":"","overlay-gradient":""},"tablet":{"background-color":"var(--ast-global-color-4)","background-image":"","background-repeat":"repeat","background-position":"center center","background-size":"auto","background-attachment":"scroll","background-type":"","background-media":"","overlay-type":"","overlay-color":"","overlay-opacity":"","overlay-gradient":""},"mobile":{"background-color":"var(--ast-global-color-4)","background-image":"","background-repeat":"repeat","background-position":"center center","background-size":"auto","background-attachment":"scroll","background-type":"","background-media":"","overlay-type":"","overlay-color":"","overlay-opacity":"","overlay-gradient":""}}},"product_brand":[],"product_cat":[19,15],"product_tag":[],"class_list":{"0":"post-4812","1":"product","2":"type-product","3":"status-publish","4":"has-post-thumbnail","6":"product_cat-in-english","7":"product_cat-bocker","8":"product_shipping_class-latt","9":"desktop-align-center","10":"tablet-align-left","11":"mobile-align-left","13":"first","14":"instock","15":"taxable","16":"shipping-taxable","17":"purchasable","18":"product-type-simple"},"_links":{"self":[{"href":"https:\/\/kkrva.se\/bookstore\/wp-json\/wp\/v2\/product\/4812","targetHints":{"allow":["GET"]}}],"collection":[{"href":"https:\/\/kkrva.se\/bookstore\/wp-json\/wp\/v2\/product"}],"about":[{"href":"https:\/\/kkrva.se\/bookstore\/wp-json\/wp\/v2\/types\/product"}],"wp:featuredmedia":[{"embeddable":true,"href":"https:\/\/kkrva.se\/bookstore\/wp-json\/wp\/v2\/media\/4813"}],"wp:attachment":[{"href":"https:\/\/kkrva.se\/bookstore\/wp-json\/wp\/v2\/media?parent=4812"}],"wp:term":[{"taxonomy":"product_brand","embeddable":true,"href":"https:\/\/kkrva.se\/bookstore\/wp-json\/wp\/v2\/product_brand?post=4812"},{"taxonomy":"product_cat","embeddable":true,"href":"https:\/\/kkrva.se\/bookstore\/wp-json\/wp\/v2\/product_cat?post=4812"},{"taxonomy":"product_tag","embeddable":true,"href":"https:\/\/kkrva.se\/bookstore\/wp-json\/wp\/v2\/product_tag?post=4812"}],"curies":[{"name":"wp","href":"https:\/\/api.w.org\/{rel}","templated":true}]}}