{"id":4742,"date":"2025-03-12T10:23:54","date_gmt":"2025-03-12T10:23:54","guid":{"rendered":"https:\/\/kkrva.se\/bookstore\/?post_type=product&#038;p=4742"},"modified":"2025-12-31T13:38:44","modified_gmt":"2025-12-31T13:38:44","slug":"mellanrapport-del-i-och-ii-projekt-sv-a-r","status":"publish","type":"product","link":"https:\/\/kkrva.se\/bookstore\/produkt\/mellanrapport-del-i-och-ii-projekt-sv-a-r\/","title":{"rendered":"Mellanrapport del I och II \u2013 Projekt SV-A-R (2 volymer)"},"content":{"rendered":"<p>Krigsvetenskapsakademiens projekt SV-A-R 2023-2025 har ett syfte som illustreras av f\u00f6rkortningen d\u00e4r SV st\u00e5r f\u00f6r Sverige, A f\u00f6r avskr\u00e4ckning och R f\u00f6r Resiliens. Tankstrecken symboliserar behovet av uth\u00e5llighet \u00f6ver tid och tematisk synergi i spektret fr\u00e5n fred till krig. I den s\u00e4kerhetspolitiska situation som Sverige befinner sig i som medlem av Nato och EU \u00e4r det n\u00f6dv\u00e4ndigt att \u00e4gna mycket kraft \u00e5t att f\u00f6rst\u00e5 omv\u00e4rlden.<\/p>\n<p>Efter det amerikanska valet november 2024 och inf\u00f6r slutrapporten i slutet av 2025 redovisar h\u00e4r projektet SV-A-R mellanrapporten \u201dI n\u00e4rtid\u201d i tv\u00e5 delar. I rapporten analyseras fr\u00e4mst vad en f\u00f6r\u00e4ndrad inriktning av amerikansk s\u00e4kerhetspolitik, \u201dTrump-effekten\u201d, kan inneb\u00e4ra f\u00f6r Nato och Sverige, men d\u00e4r \u00e4ven t\u00e4nkbara f\u00f6ljder av ett antal globala trender lyfts fram. Vidare framg\u00e5r i rapporten ett antal rekommendationer f\u00f6r \u00e5tg\u00e4rder som b\u00f6r vidtas I N\u00c4RTID mot bakgrund av det allvarliga s\u00e4kerhetspolitiska l\u00e4get.<\/p>\n<p>Flera av de rekommendationer som anges \u201dI n\u00e4rtid\u201d grundas p\u00e5 delrapporter framtagna i projektets olika huvudomr\u00e5dena.<\/p>\n<p>DEL I av \u201dI n\u00e4rtid\u201d omfattar en omv\u00e4rldsanalys och SV-A-R s\u00e4kerhetspolitiska \u00f6verv\u00e4ganden samt rekommendationer som b\u00f6r \u00e5tg\u00e4rdas I N\u00c4RTID.<\/p>\n<p>Del II \u00e4r en sammanst\u00e4llning av de delrapporter som utg\u00f6r underlag f\u00f6r rekommendationerna.<\/p>\n","protected":false},"excerpt":{"rendered":"<p><strong>F\u00f6rfattare del I:<\/strong> Lars-Erik Lundin och Michael Sahlin<br \/>\nUtgiven 2025 av Kungl Krigsvetenskapsakademien<br \/>\nISBN: 978-91-88581-44-0 (pdf)<br \/>\nISBN: 978-91-88581-45-7 (tryckt)<br \/>\nFormat 150*220 mm<br \/>\n72 sidor<br \/>\n<span style=\"color: #ff0000;\"><strong>Pdf-version<\/strong><\/span>\u00a0kan laddas ned\u00a0<strong>kostnadsfritt<\/strong>\u00a0p\u00e5\u00a0<a href=\"https:\/\/kkrva.se\/projekt-sv-a-r-sverige-avskrackning-resiliens-i-nato-och-eu-mellanrapport-del-i\/\" target=\"_blank\" rel=\"noopener\">akademiens hemsida \u00bb<\/a><\/p>\n<p><strong>Redakt\u00f6r del II:<\/strong> Bj\u00f6rn Anderson<br \/>\nUtgiven 2025 av Kungl Krigsvetenskapsakademien<br \/>\nISBN: 978-91-88581-46-4 (pdf)<br \/>\nISBN: 978-91-88581-47-1 (tryckt)<br \/>\nFormat 150*220 mm<br \/>\n268 sidor<br \/>\n<span style=\"color: #ff0000;\"><strong>Pdf-version<\/strong><\/span>\u00a0kan laddas ned\u00a0<strong>kostnadsfritt<\/strong>\u00a0p\u00e5\u00a0<a href=\"https:\/\/kkrva.se\/projekt-sv-a-r-sverige-avskrackning-resiliens-i-nato-och-eu-mellanrapport-del-ii\/\" target=\"_blank\" rel=\"noopener\">akademiens hemsida \u00bb<\/a><\/p>\n","protected":false},"featured_media":4613,"template":"","meta":{"site-sidebar-layout":"default","site-content-layout":"","ast-site-content-layout":"default","site-content-style":"default","site-sidebar-style":"default","ast-global-header-display":"","ast-banner-title-visibility":"","ast-main-header-display":"","ast-hfb-above-header-display":"","ast-hfb-below-header-display":"","ast-hfb-mobile-header-display":"","site-post-title":"","ast-breadcrumbs-content":"","ast-featured-img":"","footer-sml-layout":"","ast-disable-related-posts":"","theme-transparent-header-meta":"default","adv-header-id-meta":"","stick-header-meta":"","header-above-stick-meta":"","header-main-stick-meta":"","header-below-stick-meta":"","astra-migrate-meta-layouts":"set","ast-page-background-enabled":"default","ast-page-background-meta":{"desktop":{"background-color":"var(--ast-global-color-5)","background-image":"","background-repeat":"repeat","background-position":"center center","background-size":"auto","background-attachment":"scroll","background-type":"","background-media":"","overlay-type":"","overlay-color":"","overlay-opacity":"","overlay-gradient":""},"tablet":{"background-color":"","background-image":"","background-repeat":"repeat","background-position":"center center","background-size":"auto","background-attachment":"scroll","background-type":"","background-media":"","overlay-type":"","overlay-color":"","overlay-opacity":"","overlay-gradient":""},"mobile":{"background-color":"","background-image":"","background-repeat":"repeat","background-position":"center center","background-size":"auto","background-attachment":"scroll","background-type":"","background-media":"","overlay-type":"","overlay-color":"","overlay-opacity":"","overlay-gradient":""}},"ast-content-background-meta":{"desktop":{"background-color":"var(--ast-global-color-4)","background-image":"","background-repeat":"repeat","background-position":"center center","background-size":"auto","background-attachment":"scroll","background-type":"","background-media":"","overlay-type":"","overlay-color":"","overlay-opacity":"","overlay-gradient":""},"tablet":{"background-color":"var(--ast-global-color-4)","background-image":"","background-repeat":"repeat","background-position":"center center","background-size":"auto","background-attachment":"scroll","background-type":"","background-media":"","overlay-type":"","overlay-color":"","overlay-opacity":"","overlay-gradient":""},"mobile":{"background-color":"var(--ast-global-color-4)","background-image":"","background-repeat":"repeat","background-position":"center center","background-size":"auto","background-attachment":"scroll","background-type":"","background-media":"","overlay-type":"","overlay-color":"","overlay-opacity":"","overlay-gradient":""}}},"product_brand":[],"product_cat":[18,34,15],"product_tag":[],"class_list":{"0":"post-4742","1":"product","2":"type-product","3":"status-publish","4":"has-post-thumbnail","6":"product_cat-fri-nedladdning","7":"product_cat-sv-a-r-projektet","8":"product_cat-bocker","9":"product_shipping_class-tung","10":"desktop-align-center","11":"tablet-align-left","12":"mobile-align-left","14":"first","15":"instock","16":"taxable","17":"shipping-taxable","18":"purchasable","19":"product-type-simple"},"_links":{"self":[{"href":"https:\/\/kkrva.se\/bookstore\/wp-json\/wp\/v2\/product\/4742","targetHints":{"allow":["GET"]}}],"collection":[{"href":"https:\/\/kkrva.se\/bookstore\/wp-json\/wp\/v2\/product"}],"about":[{"href":"https:\/\/kkrva.se\/bookstore\/wp-json\/wp\/v2\/types\/product"}],"wp:featuredmedia":[{"embeddable":true,"href":"https:\/\/kkrva.se\/bookstore\/wp-json\/wp\/v2\/media\/4613"}],"wp:attachment":[{"href":"https:\/\/kkrva.se\/bookstore\/wp-json\/wp\/v2\/media?parent=4742"}],"wp:term":[{"taxonomy":"product_brand","embeddable":true,"href":"https:\/\/kkrva.se\/bookstore\/wp-json\/wp\/v2\/product_brand?post=4742"},{"taxonomy":"product_cat","embeddable":true,"href":"https:\/\/kkrva.se\/bookstore\/wp-json\/wp\/v2\/product_cat?post=4742"},{"taxonomy":"product_tag","embeddable":true,"href":"https:\/\/kkrva.se\/bookstore\/wp-json\/wp\/v2\/product_tag?post=4742"}],"curies":[{"name":"wp","href":"https:\/\/api.w.org\/{rel}","templated":true}]}}