{"id":4717,"date":"2025-07-04T14:59:12","date_gmt":"2025-07-04T14:59:12","guid":{"rendered":"https:\/\/kkrva.se\/bookstore\/?post_type=product&#038;p=4717"},"modified":"2026-04-08T15:44:19","modified_gmt":"2026-04-08T15:44:19","slug":"kungl-krigsvetenskapsakademiens-arsbok-2024","status":"publish","type":"product","link":"https:\/\/kkrva.se\/bookstore\/produkt\/kungl-krigsvetenskapsakademiens-arsbok-2024\/","title":{"rendered":"Kungl Krigs&shy;veten&shy;skaps&shy;akademiens \u00c5rsbok 2024"},"content":{"rendered":"<h3>Kungl Krigsvetenskapsakademiens \u00c5rsbok 2024<\/h3>\n<p>Fr\u00e5n och med 2024 utger akademien en \u00e5rsbok. H\u00e4r hittar du intressanta och tidsaktuella intr\u00e4desanf\u00f6randen fr\u00e5n nyinvalda ledam\u00f6ter, en kvalificerad analys \u00f6ver den s\u00e4kerhetspolitiska\u00a0 utvecklingen samt en historisk tillbakablick fr\u00e5n decennierna kring akademiens tillkomst. Dessutom talen fr\u00e5n akademiens h\u00f6gtidsdag, bland andra av Statsminister Ulf Kristersson, samt information om akademiens verksamhet. S\u00e5ledes \u00e5tskilligt av l\u00e4sv\u00e4rde.<\/p>\n<p>Bilder i f\u00e4rgtryck.<br \/>\nFrakt inom Sverige ing\u00e5r i priset.<\/p>\n","protected":false},"excerpt":{"rendered":"<p>Redakt\u00f6r: Tommy Jeppsson<\/p>\n<p>Utgiven 2025 av Kungl Krigsvetenskapsakademien<br \/>\nISBN: 978-91-88581-50-1<\/p>\n<p>Tr\u00e5dbundet klotband med inlaga i f\u00e4rg<br \/>\nFormat 156*228 mm<br \/>\n262 sidor<\/p>\n","protected":false},"featured_media":4721,"template":"","meta":{"site-sidebar-layout":"default","site-content-layout":"","ast-site-content-layout":"default","site-content-style":"default","site-sidebar-style":"default","ast-global-header-display":"","ast-banner-title-visibility":"","ast-main-header-display":"","ast-hfb-above-header-display":"","ast-hfb-below-header-display":"","ast-hfb-mobile-header-display":"","site-post-title":"","ast-breadcrumbs-content":"","ast-featured-img":"","footer-sml-layout":"","ast-disable-related-posts":"","theme-transparent-header-meta":"default","adv-header-id-meta":"","stick-header-meta":"","header-above-stick-meta":"","header-main-stick-meta":"","header-below-stick-meta":"","astra-migrate-meta-layouts":"set","ast-page-background-enabled":"default","ast-page-background-meta":{"desktop":{"background-color":"var(--ast-global-color-5)","background-image":"","background-repeat":"repeat","background-position":"center center","background-size":"auto","background-attachment":"scroll","background-type":"","background-media":"","overlay-type":"","overlay-color":"","overlay-opacity":"","overlay-gradient":""},"tablet":{"background-color":"","background-image":"","background-repeat":"repeat","background-position":"center center","background-size":"auto","background-attachment":"scroll","background-type":"","background-media":"","overlay-type":"","overlay-color":"","overlay-opacity":"","overlay-gradient":""},"mobile":{"background-color":"","background-image":"","background-repeat":"repeat","background-position":"center center","background-size":"auto","background-attachment":"scroll","background-type":"","background-media":"","overlay-type":"","overlay-color":"","overlay-opacity":"","overlay-gradient":""}},"ast-content-background-meta":{"desktop":{"background-color":"var(--ast-global-color-4)","background-image":"","background-repeat":"repeat","background-position":"center center","background-size":"auto","background-attachment":"scroll","background-type":"","background-media":"","overlay-type":"","overlay-color":"","overlay-opacity":"","overlay-gradient":""},"tablet":{"background-color":"var(--ast-global-color-4)","background-image":"","background-repeat":"repeat","background-position":"center center","background-size":"auto","background-attachment":"scroll","background-type":"","background-media":"","overlay-type":"","overlay-color":"","overlay-opacity":"","overlay-gradient":""},"mobile":{"background-color":"var(--ast-global-color-4)","background-image":"","background-repeat":"repeat","background-position":"center center","background-size":"auto","background-attachment":"scroll","background-type":"","background-media":"","overlay-type":"","overlay-color":"","overlay-opacity":"","overlay-gradient":""}}},"product_brand":[],"product_cat":[15],"product_tag":[],"class_list":{"0":"post-4717","1":"product","2":"type-product","3":"status-publish","4":"has-post-thumbnail","6":"product_cat-bocker","7":"product_shipping_class-tung","8":"desktop-align-center","9":"tablet-align-left","10":"mobile-align-left","12":"first","13":"instock","14":"taxable","15":"shipping-taxable","16":"purchasable","17":"product-type-simple"},"_links":{"self":[{"href":"https:\/\/kkrva.se\/bookstore\/wp-json\/wp\/v2\/product\/4717","targetHints":{"allow":["GET"]}}],"collection":[{"href":"https:\/\/kkrva.se\/bookstore\/wp-json\/wp\/v2\/product"}],"about":[{"href":"https:\/\/kkrva.se\/bookstore\/wp-json\/wp\/v2\/types\/product"}],"wp:featuredmedia":[{"embeddable":true,"href":"https:\/\/kkrva.se\/bookstore\/wp-json\/wp\/v2\/media\/4721"}],"wp:attachment":[{"href":"https:\/\/kkrva.se\/bookstore\/wp-json\/wp\/v2\/media?parent=4717"}],"wp:term":[{"taxonomy":"product_brand","embeddable":true,"href":"https:\/\/kkrva.se\/bookstore\/wp-json\/wp\/v2\/product_brand?post=4717"},{"taxonomy":"product_cat","embeddable":true,"href":"https:\/\/kkrva.se\/bookstore\/wp-json\/wp\/v2\/product_cat?post=4717"},{"taxonomy":"product_tag","embeddable":true,"href":"https:\/\/kkrva.se\/bookstore\/wp-json\/wp\/v2\/product_tag?post=4717"}],"curies":[{"name":"wp","href":"https:\/\/api.w.org\/{rel}","templated":true}]}}