{"id":47,"date":"2017-06-15T17:35:48","date_gmt":"2017-06-15T17:35:48","guid":{"rendered":"https:\/\/kkrva.com\/bookstore\/?post_type=product&#038;p=47"},"modified":"2025-12-31T13:47:42","modified_gmt":"2025-12-31T13:47:42","slug":"det-digitaliserade-forsvaret","status":"publish","type":"product","link":"https:\/\/kkrva.se\/bookstore\/produkt\/det-digitaliserade-forsvaret\/","title":{"rendered":"Det digitaliserade f\u00f6rsvaret"},"content":{"rendered":"<h4><span class=\"lista_produkt\">Teknikutvecklingens p\u00e5verkan p\u00e5 f\u00f6rsvarsf\u00f6rm\u00e5gan<\/span><\/h4>\n<p>Digitaliseringen genomsyrar snart alla de moderna f\u00f6reteelser som p\u00e5verkar m\u00e4nniskors dagliga liv, vare sig det g\u00e4ller sociala medier, bilar, uppkopplade mobiler,\u201dsmarta hem\u201d eller andra innovationer som anv\u00e4nds f\u00f6r att vi ska f\u00e5 vardagen att fungera.<\/p>\n<p>Krigsvetenskapsakademien driver f\u00f6r n\u00e4rvarande projektet \u201dKrigsvetenskap i det 21:a \u00e5rhundradet\u201d med en bred ansats av analyser av bl\u00a0a omv\u00e4rldsutvecklingen, teknisk utveckling och det civila samh\u00e4llets s\u00e5rbarhet.<\/p>\n<p>Projektets syfte \u00e4r att finna metoder och teknik som kan \u00f6ka Sveriges motst\u00e5ndskraft och f\u00f6rm\u00e5ga att m\u00f6ta olika typer av framtida hot. Dessutom att f\u00f6resl\u00e5 \u00e5tg\u00e4rder f\u00f6r att m\u00f6ta de f\u00f6rv\u00e4ntningar som kommer att st\u00e4llas p\u00e5 ett nytt svenskt totalf\u00f6rsvar 10\u201115 \u00e5r in i framtiden.<\/p>\n<p>Boken utg\u00f6r en slutrapportering fr\u00e5n delstudien avseende teknisk utveckling. Den ger en inblick i teknik\u2011och samh\u00e4llsutvecklingen i stort och g\u00f6r nedslag i ett antal s\u00e4rskilt relevanta teknikomr\u00e5den. Ett b\u00e4rande budskap \u00e4r att ett lands f\u00f6rsvar m\u00e5ste utvecklas i balans med det omgivande samh\u00e4llet och speciellt med de innovationer och teknologier som v\u00e4xer fram. Boken lyfter framdigitaliseringen som det viktigaste f\u00f6r\u00e4ndringsverktyget\u2013f\u00f6r hela samh\u00e4llet s\u00e5v\u00e4l som f\u00f6r utvecklingen av nya v\u00e4lbeh\u00f6vliga f\u00f6rsvarsf\u00f6rm\u00e5gor.<\/p>\n","protected":false},"excerpt":{"rendered":"<p>Redakt\u00f6r: Mats Olofsson<\/p>\n<p>Utgiven 2017 av Kungl Krigsvetenskapsakademien<br \/>\nISBN 978-91-88581-02-0<\/p>\n<p>Mjukband<br \/>\nFormat 150*220 mm<br \/>\n136 sidor<\/p>\n<p><span style=\"color: #ff0000;\"><strong>Pdf-version<\/strong><\/span>\u00a0kan laddas ned\u00a0<strong>kostnadsfritt<\/strong>\u00a0p\u00e5\u00a0<a href=\"https:\/\/kkrva.se\/det-digitaliserade-forsvaret-2\/\" target=\"_blank\" rel=\"noopener\">akademiens hemsida \u00bb<\/a><\/p>\n","protected":false},"featured_media":48,"template":"","meta":{"site-sidebar-layout":"default","site-content-layout":"","ast-site-content-layout":"default","site-content-style":"default","site-sidebar-style":"default","ast-global-header-display":"","ast-banner-title-visibility":"","ast-main-header-display":"","ast-hfb-above-header-display":"","ast-hfb-below-header-display":"","ast-hfb-mobile-header-display":"","site-post-title":"","ast-breadcrumbs-content":"","ast-featured-img":"","footer-sml-layout":"","ast-disable-related-posts":"","theme-transparent-header-meta":"default","adv-header-id-meta":"","stick-header-meta":"","header-above-stick-meta":"","header-main-stick-meta":"","header-below-stick-meta":"","astra-migrate-meta-layouts":"set","ast-page-background-enabled":"default","ast-page-background-meta":{"desktop":{"background-color":"var(--ast-global-color-5)","background-image":"","background-repeat":"repeat","background-position":"center center","background-size":"auto","background-attachment":"scroll","background-type":"","background-media":"","overlay-type":"","overlay-color":"","overlay-opacity":"","overlay-gradient":""},"tablet":{"background-color":"","background-image":"","background-repeat":"repeat","background-position":"center center","background-size":"auto","background-attachment":"scroll","background-type":"","background-media":"","overlay-type":"","overlay-color":"","overlay-opacity":"","overlay-gradient":""},"mobile":{"background-color":"","background-image":"","background-repeat":"repeat","background-position":"center center","background-size":"auto","background-attachment":"scroll","background-type":"","background-media":"","overlay-type":"","overlay-color":"","overlay-opacity":"","overlay-gradient":""}},"ast-content-background-meta":{"desktop":{"background-color":"var(--ast-global-color-4)","background-image":"","background-repeat":"repeat","background-position":"center center","background-size":"auto","background-attachment":"scroll","background-type":"","background-media":"","overlay-type":"","overlay-color":"","overlay-opacity":"","overlay-gradient":""},"tablet":{"background-color":"var(--ast-global-color-4)","background-image":"","background-repeat":"repeat","background-position":"center center","background-size":"auto","background-attachment":"scroll","background-type":"","background-media":"","overlay-type":"","overlay-color":"","overlay-opacity":"","overlay-gradient":""},"mobile":{"background-color":"var(--ast-global-color-4)","background-image":"","background-repeat":"repeat","background-position":"center center","background-size":"auto","background-attachment":"scroll","background-type":"","background-media":"","overlay-type":"","overlay-color":"","overlay-opacity":"","overlay-gradient":""}}},"product_brand":[],"product_cat":[18,33],"product_tag":[],"class_list":{"0":"post-47","1":"product","2":"type-product","3":"status-publish","4":"has-post-thumbnail","6":"product_cat-fri-nedladdning","7":"product_cat-kv21","8":"product_shipping_class-latt","9":"desktop-align-center","10":"tablet-align-left","11":"mobile-align-left","13":"first","14":"instock","15":"taxable","16":"shipping-taxable","17":"purchasable","18":"product-type-simple"},"_links":{"self":[{"href":"https:\/\/kkrva.se\/bookstore\/wp-json\/wp\/v2\/product\/47","targetHints":{"allow":["GET"]}}],"collection":[{"href":"https:\/\/kkrva.se\/bookstore\/wp-json\/wp\/v2\/product"}],"about":[{"href":"https:\/\/kkrva.se\/bookstore\/wp-json\/wp\/v2\/types\/product"}],"wp:featuredmedia":[{"embeddable":true,"href":"https:\/\/kkrva.se\/bookstore\/wp-json\/wp\/v2\/media\/48"}],"wp:attachment":[{"href":"https:\/\/kkrva.se\/bookstore\/wp-json\/wp\/v2\/media?parent=47"}],"wp:term":[{"taxonomy":"product_brand","embeddable":true,"href":"https:\/\/kkrva.se\/bookstore\/wp-json\/wp\/v2\/product_brand?post=47"},{"taxonomy":"product_cat","embeddable":true,"href":"https:\/\/kkrva.se\/bookstore\/wp-json\/wp\/v2\/product_cat?post=47"},{"taxonomy":"product_tag","embeddable":true,"href":"https:\/\/kkrva.se\/bookstore\/wp-json\/wp\/v2\/product_tag?post=47"}],"curies":[{"name":"wp","href":"https:\/\/api.w.org\/{rel}","templated":true}]}}