{"id":4648,"date":"2025-05-13T14:40:49","date_gmt":"2025-05-13T14:40:49","guid":{"rendered":"https:\/\/kkrva.se\/bookstore\/?post_type=product&#038;p=4648"},"modified":"2026-04-08T15:00:02","modified_gmt":"2026-04-08T15:00:02","slug":"ett-folkforankrat-totalforsvar","status":"publish","type":"product","link":"https:\/\/kkrva.se\/bookstore\/produkt\/ett-folkforankrat-totalforsvar\/","title":{"rendered":"Ett folkf\u00f6rankrat Totalf\u00f6rsvar"},"content":{"rendered":"<p><em>Akademiens ledamot Anna Wieslander skriver i f\u00f6rordet:<\/em><\/p>\n<blockquote><p>F\u00f6r Sverige har det kraftigt f\u00f6rs\u00e4mrade omv\u00e4rldsl\u00e4get inneburit en grundl\u00e4ggande oml\u00e4ggning av svensk s\u00e4kerhetspolitik. Sedan den 7 mars 2024 \u00e4r Sverige medlem i v\u00e4rldens m\u00e4ktigaste f\u00f6rsvarsallians Nato. Tillsammans med 31 andra l\u00e4nder i v\u00e4st \u00e4r Sveriges nya uppgift att skydda en miljard m\u00e4nniskor fr\u00e5n krigets fasor genom framg\u00e5ngsrik avskr\u00e4ckning. Samh\u00e4llets f\u00f6rm\u00e5ga att komma samman och motst\u00e5 p\u00e5frestningar \u00e4r en central komponent i detta, tillsammans med ett starkt milit\u00e4rt f\u00f6rsvar.<\/p>\n<p>Att f\u00f6rankra f\u00f6rsvaret hos den svenska befolkningen utifr\u00e5n r\u00e5dande omv\u00e4rldsl\u00e4ge har d\u00e4rf\u00f6r tv\u00e5 dimensioner. Den ena \u00e4r att g\u00f6ra det samtidigt som vi st\u00e4rker och utvecklar v\u00e5r tradition av ett totalf\u00f6rsvar som omfattar b\u00e5de det milit\u00e4ra och det civila. Den andra dimensionen \u00e4r att den svenska mentaliteten och strategiska traditionen radikalt ska f\u00f6r\u00e4ndras: fr\u00e5n att t\u00e4nka nationellt och begr\u00e4nsat till att t\u00e4nka kollektivt och l\u00e5ngt bortanf\u00f6r Sveriges egna gr\u00e4nser.<\/p><\/blockquote>\n<h3>Boken inneh\u00e5ller f\u00f6ljande artiklar:<\/h3>\n<p>F\u00f6rord \u2013 \u201dEtt folkf\u00f6rankrat totalf\u00f6rsvar\u201d av Anna Wieslander<br \/>\nProlog: Folkf\u00f6rankringen startar med det demokratiska samtalet av Minou Sadeghpour<br \/>\nHur kan politiken bidra till folkf\u00f6rankringen av totalf\u00f6rsvaret? av Hanna Gunnarsson<br \/>\nF\u00f6rsvarsutskottet och dess roll i att st\u00e4rka Sveriges f\u00f6rsvarsvilja av Alexandra Anstrell<br \/>\nFolkf\u00f6rankring \u2013 politik, ungdomar och f\u00f6rsvarsvilja av Tobias Andersson<br \/>\nF\u00f6rsvarsmaktens roll i ett folk\u00adf\u00f6rankrat totalf\u00f6rsvar av Michael Claesson<br \/>\nErfarenheter av pliktprocessen och den \u00e5teraktiverade v\u00e4rnplikten samt \u00e5teruppbyggnaden av totalf\u00f6rsvaret \u2013 f\u00f6rsvarsvilja och folkf\u00f6rankring av Christina Malm<br \/>\nHur kan Kungl Krigsveten\u00adskapsakademien bidra till folkf\u00f6rankringen av totalf\u00f6rsvaret? av Bj\u00f6rn K\u00f6rlof<br \/>\nMedias roll i ett folkf\u00f6rankrat f\u00f6rsvar av Susanna Kierkegaard<br \/>\nTotalf\u00f6rsvarets folkf\u00f6rankring i Finland av Anders Gardberg<br \/>\nFolkf\u00f6rankring \u2013 en f\u00f6ruts\u00e4ttning f\u00f6r nationell motst\u00e5ndskraft av Minou Sadeghpour<\/p>\n<p>&nbsp;<\/p>\n","protected":false},"excerpt":{"rendered":"<p>Redakt\u00f6rer: Tommy Jeppsson och Minou Sadeghpour<\/p>\n<p>Utgiven 2025 av Kungl Krigsvetenskapsakademien och Allm\u00e4nna F\u00f6rsvarsf\u00f6reningen<br \/>\nISBN: 978-91-88581-48-8 (tryckt)<br \/>\nISBN: 978-91-88581-49-5 (pdf)<\/p>\n<p>Format 150*220 mm<br \/>\n124 sidor<\/p>\n<p><span style=\"color: #ff0000;\"><strong>Pdf-version<\/strong><\/span>\u00a0kan laddas ned\u00a0<strong>kostnadsfritt<\/strong>\u00a0p\u00e5\u00a0<a href=\"https:\/\/kkrva.se\/ett-folkforankrat-totalforsvar\/\" target=\"_blank\" rel=\"noopener\">akademiens hemsida \u00bb<\/a><\/p>\n<p><strong>Tryckt version<\/strong> \u00e4r slut.<\/p>\n","protected":false},"featured_media":4646,"template":"","meta":{"site-sidebar-layout":"default","site-content-layout":"","ast-site-content-layout":"default","site-content-style":"default","site-sidebar-style":"default","ast-global-header-display":"","ast-banner-title-visibility":"","ast-main-header-display":"","ast-hfb-above-header-display":"","ast-hfb-below-header-display":"","ast-hfb-mobile-header-display":"","site-post-title":"","ast-breadcrumbs-content":"","ast-featured-img":"","footer-sml-layout":"","ast-disable-related-posts":"","theme-transparent-header-meta":"default","adv-header-id-meta":"","stick-header-meta":"","header-above-stick-meta":"","header-main-stick-meta":"","header-below-stick-meta":"","astra-migrate-meta-layouts":"set","ast-page-background-enabled":"default","ast-page-background-meta":{"desktop":{"background-color":"var(--ast-global-color-5)","background-image":"","background-repeat":"repeat","background-position":"center center","background-size":"auto","background-attachment":"scroll","background-type":"","background-media":"","overlay-type":"","overlay-color":"","overlay-opacity":"","overlay-gradient":""},"tablet":{"background-color":"","background-image":"","background-repeat":"repeat","background-position":"center center","background-size":"auto","background-attachment":"scroll","background-type":"","background-media":"","overlay-type":"","overlay-color":"","overlay-opacity":"","overlay-gradient":""},"mobile":{"background-color":"","background-image":"","background-repeat":"repeat","background-position":"center center","background-size":"auto","background-attachment":"scroll","background-type":"","background-media":"","overlay-type":"","overlay-color":"","overlay-opacity":"","overlay-gradient":""}},"ast-content-background-meta":{"desktop":{"background-color":"var(--ast-global-color-4)","background-image":"","background-repeat":"repeat","background-position":"center center","background-size":"auto","background-attachment":"scroll","background-type":"","background-media":"","overlay-type":"","overlay-color":"","overlay-opacity":"","overlay-gradient":""},"tablet":{"background-color":"var(--ast-global-color-4)","background-image":"","background-repeat":"repeat","background-position":"center center","background-size":"auto","background-attachment":"scroll","background-type":"","background-media":"","overlay-type":"","overlay-color":"","overlay-opacity":"","overlay-gradient":""},"mobile":{"background-color":"var(--ast-global-color-4)","background-image":"","background-repeat":"repeat","background-position":"center center","background-size":"auto","background-attachment":"scroll","background-type":"","background-media":"","overlay-type":"","overlay-color":"","overlay-opacity":"","overlay-gradient":""}}},"product_brand":[],"product_cat":[18],"product_tag":[],"class_list":{"0":"post-4648","1":"product","2":"type-product","3":"status-publish","4":"has-post-thumbnail","6":"product_cat-fri-nedladdning","7":"product_shipping_class-latt","8":"desktop-align-center","9":"tablet-align-left","10":"mobile-align-left","12":"first","13":"instock","14":"taxable","15":"shipping-taxable","16":"product-type-simple"},"_links":{"self":[{"href":"https:\/\/kkrva.se\/bookstore\/wp-json\/wp\/v2\/product\/4648","targetHints":{"allow":["GET"]}}],"collection":[{"href":"https:\/\/kkrva.se\/bookstore\/wp-json\/wp\/v2\/product"}],"about":[{"href":"https:\/\/kkrva.se\/bookstore\/wp-json\/wp\/v2\/types\/product"}],"wp:featuredmedia":[{"embeddable":true,"href":"https:\/\/kkrva.se\/bookstore\/wp-json\/wp\/v2\/media\/4646"}],"wp:attachment":[{"href":"https:\/\/kkrva.se\/bookstore\/wp-json\/wp\/v2\/media?parent=4648"}],"wp:term":[{"taxonomy":"product_brand","embeddable":true,"href":"https:\/\/kkrva.se\/bookstore\/wp-json\/wp\/v2\/product_brand?post=4648"},{"taxonomy":"product_cat","embeddable":true,"href":"https:\/\/kkrva.se\/bookstore\/wp-json\/wp\/v2\/product_cat?post=4648"},{"taxonomy":"product_tag","embeddable":true,"href":"https:\/\/kkrva.se\/bookstore\/wp-json\/wp\/v2\/product_tag?post=4648"}],"curies":[{"name":"wp","href":"https:\/\/api.w.org\/{rel}","templated":true}]}}