{"id":4556,"date":"2025-02-10T10:49:42","date_gmt":"2025-02-10T10:49:42","guid":{"rendered":"https:\/\/kkrva.se\/bookstore\/?post_type=product&#038;p=4556"},"modified":"2026-04-08T15:44:19","modified_gmt":"2026-04-08T15:44:19","slug":"militarhistorisk-tidskrift-2024","status":"publish","type":"product","link":"https:\/\/kkrva.se\/bookstore\/produkt\/militarhistorisk-tidskrift-2024\/","title":{"rendered":"Milit\u00e4rhistorisk Tidskrift 2024"},"content":{"rendered":"<p>F\u00f6rord av Bj\u00f6rn K\u00f6rlof (avg\u00e5ende redakt\u00f6r)<br \/>\nF\u00f6rord av Thomas Roth (ny redakt\u00f6r fr o m detta \u00e5r)<\/p>\n<h4>Tidskrift<\/h4>\n<p><strong>Small in size, yet a key player in military and societal development.<\/strong> The Swedish Military Survey Corps 1805\u20131831 <em>by Maria Gussarsson<\/em><br \/>\n<strong>The Words of Command Practised in the regiment.<\/strong> The Military Instructions of Colonel Sir Johan Skytte of Duderhof, 1634\u20131636 <em>by Steve Murdoch<\/em><br \/>\n<strong>Nobel\u2019s long-distance correspondence led to gunpowder startup in Karlskoga<\/strong> \u2013 It would be great to see old Sweden rivalling arms producers like Germany and England <em>by Cecilia Beckmann<\/em><\/p>\n<h4>Analys &amp; perspektiv<\/h4>\n<p><strong>Den egensinnige bataljonspastorn<\/strong> i Det Finska Kriget 1808\u20131809 <em>av Olof Holm och Lisbeth Svengren Holm<\/em><br \/>\n<strong>Amiral de Grasse och USAs sj\u00e4lvst\u00e4ndighet.<\/strong> Verkligheten till sj\u00f6ss \u2013 s\u00e5 l\u00e5ngt fr\u00e5n teorierna <em>av Lars Wedin<\/em><br \/>\n<strong>Folkf\u00f6rsvaret reser till Balkan:<\/strong> personalf\u00f6rs\u00f6rjning och milit\u00e4r kultur i BA 01\u201303 a<em>v Fredrik Thisner<\/em><br \/>\n<strong>Milit\u00e4r g\u00e5rdag \u00e5terspeglad genom litteraturen<\/strong> <em>av Anders Bj\u00f6rnsson<\/em><br \/>\n<strong>Corking the Baltic:<\/strong> Danish defence and Swedish neutrality during the Cold War <em>by Iben Bj\u00f8rnsson<\/em><\/p>\n<h4>Bokrecensioner<\/h4>\n<p><strong>De osynliga \u2013<\/strong> Det hade vi ingen aning om \u2013 f\u00f6rr\u00e4n det var f\u00f6r sent a<em>v Wictor Phal\u00e9n<\/em><br \/>\n<strong>Baltikums befrielse<\/strong> \u2013 De baltiska l\u00e4ndernas sj\u00e4lvst\u00e4ndighetskamp i f\u00f6rsta v\u00e4rldskrigets k\u00f6lvatten <em>av Rasmus Marjanen<\/em><br \/>\n<strong>Victory to defeat: The British Army 1918\u201340<\/strong> \u2013 Krigets l\u00e4rdomar bortgl\u00f6mda i fred. Brittiska arm\u00e9n under mellankrigstiden <em>av Johan Enegren<\/em><br \/>\n<strong>Krigsmaskineriet. Kriget, f\u00f6ruts\u00e4ttningarna och konsekvenserna ca 1780\u20131820<\/strong> \u2013 Recension av <em>av Magnus Perlestam<\/em><br \/>\n<strong>Fanor och standar (flera titlar utgivna av Svenska Vapenhistoriska S\u00e4llskapet)<\/strong> \u2013 Ett storverk om svenska f\u00e4lttecken <em>av Lars Ericson Wolke<\/em><br \/>\n<strong>King\u2019s faithful servants. Refugees from Sweden and Finland in Poland-Lithuania in 1598\u20131655<\/strong> \u2013 Det svenska inb\u00f6rdeskrigets efterb\u00f6rd sedd med polska \u00f6gon <em>av Lars Ericson Wolke<\/em><\/p>\n","protected":false},"excerpt":{"rendered":"<p>redakt\u00f6r Bj\u00f6rn K\u00f6rlof och Thomas Roth<\/p>\n<p>Utgiven 2024 av Kungl Krigsvetenskapsakademien i samarbete med F\u00f6rsvarsh\u00f6gskolan<br \/>\nISSN 0283-8400<\/p>\n<p>Mjukband<br \/>\nFormat 165*242 mm<br \/>\n198 sidor<\/p>\n<p><span style=\"color: #ff0000;\"><strong>Pdf-version<\/strong><\/span>\u00a0kan laddas ned\u00a0<strong>kostnadsfritt<\/strong>\u00a0p\u00e5\u00a0<a href=\"https:\/\/kkrva.se\/militarhistorisk-tidskrift-2024\/\" target=\"_blank\" rel=\"noopener\">akademiens hemsida \u00bb<\/a><\/p>\n","protected":false},"featured_media":4557,"template":"","meta":{"site-sidebar-layout":"default","site-content-layout":"","ast-site-content-layout":"default","site-content-style":"default","site-sidebar-style":"default","ast-global-header-display":"","ast-banner-title-visibility":"","ast-main-header-display":"","ast-hfb-above-header-display":"","ast-hfb-below-header-display":"","ast-hfb-mobile-header-display":"","site-post-title":"","ast-breadcrumbs-content":"","ast-featured-img":"","footer-sml-layout":"","ast-disable-related-posts":"","theme-transparent-header-meta":"default","adv-header-id-meta":"","stick-header-meta":"","header-above-stick-meta":"","header-main-stick-meta":"","header-below-stick-meta":"","astra-migrate-meta-layouts":"set","ast-page-background-enabled":"default","ast-page-background-meta":{"desktop":{"background-color":"var(--ast-global-color-5)","background-image":"","background-repeat":"repeat","background-position":"center center","background-size":"auto","background-attachment":"scroll","background-type":"","background-media":"","overlay-type":"","overlay-color":"","overlay-opacity":"","overlay-gradient":""},"tablet":{"background-color":"","background-image":"","background-repeat":"repeat","background-position":"center center","background-size":"auto","background-attachment":"scroll","background-type":"","background-media":"","overlay-type":"","overlay-color":"","overlay-opacity":"","overlay-gradient":""},"mobile":{"background-color":"","background-image":"","background-repeat":"repeat","background-position":"center center","background-size":"auto","background-attachment":"scroll","background-type":"","background-media":"","overlay-type":"","overlay-color":"","overlay-opacity":"","overlay-gradient":""}},"ast-content-background-meta":{"desktop":{"background-color":"var(--ast-global-color-4)","background-image":"","background-repeat":"repeat","background-position":"center center","background-size":"auto","background-attachment":"scroll","background-type":"","background-media":"","overlay-type":"","overlay-color":"","overlay-opacity":"","overlay-gradient":""},"tablet":{"background-color":"var(--ast-global-color-4)","background-image":"","background-repeat":"repeat","background-position":"center center","background-size":"auto","background-attachment":"scroll","background-type":"","background-media":"","overlay-type":"","overlay-color":"","overlay-opacity":"","overlay-gradient":""},"mobile":{"background-color":"var(--ast-global-color-4)","background-image":"","background-repeat":"repeat","background-position":"center center","background-size":"auto","background-attachment":"scroll","background-type":"","background-media":"","overlay-type":"","overlay-color":"","overlay-opacity":"","overlay-gradient":""}}},"product_brand":[],"product_cat":[29,30],"product_tag":[],"class_list":{"0":"post-4556","1":"product","2":"type-product","3":"status-publish","4":"has-post-thumbnail","6":"product_cat-militarhistorisk-tidskrift","7":"product_cat-tidskrifter","8":"product_shipping_class-latt","9":"desktop-align-center","10":"tablet-align-left","11":"mobile-align-left","13":"first","14":"instock","15":"taxable","16":"shipping-taxable","17":"purchasable","18":"product-type-simple"},"_links":{"self":[{"href":"https:\/\/kkrva.se\/bookstore\/wp-json\/wp\/v2\/product\/4556","targetHints":{"allow":["GET"]}}],"collection":[{"href":"https:\/\/kkrva.se\/bookstore\/wp-json\/wp\/v2\/product"}],"about":[{"href":"https:\/\/kkrva.se\/bookstore\/wp-json\/wp\/v2\/types\/product"}],"wp:featuredmedia":[{"embeddable":true,"href":"https:\/\/kkrva.se\/bookstore\/wp-json\/wp\/v2\/media\/4557"}],"wp:attachment":[{"href":"https:\/\/kkrva.se\/bookstore\/wp-json\/wp\/v2\/media?parent=4556"}],"wp:term":[{"taxonomy":"product_brand","embeddable":true,"href":"https:\/\/kkrva.se\/bookstore\/wp-json\/wp\/v2\/product_brand?post=4556"},{"taxonomy":"product_cat","embeddable":true,"href":"https:\/\/kkrva.se\/bookstore\/wp-json\/wp\/v2\/product_cat?post=4556"},{"taxonomy":"product_tag","embeddable":true,"href":"https:\/\/kkrva.se\/bookstore\/wp-json\/wp\/v2\/product_tag?post=4556"}],"curies":[{"name":"wp","href":"https:\/\/api.w.org\/{rel}","templated":true}]}}