{"id":4343,"date":"2024-05-30T07:02:03","date_gmt":"2024-05-30T07:02:03","guid":{"rendered":"https:\/\/kkrva.se\/bookstore\/?post_type=product&#038;p=4343"},"modified":"2025-12-31T13:39:29","modified_gmt":"2025-12-31T13:39:29","slug":"forstudie-projekt-sv-a-r-sverige-avskrackning-resiliens-i-nato-och-eu","status":"publish","type":"product","link":"https:\/\/kkrva.se\/bookstore\/produkt\/forstudie-projekt-sv-a-r-sverige-avskrackning-resiliens-i-nato-och-eu\/","title":{"rendered":"F\u00f6rstudie Projekt SV-A-R"},"content":{"rendered":"<p>Krigsvetenskapsakademiens projekt SV-A-R 2023-2025 har ett syfte som illustreras av f\u00f6rkortningen d\u00e4r SV st\u00e5r f\u00f6r Sverige, A f\u00f6r avskr\u00e4ckning och R f\u00f6r Resiliens. Tankstrecken symboliserar behovet av uth\u00e5llighet \u00f6ver tid och tematisk synergi i spektret fr\u00e5n fred till krig. I den s\u00e4kerhetspolitiska situation som Sverige befinner sig i som medlem av Nato och EU \u00e4r det n\u00f6dv\u00e4ndigt att \u00e4gna mycket kraft \u00e5t att f\u00f6rst\u00e5 omv\u00e4rlden.<\/p>\n<p>Med h\u00e4nsyn till det snabbt f\u00f6r\u00e4ndrade omv\u00e4rldsl\u00e4get har behovet av en f\u00f6rstudie varit uppenbar. Den publiceras i perioden mellan f\u00f6rsvarsberedningens fj\u00e4rde rapport och ett f\u00f6rest\u00e5ende historiskt f\u00f6rsvarsbeslut i Sverige som ett bidrag till en bredare \u00f6verblick \u00f6ver de utmaningar som Sverige st\u00e5r inf\u00f6r. Projektet s\u00f6ker motverka t\u00e4nkande i stupr\u00f6r genom att inte vara organiserat i avdelningsvis avgr\u00e4nsade delprojekt.<\/p>\n<p>Ett antal av Krigsvetenskaps\u00adakademiens mest erfarna ledam\u00f6ter har p\u00e5tagit sig uppgiften att animera diskussionen om avskr\u00e4ckning och motst\u00e5ndskraft fr\u00e5n olika perspektiv och med starka kopplingar mellan de olika arbetsomr\u00e5dena, som i sin tur redan initierat flera viktiga delstudier. Akademien har i tidigare projekt, KV21 och SES , fokuserat p\u00e5 vad det svenska f\u00f6rsvaret beh\u00f6ver f\u00e5 f\u00f6r att kunna bygga tillr\u00e4cklig f\u00f6rm\u00e5ga. SES utmynnade i en slutrapport, <em>P\u00e5 allvar \u2013 svensk s\u00e4kerhetspolitik i of\u00e4rdstider,<\/em> som sammanfattade ett tiotal rapporter inom detta projekt.<\/p>\n<p>Projektet SV-A-R kommer, ut\u00f6ver fr\u00e5gan om milit\u00e4r och civil f\u00f6rm\u00e5geuppbyggnad i samband med Sveriges integration i Nato, att analysera andra viktiga faktorer av betydelse f\u00f6r v\u00e5r s\u00e4kerhet. Det beror p\u00e5 att ocks\u00e5 Nato p\u00e5verkas, ut\u00f6ver omv\u00e4rldsutvecklingen och fundamentala milstolpar i den s\u00e4kerhetspolitiska utvecklingen, av inrikespolitiska h\u00e4ndelser \u2013 n\u00e4rmast av Europavalet v\u00e5ren 2024 och det amerikanska presidentvalet i november innevarande \u00e5r. K\u00e4rnvapenhotet inger ocks\u00e5 s\u00e4rskild oro.<\/p>\n","protected":false},"excerpt":{"rendered":"<p>Redakt\u00f6rer: Lars-Erik Lundin<\/p>\n<p>Utgiven 2024 av Kungl Krigsvetenskapsakademien<br \/>\nISBN 978-91-88581-42-6 (pdf)<br \/>\nISBN 978-91-88581-41-9 (tryckt)<\/p>\n<p>Digitalt dokument<br \/>\nFormat 150*220 mm<br \/>\n100 sidor<\/p>\n<p><span style=\"color: #ff0000;\"><strong>Pdf-version<\/strong><\/span>\u00a0kan laddas ned\u00a0<strong>kostnadsfritt<\/strong>\u00a0p\u00e5\u00a0<a href=\"https:\/\/kkrva.se\/marina-framtidstankar\/\" target=\"_blank\" rel=\"noopener\">akademiens hemsida \u00bb<\/a><\/p>\n","protected":false},"featured_media":4344,"template":"","meta":{"site-sidebar-layout":"default","site-content-layout":"","ast-site-content-layout":"default","site-content-style":"default","site-sidebar-style":"default","ast-global-header-display":"","ast-banner-title-visibility":"","ast-main-header-display":"","ast-hfb-above-header-display":"","ast-hfb-below-header-display":"","ast-hfb-mobile-header-display":"","site-post-title":"","ast-breadcrumbs-content":"","ast-featured-img":"","footer-sml-layout":"","ast-disable-related-posts":"","theme-transparent-header-meta":"","adv-header-id-meta":"","stick-header-meta":"","header-above-stick-meta":"","header-main-stick-meta":"","header-below-stick-meta":"","astra-migrate-meta-layouts":"default","ast-page-background-enabled":"default","ast-page-background-meta":{"desktop":{"background-color":"var(--ast-global-color-5)","background-image":"","background-repeat":"repeat","background-position":"center center","background-size":"auto","background-attachment":"scroll","background-type":"","background-media":"","overlay-type":"","overlay-color":"","overlay-opacity":"","overlay-gradient":""},"tablet":{"background-color":"","background-image":"","background-repeat":"repeat","background-position":"center center","background-size":"auto","background-attachment":"scroll","background-type":"","background-media":"","overlay-type":"","overlay-color":"","overlay-opacity":"","overlay-gradient":""},"mobile":{"background-color":"","background-image":"","background-repeat":"repeat","background-position":"center center","background-size":"auto","background-attachment":"scroll","background-type":"","background-media":"","overlay-type":"","overlay-color":"","overlay-opacity":"","overlay-gradient":""}},"ast-content-background-meta":{"desktop":{"background-color":"var(--ast-global-color-4)","background-image":"","background-repeat":"repeat","background-position":"center center","background-size":"auto","background-attachment":"scroll","background-type":"","background-media":"","overlay-type":"","overlay-color":"","overlay-opacity":"","overlay-gradient":""},"tablet":{"background-color":"var(--ast-global-color-4)","background-image":"","background-repeat":"repeat","background-position":"center center","background-size":"auto","background-attachment":"scroll","background-type":"","background-media":"","overlay-type":"","overlay-color":"","overlay-opacity":"","overlay-gradient":""},"mobile":{"background-color":"var(--ast-global-color-4)","background-image":"","background-repeat":"repeat","background-position":"center center","background-size":"auto","background-attachment":"scroll","background-type":"","background-media":"","overlay-type":"","overlay-color":"","overlay-opacity":"","overlay-gradient":""}}},"product_brand":[],"product_cat":[18,34],"product_tag":[],"class_list":{"0":"post-4343","1":"product","2":"type-product","3":"status-publish","4":"has-post-thumbnail","6":"product_cat-fri-nedladdning","7":"product_cat-sv-a-r-projektet","8":"desktop-align-center","9":"tablet-align-left","10":"mobile-align-left","12":"first","13":"instock","14":"downloadable","15":"virtual","16":"sold-individually","17":"taxable","18":"product-type-simple"},"_links":{"self":[{"href":"https:\/\/kkrva.se\/bookstore\/wp-json\/wp\/v2\/product\/4343","targetHints":{"allow":["GET"]}}],"collection":[{"href":"https:\/\/kkrva.se\/bookstore\/wp-json\/wp\/v2\/product"}],"about":[{"href":"https:\/\/kkrva.se\/bookstore\/wp-json\/wp\/v2\/types\/product"}],"wp:featuredmedia":[{"embeddable":true,"href":"https:\/\/kkrva.se\/bookstore\/wp-json\/wp\/v2\/media\/4344"}],"wp:attachment":[{"href":"https:\/\/kkrva.se\/bookstore\/wp-json\/wp\/v2\/media?parent=4343"}],"wp:term":[{"taxonomy":"product_brand","embeddable":true,"href":"https:\/\/kkrva.se\/bookstore\/wp-json\/wp\/v2\/product_brand?post=4343"},{"taxonomy":"product_cat","embeddable":true,"href":"https:\/\/kkrva.se\/bookstore\/wp-json\/wp\/v2\/product_cat?post=4343"},{"taxonomy":"product_tag","embeddable":true,"href":"https:\/\/kkrva.se\/bookstore\/wp-json\/wp\/v2\/product_tag?post=4343"}],"curies":[{"name":"wp","href":"https:\/\/api.w.org\/{rel}","templated":true}]}}