{"id":4053,"date":"2023-12-16T13:27:56","date_gmt":"2023-12-16T13:27:56","guid":{"rendered":"https:\/\/kkrva.se\/bookstore\/?post_type=product&#038;p=4053"},"modified":"2026-01-25T12:05:08","modified_gmt":"2026-01-25T12:05:08","slug":"militarhistorisk-tidskrift-2023","status":"publish","type":"product","link":"https:\/\/kkrva.se\/bookstore\/produkt\/militarhistorisk-tidskrift-2023\/","title":{"rendered":"Milit\u00e4rhistorisk Tidskrift 2023"},"content":{"rendered":"<p>\u00c5rets utg\u00e5va av Milit\u00e4rhistorisk Tidskrift bjuder p\u00e5 mycket varierande inslag av historiska belysningar med viktiga kunskapsm\u00e4ssiga milit\u00e4ra anknytningar.<\/p>\n<p>Tv\u00e5 artiklar handlar om v\u00e4rnpliktsfr\u00e5gor. Den ena \u00e4r skriven av docenten Fia Sundevall, fil mag och doktoranden Therese Christofersson och fil mag Karla Jonsson och handlar om de intensiva f\u00f6rs\u00f6ken som vidtogs f\u00f6r att s\u00f6ka \u00f6ka andelen kvinnliga m\u00f6nstrande och kvinnliga soldater och officerare i det svenska f\u00f6rsvaret mellan 1980 och 2020.<\/p>\n<p>Den andra \u00e4r skriven av den tidigare milit\u00e4r\u00f6verpsykologen Kristina Pollack och handlar om hur det svenska m\u00f6nstringssystemet successivt kom att utveckla allt b\u00e4ttre psykologiska pr\u00f6vningsinstrument i syfte att \u201dfinmejsla\u201d uttaget av v\u00e4rnpliktiga till r\u00e4tt befattning i F\u00f6rsvarsmaktens krigsorganisation.<\/p>\n<p>Jakob Stridsman skriver en mycket intressant artikel om hur Koreakriget kom att \u00e5siktsm\u00e4ssigt ta sig uttryck i svensk tidningsdebatt under b\u00f6rjan av 1950-talet.<\/p>\n<p>Professor Steve Murdoch och Kathrin Zickermann, b\u00e5da verksamma vid F\u00f6rsvarsh\u00f6gskolan, skriver om ett omdiskuterat slag, slaget vid Lembo 1638, som involverade svenska stridskrafter.<\/p>\n<p>Den mi\u00adli\u00adt\u00e4rhistoriske skribenten Marco Smedberg skildrar i samarbete med G\u00f6ran Larson det Sk\u00e5nska kavalleriet, vars utveckling sedan Sk\u00e5ne blev svenskt, \u00e4r h\u00f6gintressant milit\u00e4rhistoria b\u00e5de fr\u00e5n rent milit\u00e4ra utg\u00e5ngspunkter men inte minst ocks\u00e5 som ett led i Sk\u00e5nes inlemmande i Sverige som en viktig del av det svenska imperiet.<\/p>\n<p>Artikelserien avslutas med en mer modern historisk skildring av luftkrigets doktrin\u00adutveckling sedd fr\u00e5n en svensk horisont. Artikeln \u00e4r skriven av \u00f6verstel\u00f6jtnant Stefan Ring med flygvapenbakgrund, l\u00e4nge verksam som strategil\u00e4rare vid F\u00f6rsvarsh\u00f6gskolan.<\/p>\n<p>D\u00e4rtill \u00e4r tre intressanta b\u00f6cker recenserade. Den f\u00f6rsta handlar om Karl X Gustafs krig i Polen och \u00e4r skriven av en polsk historiker som granskar den k\u00e4nde r\u00e4ttsl\u00e4rde Samuel Pufendorfs skildring av detta krig. Recensent \u00e4r Lars Ericson Wolke.<\/p>\n<p>Den andra handlar om den bok som belyser pansartruppernas f\u00f6rsta utvecklingsfaser inom den svenska arm\u00e9n och visar \u00e4ven h\u00e4r p\u00e5 det n\u00e4ra sambandet mellan teknisk utveckling och taktik p\u00e5 slagf\u00e4ltet. Recensent \u00e4r Karlis Neretnieks.<\/p>\n<p>Den tredje recensionen g\u00e4ller ett bokverk som handlar om det milit\u00e4ra kulturarvet fr\u00e5n det kalla kriget och belyser de olika initiativ som tagits till att bevara anl\u00e4ggningar, utrustning m m fr\u00e5n den l\u00e5nga period som svenskt f\u00f6rsvar gjordes f\u00f6rberett f\u00f6r att utk\u00e4mpa ett krig mot Sovjet. Recensent \u00e4r Eva Silv\u00e9n.<\/p>\n<p>Redakt\u00f6ren, Bj\u00f6rn K\u00f6rlof, g\u00f6r som brukligt ocks\u00e5 n\u00e5gra reflektioner \u00f6ver ett milit\u00e4rhistoriskt \u00e4mne, denna g\u00e5ng g\u00e4ller det forskningens problematik.<\/p>\n","protected":false},"excerpt":{"rendered":"<p>redakt\u00f6r Bj\u00f6rn K\u00f6rlof<\/p>\n<p>Utgiven 2023 av Kungl Krigsvetenskapsakademien i samarbete med F\u00f6rsvarsh\u00f6gskolan<br \/>\nISSN 0283-8400<\/p>\n<p>Mjukband<br \/>\nFormat 165*242 mm<br \/>\n188 sidor<\/p>\n<p><span style=\"color: #ff0000;\"><strong>Pdf-version<\/strong><\/span>\u00a0kan laddas ned\u00a0<strong>kostnadsfritt<\/strong>\u00a0p\u00e5\u00a0<a href=\"https:\/\/kkrva.se\/militarhistorisk-tidskrift-2023-2\/\" target=\"_blank\" rel=\"noopener\">akademiens hemsida \u00bb<\/a><\/p>\n","protected":false},"featured_media":4054,"template":"","meta":{"site-sidebar-layout":"default","site-content-layout":"","ast-site-content-layout":"default","site-content-style":"default","site-sidebar-style":"default","ast-global-header-display":"","ast-banner-title-visibility":"","ast-main-header-display":"","ast-hfb-above-header-display":"","ast-hfb-below-header-display":"","ast-hfb-mobile-header-display":"","site-post-title":"","ast-breadcrumbs-content":"","ast-featured-img":"","footer-sml-layout":"","ast-disable-related-posts":"","theme-transparent-header-meta":"default","adv-header-id-meta":"","stick-header-meta":"","header-above-stick-meta":"","header-main-stick-meta":"","header-below-stick-meta":"","astra-migrate-meta-layouts":"set","ast-page-background-enabled":"default","ast-page-background-meta":{"desktop":{"background-color":"var(--ast-global-color-5)","background-image":"","background-repeat":"repeat","background-position":"center center","background-size":"auto","background-attachment":"scroll","background-type":"","background-media":"","overlay-type":"","overlay-color":"","overlay-opacity":"","overlay-gradient":""},"tablet":{"background-color":"","background-image":"","background-repeat":"repeat","background-position":"center center","background-size":"auto","background-attachment":"scroll","background-type":"","background-media":"","overlay-type":"","overlay-color":"","overlay-opacity":"","overlay-gradient":""},"mobile":{"background-color":"","background-image":"","background-repeat":"repeat","background-position":"center center","background-size":"auto","background-attachment":"scroll","background-type":"","background-media":"","overlay-type":"","overlay-color":"","overlay-opacity":"","overlay-gradient":""}},"ast-content-background-meta":{"desktop":{"background-color":"var(--ast-global-color-4)","background-image":"","background-repeat":"repeat","background-position":"center center","background-size":"auto","background-attachment":"scroll","background-type":"","background-media":"","overlay-type":"","overlay-color":"","overlay-opacity":"","overlay-gradient":""},"tablet":{"background-color":"var(--ast-global-color-4)","background-image":"","background-repeat":"repeat","background-position":"center center","background-size":"auto","background-attachment":"scroll","background-type":"","background-media":"","overlay-type":"","overlay-color":"","overlay-opacity":"","overlay-gradient":""},"mobile":{"background-color":"var(--ast-global-color-4)","background-image":"","background-repeat":"repeat","background-position":"center center","background-size":"auto","background-attachment":"scroll","background-type":"","background-media":"","overlay-type":"","overlay-color":"","overlay-opacity":"","overlay-gradient":""}}},"product_brand":[],"product_cat":[29,30],"product_tag":[],"class_list":{"0":"post-4053","1":"product","2":"type-product","3":"status-publish","4":"has-post-thumbnail","6":"product_cat-militarhistorisk-tidskrift","7":"product_cat-tidskrifter","8":"desktop-align-center","9":"tablet-align-left","10":"mobile-align-left","12":"first","13":"instock","14":"virtual","15":"taxable","16":"product-type-simple"},"_links":{"self":[{"href":"https:\/\/kkrva.se\/bookstore\/wp-json\/wp\/v2\/product\/4053","targetHints":{"allow":["GET"]}}],"collection":[{"href":"https:\/\/kkrva.se\/bookstore\/wp-json\/wp\/v2\/product"}],"about":[{"href":"https:\/\/kkrva.se\/bookstore\/wp-json\/wp\/v2\/types\/product"}],"wp:featuredmedia":[{"embeddable":true,"href":"https:\/\/kkrva.se\/bookstore\/wp-json\/wp\/v2\/media\/4054"}],"wp:attachment":[{"href":"https:\/\/kkrva.se\/bookstore\/wp-json\/wp\/v2\/media?parent=4053"}],"wp:term":[{"taxonomy":"product_brand","embeddable":true,"href":"https:\/\/kkrva.se\/bookstore\/wp-json\/wp\/v2\/product_brand?post=4053"},{"taxonomy":"product_cat","embeddable":true,"href":"https:\/\/kkrva.se\/bookstore\/wp-json\/wp\/v2\/product_cat?post=4053"},{"taxonomy":"product_tag","embeddable":true,"href":"https:\/\/kkrva.se\/bookstore\/wp-json\/wp\/v2\/product_tag?post=4053"}],"curies":[{"name":"wp","href":"https:\/\/api.w.org\/{rel}","templated":true}]}}