{"id":3751,"date":"2023-07-23T12:49:17","date_gmt":"2023-07-23T12:49:17","guid":{"rendered":"https:\/\/kkrva.se\/bookstore\/?post_type=product&#038;p=3751"},"modified":"2025-12-31T13:39:43","modified_gmt":"2025-12-31T13:39:43","slug":"sternudd-cyberforsvar","status":"publish","type":"product","link":"https:\/\/kkrva.se\/bookstore\/produkt\/sternudd-cyberforsvar\/","title":{"rendered":"Sternudd &#8211; Cyberf\u00f6rsvar och Cybers\u00e4kerhet"},"content":{"rendered":"<p>Den h\u00e4r skriften samlar tre texter om cyberf\u00f6rsvar och cybers\u00e4kerhet som i perioden 2021-2023 har skrivits f\u00f6r \u2013 och publicerats i \u2013\u00a0<em>Kungl Krigsvetenskapsakademiens Handlingar och Tidskrift<\/em>\u00a0samt dess blogg\u00a0<em>F\u00f6rsvar och S\u00e4kerhet<\/em>.<\/p>\n<p>K\u00e4rnan i skriften utg\u00f6rs av strukturer f\u00f6r fortsatt utveckling av Sveriges cyberf\u00f6rsvar och cybers\u00e4kerhet ur ett totalf\u00f6rsvarsperspektiv. Som utg\u00e5ngspunkt anv\u00e4nds g\u00e4llande f\u00f6rfattningar, aktuellt f\u00f6rsvarsbeslut samt den internationella utvecklingen d\u00e4r operationer i cyberdom\u00e4nen blivit en allt mer integrerad del i den milit\u00e4ra verksamheten.<\/p>\n<p>F\u00f6r cybers\u00e4kerhetsomr\u00e5det inneh\u00e5ller skriften en detaljerad redog\u00f6relse f\u00f6r vilka krav lagar, f\u00f6rordningar och f\u00f6reskrifter st\u00e4ller p\u00e5 offentliga s\u00e5v\u00e4l som privata akt\u00f6rer. Detta kompletteras med f\u00f6rfattarens bild av rotorsakerna till varf\u00f6r situationen, trots g\u00e4llande reglering, ser ut som den g\u00f6r tillsammans med ett antal f\u00f6rslag p\u00e5 vad som p\u00e5 kort och l\u00e5ng sikt kr\u00e4vs f\u00f6r att n\u00e5 ett definierat \u00f6nskad l\u00e4ge.<\/p>\n<p>Till f\u00f6ljd av omr\u00e5dets komplexitet har viss kraft lagts p\u00e5 att beskriva inneb\u00f6rden av centrala begrepp och skillnaderna mellan dessa. Detta leder till en f\u00f6reslagen svensk definition f\u00f6r cybers\u00e4kerhet som ligger till grund f\u00f6r resonemangen och f\u00f6rslagen i skriften.<\/p>\n<p>&nbsp;<\/p>\n","protected":false},"excerpt":{"rendered":"<p>av Patrik Sternudd<\/p>\n<p>Utgiven 2023 av Kungl. \u00d6rlogsmannas\u00e4llskapet och Kungl Krigsvetenskapsakademien<\/p>\n<p>Digitalt dokument<br \/>\nFormat 210*297 mm<br \/>\n137 sidor<\/p>\n<p><span style=\"color: #ff0000;\"><strong>Pdf-version<\/strong><\/span>\u00a0kan laddas ned\u00a0<strong>kostnadsfritt<\/strong>\u00a0p\u00e5\u00a0<a href=\"https:\/\/kkrva.se\/cyberforsvar-och-cybersakerhet-strukturer-ansvar-och-forfattningar\/\" target=\"_blank\" rel=\"noopener\">akademiens hemsida \u00bb<\/a><\/p>\n","protected":false},"featured_media":3752,"template":"","meta":{"site-sidebar-layout":"default","site-content-layout":"","ast-site-content-layout":"default","site-content-style":"default","site-sidebar-style":"default","ast-global-header-display":"","ast-banner-title-visibility":"","ast-main-header-display":"","ast-hfb-above-header-display":"","ast-hfb-below-header-display":"","ast-hfb-mobile-header-display":"","site-post-title":"","ast-breadcrumbs-content":"","ast-featured-img":"","footer-sml-layout":"","ast-disable-related-posts":"","theme-transparent-header-meta":"default","adv-header-id-meta":"","stick-header-meta":"","header-above-stick-meta":"","header-main-stick-meta":"","header-below-stick-meta":"","astra-migrate-meta-layouts":"set","ast-page-background-enabled":"default","ast-page-background-meta":{"desktop":{"background-color":"var(--ast-global-color-5)","background-image":"","background-repeat":"repeat","background-position":"center center","background-size":"auto","background-attachment":"scroll","background-type":"","background-media":"","overlay-type":"","overlay-color":"","overlay-opacity":"","overlay-gradient":""},"tablet":{"background-color":"","background-image":"","background-repeat":"repeat","background-position":"center center","background-size":"auto","background-attachment":"scroll","background-type":"","background-media":"","overlay-type":"","overlay-color":"","overlay-opacity":"","overlay-gradient":""},"mobile":{"background-color":"","background-image":"","background-repeat":"repeat","background-position":"center center","background-size":"auto","background-attachment":"scroll","background-type":"","background-media":"","overlay-type":"","overlay-color":"","overlay-opacity":"","overlay-gradient":""}},"ast-content-background-meta":{"desktop":{"background-color":"var(--ast-global-color-4)","background-image":"","background-repeat":"repeat","background-position":"center center","background-size":"auto","background-attachment":"scroll","background-type":"","background-media":"","overlay-type":"","overlay-color":"","overlay-opacity":"","overlay-gradient":""},"tablet":{"background-color":"var(--ast-global-color-4)","background-image":"","background-repeat":"repeat","background-position":"center center","background-size":"auto","background-attachment":"scroll","background-type":"","background-media":"","overlay-type":"","overlay-color":"","overlay-opacity":"","overlay-gradient":""},"mobile":{"background-color":"var(--ast-global-color-4)","background-image":"","background-repeat":"repeat","background-position":"center center","background-size":"auto","background-attachment":"scroll","background-type":"","background-media":"","overlay-type":"","overlay-color":"","overlay-opacity":"","overlay-gradient":""}}},"product_brand":[],"product_cat":[18],"product_tag":[],"class_list":{"0":"post-3751","1":"product","2":"type-product","3":"status-publish","4":"has-post-thumbnail","6":"product_cat-fri-nedladdning","7":"desktop-align-center","8":"tablet-align-left","9":"mobile-align-left","11":"first","12":"instock","13":"virtual","14":"sold-individually","15":"taxable","16":"product-type-simple"},"_links":{"self":[{"href":"https:\/\/kkrva.se\/bookstore\/wp-json\/wp\/v2\/product\/3751","targetHints":{"allow":["GET"]}}],"collection":[{"href":"https:\/\/kkrva.se\/bookstore\/wp-json\/wp\/v2\/product"}],"about":[{"href":"https:\/\/kkrva.se\/bookstore\/wp-json\/wp\/v2\/types\/product"}],"wp:featuredmedia":[{"embeddable":true,"href":"https:\/\/kkrva.se\/bookstore\/wp-json\/wp\/v2\/media\/3752"}],"wp:attachment":[{"href":"https:\/\/kkrva.se\/bookstore\/wp-json\/wp\/v2\/media?parent=3751"}],"wp:term":[{"taxonomy":"product_brand","embeddable":true,"href":"https:\/\/kkrva.se\/bookstore\/wp-json\/wp\/v2\/product_brand?post=3751"},{"taxonomy":"product_cat","embeddable":true,"href":"https:\/\/kkrva.se\/bookstore\/wp-json\/wp\/v2\/product_cat?post=3751"},{"taxonomy":"product_tag","embeddable":true,"href":"https:\/\/kkrva.se\/bookstore\/wp-json\/wp\/v2\/product_tag?post=3751"}],"curies":[{"name":"wp","href":"https:\/\/api.w.org\/{rel}","templated":true}]}}