{"id":3445,"date":"2023-03-06T13:08:44","date_gmt":"2023-03-06T13:08:44","guid":{"rendered":"https:\/\/kkrva.se\/bookstore\/?post_type=product&#038;p=3445"},"modified":"2026-04-08T15:05:22","modified_gmt":"2026-04-08T15:05:22","slug":"vi-ger-oss-inte","status":"publish","type":"product","link":"https:\/\/kkrva.se\/bookstore\/produkt\/vi-ger-oss-inte\/","title":{"rendered":"Vi ger oss inte"},"content":{"rendered":"<h4>Sverige och Ryssland i krig 2024\u20132025<\/h4>\n<h2>Vi ger oss inte<\/h2>\n<p>Sverige befinner sig sedan n\u00e4ra ett \u00e5r i krig med Ryssland och den kr\u00e4vande tj\u00e4nstg\u00f6ringen t\u00e4r p\u00e5 den svenska ledningen, vilken st\u00e4ndigt brottas med sv\u00e5ra fr\u00e5gor. N\u00e4r ryskt stridsflyg av misstag r\u00e5kar s\u00e4nka en amerikansk jagare i \u00d6stersj\u00f6n blir situationen alltmer komplicerad. I USA, som hittills st\u00e5tt utanf\u00f6r kriget, hotar den sittande presidenten med k\u00e4rnvapenkrig. Medan svenska soldater strider f\u00f6r Sveriges frihet f\u00e5r kriget alltmer internationella konsekvenser. St\u00e5r vi inf\u00f6r ett nytt v\u00e4rldskrig?<\/p>\n<p>I denna bok avslutas trilogin som inletts med b\u00f6ckerna <a href=\"https:\/\/kkrva.se\/bookstore\/produkt\/sverige-i-krig-ryskt-anfall-2023\/\">Sverige i Krig<\/a> och <a href=\"https:\/\/kkrva.se\/bookstore\/produkt\/hall-linjen\/\">H\u00e5ll linjen<\/a>. Vi ges h\u00e4r en faktabaserad dramatisering av svensk f\u00f6rsvarsf\u00f6rm\u00e5ga och hur v\u00e5rt land ska kunna hantera ett v\u00e4pnat angrepp.<\/p>\n","protected":false},"excerpt":{"rendered":"<p>av Bj\u00f6rn Anderson och Tommy Jeppsson<\/p>\n<p>Utgiven 2023 av Svenskt Milit\u00e4rhistoriskt Biblioteks F\u00f6rlag<br \/>\nISBN 978-91-88885-94-4<\/p>\n<p>H\u00e5rdband<br \/>\nFormat 160*235 mm<br \/>\n284 sidor<\/p>\n<p><span style=\"color: #ff0000;\"><strong>Sluts\u00e5ld\u00a0<\/strong><\/span><\/p>\n","protected":false},"featured_media":3447,"template":"","meta":{"site-sidebar-layout":"default","site-content-layout":"","ast-site-content-layout":"default","site-content-style":"default","site-sidebar-style":"default","ast-global-header-display":"","ast-banner-title-visibility":"","ast-main-header-display":"","ast-hfb-above-header-display":"","ast-hfb-below-header-display":"","ast-hfb-mobile-header-display":"","site-post-title":"","ast-breadcrumbs-content":"","ast-featured-img":"","footer-sml-layout":"","ast-disable-related-posts":"","theme-transparent-header-meta":"default","adv-header-id-meta":"","stick-header-meta":"","header-above-stick-meta":"","header-main-stick-meta":"","header-below-stick-meta":"","astra-migrate-meta-layouts":"set","ast-page-background-enabled":"default","ast-page-background-meta":{"desktop":{"background-color":"var(--ast-global-color-5)","background-image":"","background-repeat":"repeat","background-position":"center center","background-size":"auto","background-attachment":"scroll","background-type":"","background-media":"","overlay-type":"","overlay-color":"","overlay-opacity":"","overlay-gradient":""},"tablet":{"background-color":"","background-image":"","background-repeat":"repeat","background-position":"center center","background-size":"auto","background-attachment":"scroll","background-type":"","background-media":"","overlay-type":"","overlay-color":"","overlay-opacity":"","overlay-gradient":""},"mobile":{"background-color":"","background-image":"","background-repeat":"repeat","background-position":"center center","background-size":"auto","background-attachment":"scroll","background-type":"","background-media":"","overlay-type":"","overlay-color":"","overlay-opacity":"","overlay-gradient":""}},"ast-content-background-meta":{"desktop":{"background-color":"var(--ast-global-color-4)","background-image":"","background-repeat":"repeat","background-position":"center center","background-size":"auto","background-attachment":"scroll","background-type":"","background-media":"","overlay-type":"","overlay-color":"","overlay-opacity":"","overlay-gradient":""},"tablet":{"background-color":"var(--ast-global-color-4)","background-image":"","background-repeat":"repeat","background-position":"center center","background-size":"auto","background-attachment":"scroll","background-type":"","background-media":"","overlay-type":"","overlay-color":"","overlay-opacity":"","overlay-gradient":""},"mobile":{"background-color":"var(--ast-global-color-4)","background-image":"","background-repeat":"repeat","background-position":"center center","background-size":"auto","background-attachment":"scroll","background-type":"","background-media":"","overlay-type":"","overlay-color":"","overlay-opacity":"","overlay-gradient":""}}},"product_brand":[],"product_cat":[27,15],"product_tag":[],"class_list":{"0":"post-3445","1":"product","2":"type-product","3":"status-publish","4":"has-post-thumbnail","6":"product_cat-ryskt-anfall-2023","7":"product_cat-bocker","8":"desktop-align-center","9":"tablet-align-left","10":"mobile-align-left","12":"first","13":"instock","14":"taxable","15":"shipping-taxable","16":"product-type-simple"},"_links":{"self":[{"href":"https:\/\/kkrva.se\/bookstore\/wp-json\/wp\/v2\/product\/3445","targetHints":{"allow":["GET"]}}],"collection":[{"href":"https:\/\/kkrva.se\/bookstore\/wp-json\/wp\/v2\/product"}],"about":[{"href":"https:\/\/kkrva.se\/bookstore\/wp-json\/wp\/v2\/types\/product"}],"wp:featuredmedia":[{"embeddable":true,"href":"https:\/\/kkrva.se\/bookstore\/wp-json\/wp\/v2\/media\/3447"}],"wp:attachment":[{"href":"https:\/\/kkrva.se\/bookstore\/wp-json\/wp\/v2\/media?parent=3445"}],"wp:term":[{"taxonomy":"product_brand","embeddable":true,"href":"https:\/\/kkrva.se\/bookstore\/wp-json\/wp\/v2\/product_brand?post=3445"},{"taxonomy":"product_cat","embeddable":true,"href":"https:\/\/kkrva.se\/bookstore\/wp-json\/wp\/v2\/product_cat?post=3445"},{"taxonomy":"product_tag","embeddable":true,"href":"https:\/\/kkrva.se\/bookstore\/wp-json\/wp\/v2\/product_tag?post=3445"}],"curies":[{"name":"wp","href":"https:\/\/api.w.org\/{rel}","templated":true}]}}