{"id":3348,"date":"2022-12-17T11:36:31","date_gmt":"2022-12-17T11:36:31","guid":{"rendered":"https:\/\/kkrva.se\/bookstore\/?post_type=product&#038;p=3348"},"modified":"2026-01-25T12:06:17","modified_gmt":"2026-01-25T12:06:17","slug":"militarhistorisk-tidskrift-2022","status":"publish","type":"product","link":"https:\/\/kkrva.se\/bookstore\/produkt\/militarhistorisk-tidskrift-2022\/","title":{"rendered":"Milit\u00e4rhistorisk Tidskrift 2022"},"content":{"rendered":"<h4>Inneh\u00e5ll<\/h4>\n<p>Redakt\u00f6rens f\u00f6rord med n\u00e5gra reflektioner \u00f6ver \u00e4mnet milit\u00e4rhistoria och introduktioner till artiklarna i tidskriften <em>av Bj\u00f6rn K\u00f6rlof<\/em><\/p>\n<h5>Tidskrift<\/h5>\n<p>The Commemoration of a Siege of the Thirty Years\u2019 War, The Stralsund Medal of Alexander Leslie, 1st Earl of Leven <em>by Steve Murdoch and Karin Tetteris<\/em><\/p>\n<p>Var ska flottan vara? Dilemmat med \u00d6stersj\u00f6n och v\u00e4sterhavet i ett milit\u00e4rstrategiskt och milit\u00e4roperativt historiskt perspektiv 1522 till idag <em>av Lars Wedin<\/em><\/p>\n<p>Baltiska ententen, minoriteter och s\u00e4kerhetspolitik \u2013 Svenska attach\u00e9ers bed\u00f6mningar av Estland, Lettland och Litauen 1927\u20131939 <em>av Fredrik Eriksson<\/em><\/p>\n<h5>Analys &amp; perspektiv<\/h5>\n<p>Krigsplanl\u00e4ggning i \u00d6vre Norrland i ett historiskt perspektiv <em>av Bo Hugemark<\/em><\/p>\n<p>Milit\u00e4rbyggnader p\u00e5 Djurg\u00e5rden och \u00d6stermalm <em>av framlidne arkitekten fil dr Ejnar Berg<\/em><\/p>\n<h5>Litteratur<\/h5>\n<p>Svenska specialoperationer och specialf\u00f6rband fr\u00e5n medeltid till 1995 <em>av Johan Kihl<\/em><\/p>\n<p>Den karolinska elitens historia <em>av Lars Ericson Wolke<\/em><\/p>\n","protected":false},"excerpt":{"rendered":"<p>redakt\u00f6r Bj\u00f6rn K\u00f6rlof<\/p>\n<p>Utgiven 2022 av Kungl Krigsvetenskapsakademien i samarbete med F\u00f6rsvarsh\u00f6gskolan<br \/>\nISSN 0283-8400<\/p>\n<p>Mjukband<br \/>\nFormat 165*242 mm<br \/>\n108 sidor<\/p>\n<p><span style=\"color: #ff0000;\"><strong>Pdf-version<\/strong><\/span>\u00a0kan laddas ned\u00a0<strong>kostnadsfritt<\/strong>\u00a0p\u00e5\u00a0<a href=\"https:\/\/kkrva.se\/militarhistorisk-tidskrift-2022\/\" target=\"_blank\" rel=\"noopener\">akademiens hemsida \u00bb<\/a><\/p>\n","protected":false},"featured_media":3349,"template":"","meta":{"site-sidebar-layout":"default","site-content-layout":"","ast-site-content-layout":"default","site-content-style":"default","site-sidebar-style":"default","ast-global-header-display":"","ast-banner-title-visibility":"","ast-main-header-display":"","ast-hfb-above-header-display":"","ast-hfb-below-header-display":"","ast-hfb-mobile-header-display":"","site-post-title":"","ast-breadcrumbs-content":"","ast-featured-img":"","footer-sml-layout":"","ast-disable-related-posts":"","theme-transparent-header-meta":"default","adv-header-id-meta":"","stick-header-meta":"","header-above-stick-meta":"","header-main-stick-meta":"","header-below-stick-meta":"","astra-migrate-meta-layouts":"set","ast-page-background-enabled":"default","ast-page-background-meta":{"desktop":{"background-color":"var(--ast-global-color-5)","background-image":"","background-repeat":"repeat","background-position":"center center","background-size":"auto","background-attachment":"scroll","background-type":"","background-media":"","overlay-type":"","overlay-color":"","overlay-opacity":"","overlay-gradient":""},"tablet":{"background-color":"","background-image":"","background-repeat":"repeat","background-position":"center center","background-size":"auto","background-attachment":"scroll","background-type":"","background-media":"","overlay-type":"","overlay-color":"","overlay-opacity":"","overlay-gradient":""},"mobile":{"background-color":"","background-image":"","background-repeat":"repeat","background-position":"center center","background-size":"auto","background-attachment":"scroll","background-type":"","background-media":"","overlay-type":"","overlay-color":"","overlay-opacity":"","overlay-gradient":""}},"ast-content-background-meta":{"desktop":{"background-color":"var(--ast-global-color-4)","background-image":"","background-repeat":"repeat","background-position":"center center","background-size":"auto","background-attachment":"scroll","background-type":"","background-media":"","overlay-type":"","overlay-color":"","overlay-opacity":"","overlay-gradient":""},"tablet":{"background-color":"var(--ast-global-color-4)","background-image":"","background-repeat":"repeat","background-position":"center center","background-size":"auto","background-attachment":"scroll","background-type":"","background-media":"","overlay-type":"","overlay-color":"","overlay-opacity":"","overlay-gradient":""},"mobile":{"background-color":"var(--ast-global-color-4)","background-image":"","background-repeat":"repeat","background-position":"center center","background-size":"auto","background-attachment":"scroll","background-type":"","background-media":"","overlay-type":"","overlay-color":"","overlay-opacity":"","overlay-gradient":""}}},"product_brand":[],"product_cat":[29,30],"product_tag":[],"class_list":{"0":"post-3348","1":"product","2":"type-product","3":"status-publish","4":"has-post-thumbnail","6":"product_cat-militarhistorisk-tidskrift","7":"product_cat-tidskrifter","8":"product_shipping_class-latt","9":"desktop-align-center","10":"tablet-align-left","11":"mobile-align-left","13":"first","14":"instock","15":"taxable","16":"shipping-taxable","17":"purchasable","18":"product-type-simple"},"_links":{"self":[{"href":"https:\/\/kkrva.se\/bookstore\/wp-json\/wp\/v2\/product\/3348","targetHints":{"allow":["GET"]}}],"collection":[{"href":"https:\/\/kkrva.se\/bookstore\/wp-json\/wp\/v2\/product"}],"about":[{"href":"https:\/\/kkrva.se\/bookstore\/wp-json\/wp\/v2\/types\/product"}],"wp:featuredmedia":[{"embeddable":true,"href":"https:\/\/kkrva.se\/bookstore\/wp-json\/wp\/v2\/media\/3349"}],"wp:attachment":[{"href":"https:\/\/kkrva.se\/bookstore\/wp-json\/wp\/v2\/media?parent=3348"}],"wp:term":[{"taxonomy":"product_brand","embeddable":true,"href":"https:\/\/kkrva.se\/bookstore\/wp-json\/wp\/v2\/product_brand?post=3348"},{"taxonomy":"product_cat","embeddable":true,"href":"https:\/\/kkrva.se\/bookstore\/wp-json\/wp\/v2\/product_cat?post=3348"},{"taxonomy":"product_tag","embeddable":true,"href":"https:\/\/kkrva.se\/bookstore\/wp-json\/wp\/v2\/product_tag?post=3348"}],"curies":[{"name":"wp","href":"https:\/\/api.w.org\/{rel}","templated":true}]}}