{"id":3182,"date":"2022-08-15T08:00:28","date_gmt":"2022-08-15T08:00:28","guid":{"rendered":"https:\/\/kkrva.se\/bookstore\/?post_type=product&#038;p=3182"},"modified":"2025-12-31T13:40:02","modified_gmt":"2025-12-31T13:40:02","slug":"pa-allvar-svensk-sakerhetspolitik-i-ofardstider-2","status":"publish","type":"product","link":"https:\/\/kkrva.se\/bookstore\/produkt\/pa-allvar-svensk-sakerhetspolitik-i-ofardstider-2\/","title":{"rendered":"P\u00e5 allvar \u2013 Svensk s\u00e4kerhetspolitik i of\u00e4rdstider"},"content":{"rendered":"<h3>SES slutrapport<\/h3>\n<p>Krigsvetenskapsakademien har sedan 2018 i projektform, som involverat alla akademiens sex avdelningar, under beteckningen \u201d<em>S\u00e4kerhet i morgondagens Europa \u2013 svenska perspektiv<\/em>\u201d (SES) bedrivit omfattande forskning och studier i syfte att klarl\u00e4gga och rekommendera hur s\u00e4kerhets- och f\u00f6rsvarspolitiken i vid bem\u00e4rkelse b\u00f6r utformas de n\u00e4rmaste \u00e5ren. Projektets slutrapport presenterades den 31 maj vid ett seminarium i systerakademiens Kungl. Ingenj\u00f6rsvetenskapsakademiens lokaler och ocks\u00e5 under Almedalsveckan.<\/p>\n<p>Det ryska angreppet p\u00e5 Ukraina den 24 februari \u00e4ndrade f\u00f6ruts\u00e4ttningarna radikalt f\u00f6r denna slutrapport av projektet. Ett omtag blev n\u00f6dv\u00e4ndigt vilket n\u00e5got f\u00f6rsenade utgivningen. Den svenska och finska intresseanm\u00e4lan den 18 maj om tilltr\u00e4de till den nordatlantiska f\u00f6rdragsorganisationen Nato innebar ett paradigmskifte i svensk s\u00e4kerhetspolitik som ocks\u00e5 m\u00e5ste avhandlas i slutrapporten.<\/p>\n<p>De \u00f6verv\u00e4ganden som denna slutrapport inneh\u00e5ller bygger i h\u00f6g grad p\u00e5 SES-projektets f\u00f6rslag utifr\u00e5n dels studieresultaten fram till den 24 februari, dels de slutsatser som kunnat dras av den dramatiska utvecklingen efter den 24 februari, inklusive den svenska och finska Natoans\u00f6kan den 18 maj. Hur relevanta m\u00e5nga av forsknings- och studieresultatens f\u00f6rslag \u00e4r har framtr\u00e4tt i blixtbelysning under pandemikrisen och under det ryska angreppskriget mot Ukraina. Samtidigt \u00e4r det uppenbart att mycket finns att l\u00e4ra av hur kriget mot Ukraina f\u00f6rts av b\u00e5de angripare och f\u00f6rsvarare.<\/p>\n<p>Projektet <em>S\u00e4kerhetspolitik i morgondagens Europa \u2013 svenska perspektiv <\/em>har ekonomiskt v\u00e4lvilligt st\u00f6ttats av Marianne och Marcus Wallenbergs stiftelse, utan vars bidrag arbetet inte varit m\u00f6jligt.<\/p>\n<p><a href=\"https:\/\/kkrva.se\/ses\/\" target=\"_blank\" rel=\"noopener\"><img loading=\"lazy\" decoding=\"async\" class=\"alignnone wp-image-2304 size-medium\" src=\"https:\/\/kkrva.se\/bookstore\/wp-content\/uploads\/2021\/06\/SES-logo-genomskinlig-300x86.png\" alt=\"SES Logo Genomskinlig 300x86\" width=\"300\" height=\"86\" title=\"P\u00e5 allvar \u2013 Svensk s\u00e4kerhetspolitik i of\u00e4rdstider\" srcset=\"https:\/\/kkrva.se\/bookstore\/wp-content\/uploads\/2021\/06\/SES-logo-genomskinlig-300x86.png 300w, https:\/\/kkrva.se\/bookstore\/wp-content\/uploads\/2021\/06\/SES-logo-genomskinlig-600x171.png 600w, https:\/\/kkrva.se\/bookstore\/wp-content\/uploads\/2021\/06\/SES-logo-genomskinlig-1024x292.png 1024w, https:\/\/kkrva.se\/bookstore\/wp-content\/uploads\/2021\/06\/SES-logo-genomskinlig-768x219.png 768w, https:\/\/kkrva.se\/bookstore\/wp-content\/uploads\/2021\/06\/SES-logo-genomskinlig-1536x438.png 1536w, https:\/\/kkrva.se\/bookstore\/wp-content\/uploads\/2021\/06\/SES-logo-genomskinlig-231x66.png 231w, https:\/\/kkrva.se\/bookstore\/wp-content\/uploads\/2021\/06\/SES-logo-genomskinlig-438x125.png 438w, https:\/\/kkrva.se\/bookstore\/wp-content\/uploads\/2021\/06\/SES-logo-genomskinlig.png 2000w\" sizes=\"auto, (max-width: 300px) 100vw, 300px\" \/><\/a><\/p>\n","protected":false},"excerpt":{"rendered":"<p>Redakt\u00f6rer Lars-Erik Lundin och Gunnar Magnusson<\/p>\n<p>Utgiven 2022 av Kungl Krigsvetenskapsakademien<br \/>\nISBN 978-91-88581-31-0 (tryckt)<br \/>\n978-91-88581-32-7 (pdf)<\/p>\n<p>Mjukband<br \/>\nFormat 150*220 mm<br \/>\n164 sidor<\/p>\n<p><span style=\"color: #ff0000;\"><strong>Pdf-version<\/strong><\/span>\u00a0kan laddas ned\u00a0<strong>kostnadsfritt<\/strong>\u00a0p\u00e5\u00a0<a href=\"https:\/\/wp.me\/p2ERDK-77O\" target=\"_blank\" rel=\"noopener\">akademiens hemsida \u00bb<\/a><\/p>\n","protected":false},"featured_media":3183,"template":"","meta":{"site-sidebar-layout":"default","site-content-layout":"","ast-site-content-layout":"default","site-content-style":"default","site-sidebar-style":"default","ast-global-header-display":"","ast-banner-title-visibility":"","ast-main-header-display":"","ast-hfb-above-header-display":"","ast-hfb-below-header-display":"","ast-hfb-mobile-header-display":"","site-post-title":"","ast-breadcrumbs-content":"","ast-featured-img":"","footer-sml-layout":"","ast-disable-related-posts":"","theme-transparent-header-meta":"default","adv-header-id-meta":"","stick-header-meta":"","header-above-stick-meta":"","header-main-stick-meta":"","header-below-stick-meta":"","astra-migrate-meta-layouts":"set","ast-page-background-enabled":"default","ast-page-background-meta":{"desktop":{"background-color":"var(--ast-global-color-5)","background-image":"","background-repeat":"repeat","background-position":"center center","background-size":"auto","background-attachment":"scroll","background-type":"","background-media":"","overlay-type":"","overlay-color":"","overlay-opacity":"","overlay-gradient":""},"tablet":{"background-color":"","background-image":"","background-repeat":"repeat","background-position":"center center","background-size":"auto","background-attachment":"scroll","background-type":"","background-media":"","overlay-type":"","overlay-color":"","overlay-opacity":"","overlay-gradient":""},"mobile":{"background-color":"","background-image":"","background-repeat":"repeat","background-position":"center center","background-size":"auto","background-attachment":"scroll","background-type":"","background-media":"","overlay-type":"","overlay-color":"","overlay-opacity":"","overlay-gradient":""}},"ast-content-background-meta":{"desktop":{"background-color":"var(--ast-global-color-4)","background-image":"","background-repeat":"repeat","background-position":"center center","background-size":"auto","background-attachment":"scroll","background-type":"","background-media":"","overlay-type":"","overlay-color":"","overlay-opacity":"","overlay-gradient":""},"tablet":{"background-color":"var(--ast-global-color-4)","background-image":"","background-repeat":"repeat","background-position":"center center","background-size":"auto","background-attachment":"scroll","background-type":"","background-media":"","overlay-type":"","overlay-color":"","overlay-opacity":"","overlay-gradient":""},"mobile":{"background-color":"var(--ast-global-color-4)","background-image":"","background-repeat":"repeat","background-position":"center center","background-size":"auto","background-attachment":"scroll","background-type":"","background-media":"","overlay-type":"","overlay-color":"","overlay-opacity":"","overlay-gradient":""}}},"product_brand":[],"product_cat":[18,32],"product_tag":[],"class_list":{"0":"post-3182","1":"product","2":"type-product","3":"status-publish","4":"has-post-thumbnail","6":"product_cat-fri-nedladdning","7":"product_cat-ses-projektet","8":"desktop-align-center","9":"tablet-align-left","10":"mobile-align-left","12":"first","13":"instock","14":"virtual","15":"taxable","16":"product-type-simple"},"_links":{"self":[{"href":"https:\/\/kkrva.se\/bookstore\/wp-json\/wp\/v2\/product\/3182","targetHints":{"allow":["GET"]}}],"collection":[{"href":"https:\/\/kkrva.se\/bookstore\/wp-json\/wp\/v2\/product"}],"about":[{"href":"https:\/\/kkrva.se\/bookstore\/wp-json\/wp\/v2\/types\/product"}],"wp:featuredmedia":[{"embeddable":true,"href":"https:\/\/kkrva.se\/bookstore\/wp-json\/wp\/v2\/media\/3183"}],"wp:attachment":[{"href":"https:\/\/kkrva.se\/bookstore\/wp-json\/wp\/v2\/media?parent=3182"}],"wp:term":[{"taxonomy":"product_brand","embeddable":true,"href":"https:\/\/kkrva.se\/bookstore\/wp-json\/wp\/v2\/product_brand?post=3182"},{"taxonomy":"product_cat","embeddable":true,"href":"https:\/\/kkrva.se\/bookstore\/wp-json\/wp\/v2\/product_cat?post=3182"},{"taxonomy":"product_tag","embeddable":true,"href":"https:\/\/kkrva.se\/bookstore\/wp-json\/wp\/v2\/product_tag?post=3182"}],"curies":[{"name":"wp","href":"https:\/\/api.w.org\/{rel}","templated":true}]}}