{"id":312,"date":"2019-05-31T08:09:50","date_gmt":"2019-05-31T08:09:50","guid":{"rendered":"https:\/\/kkrva.com\/bookstore\/?post_type=product&#038;p=312"},"modified":"2025-12-31T13:45:49","modified_gmt":"2025-12-31T13:45:49","slug":"kriser-i-mellanostern-2","status":"publish","type":"product","link":"https:\/\/kkrva.se\/bookstore\/produkt\/kriser-i-mellanostern-2\/","title":{"rendered":"Kriser i Mellan\u00f6stern"},"content":{"rendered":"<h4>Kriser i Mellan\u00f6stern \u2013 spridningsrisker till Europa<\/h4>\n<p>Detta \u00e4r en f\u00f6rsta rapport fr\u00e5n Kungl Krigsveten\u00adskapsakademiens nya tre\u00e5rsprojekt <em>S\u00e4kerhet i morgondagens Europa \u2013 svenska perspektiv (SES)<\/em>. Projektets rubricering talar om \u201dmorgondagens Europa\u201d, fr\u00e4mst med avseende p\u00e5 de n\u00e4rmast f\u00f6ljande \u00e5ren. I denna rapport \u00e4r tidshorisonten sn\u00e4vare: det f\u00f6rsta halv\u00e5ret av 2019.<\/p>\n<p>Utg\u00e5ngspunkten i rapporten \u00e4r den syriska arenan med dess m\u00e5ngfacetterade relevans f\u00f6r ett splittrat och f\u00f6rsvagat Europa. Fr\u00e5n ett europeiskt perspektiv kompliceras bilden ytterligare av Brexit och f\u00f6re\u00adst\u00e5ende maktskiften b\u00e5de i EU:s institutioner och i viktiga medlemsstater. Den europeiska beredskapen att hantera m\u00f6jliga kriser kan p\u00e5verkas negativt.<\/p>\n<p>Rapporten utg\u00f6r en p\u00e5minnelse om att utvecklingen i Mellan\u00f6stern, Europas n\u00e4romr\u00e5de, inneb\u00e4r hot och utmaningar som p\u00e5verkar Europa och direkt\/indirekt Sveriges s\u00e4kerhet. Rapporten s\u00f6ker motverka ett alltf\u00f6r sn\u00e4vt fokus p\u00e5 Norden i den svenska s\u00e4kerhetspolitiken.<\/p>\n","protected":false},"excerpt":{"rendered":"<p>Redakt\u00f6r Tommy Jeppsson<\/p>\n<p>Utgiven 2019 av Kungl Krigsvetenskapsakademien<br \/>\nISBN 978-91-88581-11-2<\/p>\n<p>Ebok (pdf)<br \/>\nFormat 150*220 mm<br \/>\n44 sidor<\/p>\n<p>S\u00e5 snart best\u00e4llning \u00e4r lagd visas l\u00e4nk f\u00f6r nedladdning.<\/p>\n","protected":false},"featured_media":313,"template":"","meta":{"site-sidebar-layout":"default","site-content-layout":"","ast-site-content-layout":"default","site-content-style":"default","site-sidebar-style":"default","ast-global-header-display":"","ast-banner-title-visibility":"","ast-main-header-display":"","ast-hfb-above-header-display":"","ast-hfb-below-header-display":"","ast-hfb-mobile-header-display":"","site-post-title":"","ast-breadcrumbs-content":"","ast-featured-img":"","footer-sml-layout":"","ast-disable-related-posts":"","theme-transparent-header-meta":"","adv-header-id-meta":"","stick-header-meta":"","header-above-stick-meta":"","header-main-stick-meta":"","header-below-stick-meta":"","astra-migrate-meta-layouts":"default","ast-page-background-enabled":"default","ast-page-background-meta":{"desktop":{"background-color":"var(--ast-global-color-5)","background-image":"","background-repeat":"repeat","background-position":"center center","background-size":"auto","background-attachment":"scroll","background-type":"","background-media":"","overlay-type":"","overlay-color":"","overlay-opacity":"","overlay-gradient":""},"tablet":{"background-color":"","background-image":"","background-repeat":"repeat","background-position":"center center","background-size":"auto","background-attachment":"scroll","background-type":"","background-media":"","overlay-type":"","overlay-color":"","overlay-opacity":"","overlay-gradient":""},"mobile":{"background-color":"","background-image":"","background-repeat":"repeat","background-position":"center center","background-size":"auto","background-attachment":"scroll","background-type":"","background-media":"","overlay-type":"","overlay-color":"","overlay-opacity":"","overlay-gradient":""}},"ast-content-background-meta":{"desktop":{"background-color":"var(--ast-global-color-4)","background-image":"","background-repeat":"repeat","background-position":"center center","background-size":"auto","background-attachment":"scroll","background-type":"","background-media":"","overlay-type":"","overlay-color":"","overlay-opacity":"","overlay-gradient":""},"tablet":{"background-color":"var(--ast-global-color-4)","background-image":"","background-repeat":"repeat","background-position":"center center","background-size":"auto","background-attachment":"scroll","background-type":"","background-media":"","overlay-type":"","overlay-color":"","overlay-opacity":"","overlay-gradient":""},"mobile":{"background-color":"var(--ast-global-color-4)","background-image":"","background-repeat":"repeat","background-position":"center center","background-size":"auto","background-attachment":"scroll","background-type":"","background-media":"","overlay-type":"","overlay-color":"","overlay-opacity":"","overlay-gradient":""}}},"product_brand":[],"product_cat":[18],"product_tag":[],"class_list":{"0":"post-312","1":"product","2":"type-product","3":"status-publish","4":"has-post-thumbnail","6":"product_cat-fri-nedladdning","7":"desktop-align-center","8":"tablet-align-left","9":"mobile-align-left","11":"first","12":"outofstock","13":"downloadable","14":"virtual","15":"sold-individually","16":"taxable","17":"purchasable","18":"product-type-simple"},"_links":{"self":[{"href":"https:\/\/kkrva.se\/bookstore\/wp-json\/wp\/v2\/product\/312","targetHints":{"allow":["GET"]}}],"collection":[{"href":"https:\/\/kkrva.se\/bookstore\/wp-json\/wp\/v2\/product"}],"about":[{"href":"https:\/\/kkrva.se\/bookstore\/wp-json\/wp\/v2\/types\/product"}],"wp:featuredmedia":[{"embeddable":true,"href":"https:\/\/kkrva.se\/bookstore\/wp-json\/wp\/v2\/media\/313"}],"wp:attachment":[{"href":"https:\/\/kkrva.se\/bookstore\/wp-json\/wp\/v2\/media?parent=312"}],"wp:term":[{"taxonomy":"product_brand","embeddable":true,"href":"https:\/\/kkrva.se\/bookstore\/wp-json\/wp\/v2\/product_brand?post=312"},{"taxonomy":"product_cat","embeddable":true,"href":"https:\/\/kkrva.se\/bookstore\/wp-json\/wp\/v2\/product_cat?post=312"},{"taxonomy":"product_tag","embeddable":true,"href":"https:\/\/kkrva.se\/bookstore\/wp-json\/wp\/v2\/product_tag?post=312"}],"curies":[{"name":"wp","href":"https:\/\/api.w.org\/{rel}","templated":true}]}}