{"id":2865,"date":"2022-02-22T15:48:38","date_gmt":"2022-02-22T15:48:38","guid":{"rendered":"https:\/\/kkrva.se\/bookstore\/?post_type=product&#038;p=2865"},"modified":"2025-12-31T13:41:24","modified_gmt":"2025-12-31T13:41:24","slug":"europeisk-sakerhet-svenskt-markoperativt-perspektiv-2","status":"publish","type":"product","link":"https:\/\/kkrva.se\/bookstore\/produkt\/europeisk-sakerhet-svenskt-markoperativt-perspektiv-2\/","title":{"rendered":"Europeisk s\u00e4kerhet &#8211; Svenskt markoperativt perspektiv"},"content":{"rendered":"<p>Svenska arm\u00e9n m\u00e5ste kunna hantera ett brett krisspektrum. Den ska kunna verka b\u00e5de i nationellt och nordiskt f\u00f6rsvar, fr\u00e5n st\u00f6d till samh\u00e4llet vid sv\u00e5ra p\u00e5frestningar i fred och i en gr\u00e5zon till framg\u00e5ngsrik v\u00e4pnad kamp mot en kvalificerad motst\u00e5ndare, men ocks\u00e5 kunna delta i internationell krishantering f\u00f6r att v\u00e4rna svenska intressen.<\/p>\n<p>En tillr\u00e4cklig kvalificerad svensk arm\u00e9 bidrar inte bara till Sveriges och Nordens utan till hela Europas s\u00e4kerhet. Men det kr\u00e4vs fortsatta satsningar inom flera omr\u00e5den, till exempel taktiska och operativa doktriner, organisation, tr\u00e4ningsmetoder, materielutveckling, ledningsprinciper, personal-och kompetensf\u00f6rs\u00f6rjning och logistik. Samtidigt m\u00e5ste ocks\u00e5 kravet p\u00e5 relevant interoperabilitet f\u00f6r att kunna samverka med andra f\u00f6rsvarsgrenar och andra nationers stridskrafter beaktas.<\/p>\n<p>I Europeisk s\u00e4kerhet \u2013 svenskt markoperativt perspektiv beskrivs hur dessa omr\u00e5den skulle kunna utvecklas.<\/p>\n<p>Boken utg\u00f6r delprojektgruppen markstridskrafter (Dp Mark) rapport inom ramen f\u00f6r Kungliga Krigsvetenskapsakademiens projekt S\u00e4kerhet i morgondagens Europa \u2013 svenska perspektiv (SES).<\/p>\n<p>Delprojektgruppen har bemannats av;<\/p>\n<p>Major och filosofie doktor <strong>David Bergman<\/strong> \u00e4r verksam vid H\u00f6gkvarteret och som forskare vid F\u00f6rsvarsh\u00f6gskolan. Han arbetar fr\u00e4mst inom milit\u00e4rpsykologiska discipliner s\u00e5som psykologiska operationer, traumatologi, interkulturell kommunikation och ledarskap. Han \u00e4r ocks\u00e5 f\u00f6rfattare till tre uppm\u00e4rksammade sp\u00e4nningsromaner.<\/p>\n<p>Brigadgeneral (PA) <strong>Anders Carell<\/strong> (delprojektledare), tidigare bland annat chef f\u00f6r Artilleriregementet, avdelningschef i H\u00f6gkvarteret och chef f\u00f6r Arm\u00e9materiel vid FMV.<\/p>\n<p>\u00d6verste (PA) <strong>Anders Emanuelson<\/strong>, tidigare bland annat chef f\u00f6r Hallandsbrigaden och S\u00f6dra sk\u00e5nska regementet samt chef F\u00f6rsvarsmaktens s\u00e4kerhetsinspektion.<\/p>\n<p>\u00d6verste (PA) <strong>Jan FT M\u00f6rtberg<\/strong>, tidigare bland annat chef f\u00f6r Norrbottens regemente, institutionschef vid F\u00f6rsvarsh\u00f6gskolan och milit\u00e4r sakkunnig vid F\u00f6rsvarsdepartementet.<\/p>\n<p>\u00d6verste och filosofie doktor <strong>Anders Palmgren<\/strong> \u00e4r programchef f\u00f6r det h\u00f6gre officersprogrammet vid F\u00f6rsvarsh\u00f6gskolan. Han forskar prim\u00e4rt inom omr\u00e5det milit\u00e4rt t\u00e4nkande, ledning och strategi men ocks\u00e5 inom omr\u00e5den relaterade till utbildning och pedagogik.<\/p>\n<p>\u00d6verstel\u00f6jtnant och filosofie magister <strong>Henrik Sj\u00f6vall<\/strong>, chef f\u00f6r insatsledningens ledningssystemavdelning i H\u00f6gkvarteret. Samtliga \u00e4r ledam\u00f6ter av Kungl Krigsvetenskapsakademien.<\/p>\n<p><a href=\"https:\/\/kkrva.se\/ses\/\" target=\"_blank\" rel=\"noopener\"><img loading=\"lazy\" decoding=\"async\" class=\"alignnone wp-image-2304 size-medium\" src=\"https:\/\/kkrva.se\/bookstore\/wp-content\/uploads\/2021\/06\/SES-logo-genomskinlig-300x86.png\" alt=\"SES Logo Genomskinlig 300x86\" width=\"300\" height=\"86\" title=\"Europeisk s\u00e4kerhet - Svenskt markoperativt perspektiv\" srcset=\"https:\/\/kkrva.se\/bookstore\/wp-content\/uploads\/2021\/06\/SES-logo-genomskinlig-300x86.png 300w, https:\/\/kkrva.se\/bookstore\/wp-content\/uploads\/2021\/06\/SES-logo-genomskinlig-600x171.png 600w, https:\/\/kkrva.se\/bookstore\/wp-content\/uploads\/2021\/06\/SES-logo-genomskinlig-1024x292.png 1024w, https:\/\/kkrva.se\/bookstore\/wp-content\/uploads\/2021\/06\/SES-logo-genomskinlig-768x219.png 768w, https:\/\/kkrva.se\/bookstore\/wp-content\/uploads\/2021\/06\/SES-logo-genomskinlig-1536x438.png 1536w, https:\/\/kkrva.se\/bookstore\/wp-content\/uploads\/2021\/06\/SES-logo-genomskinlig-231x66.png 231w, https:\/\/kkrva.se\/bookstore\/wp-content\/uploads\/2021\/06\/SES-logo-genomskinlig-438x125.png 438w, https:\/\/kkrva.se\/bookstore\/wp-content\/uploads\/2021\/06\/SES-logo-genomskinlig.png 2000w\" sizes=\"auto, (max-width: 300px) 100vw, 300px\" \/><\/a><\/p>\n","protected":false},"excerpt":{"rendered":"<p>av Anders Carell m fl<\/p>\n<p>Utgiven 2022 av Kungl Krigsvetenskapsakademien<br \/>\nISBN 978-91-88581-25-9<br \/>\n978-91-88581-26-6 (pdf)<\/p>\n<p>Mjukband<br \/>\nFormat 150*220 mm<br \/>\n156 sidor<\/p>\n<p><span style=\"color: #ff0000;\"><strong>Pdf-version<\/strong><\/span>\u00a0kan laddas ned\u00a0<strong>kostnadsfritt<\/strong>\u00a0p\u00e5\u00a0<a href=\"https:\/\/kkrva.se\/dp-mark\/\" target=\"_blank\" rel=\"noopener\">akademiens hemsida \u00bb<\/a><\/p>\n","protected":false},"featured_media":2866,"template":"","meta":{"site-sidebar-layout":"default","site-content-layout":"","ast-site-content-layout":"default","site-content-style":"default","site-sidebar-style":"default","ast-global-header-display":"","ast-banner-title-visibility":"","ast-main-header-display":"","ast-hfb-above-header-display":"","ast-hfb-below-header-display":"","ast-hfb-mobile-header-display":"","site-post-title":"","ast-breadcrumbs-content":"","ast-featured-img":"","footer-sml-layout":"","ast-disable-related-posts":"","theme-transparent-header-meta":"default","adv-header-id-meta":"","stick-header-meta":"","header-above-stick-meta":"","header-main-stick-meta":"","header-below-stick-meta":"","astra-migrate-meta-layouts":"set","ast-page-background-enabled":"default","ast-page-background-meta":{"desktop":{"background-color":"var(--ast-global-color-5)","background-image":"","background-repeat":"repeat","background-position":"center center","background-size":"auto","background-attachment":"scroll","background-type":"","background-media":"","overlay-type":"","overlay-color":"","overlay-opacity":"","overlay-gradient":""},"tablet":{"background-color":"","background-image":"","background-repeat":"repeat","background-position":"center center","background-size":"auto","background-attachment":"scroll","background-type":"","background-media":"","overlay-type":"","overlay-color":"","overlay-opacity":"","overlay-gradient":""},"mobile":{"background-color":"","background-image":"","background-repeat":"repeat","background-position":"center center","background-size":"auto","background-attachment":"scroll","background-type":"","background-media":"","overlay-type":"","overlay-color":"","overlay-opacity":"","overlay-gradient":""}},"ast-content-background-meta":{"desktop":{"background-color":"var(--ast-global-color-4)","background-image":"","background-repeat":"repeat","background-position":"center center","background-size":"auto","background-attachment":"scroll","background-type":"","background-media":"","overlay-type":"","overlay-color":"","overlay-opacity":"","overlay-gradient":""},"tablet":{"background-color":"var(--ast-global-color-4)","background-image":"","background-repeat":"repeat","background-position":"center center","background-size":"auto","background-attachment":"scroll","background-type":"","background-media":"","overlay-type":"","overlay-color":"","overlay-opacity":"","overlay-gradient":""},"mobile":{"background-color":"var(--ast-global-color-4)","background-image":"","background-repeat":"repeat","background-position":"center center","background-size":"auto","background-attachment":"scroll","background-type":"","background-media":"","overlay-type":"","overlay-color":"","overlay-opacity":"","overlay-gradient":""}}},"product_brand":[],"product_cat":[18,32],"product_tag":[],"class_list":{"0":"post-2865","1":"product","2":"type-product","3":"status-publish","4":"has-post-thumbnail","6":"product_cat-fri-nedladdning","7":"product_cat-ses-projektet","8":"desktop-align-center","9":"tablet-align-left","10":"mobile-align-left","12":"first","13":"instock","14":"virtual","15":"taxable","16":"product-type-simple"},"_links":{"self":[{"href":"https:\/\/kkrva.se\/bookstore\/wp-json\/wp\/v2\/product\/2865","targetHints":{"allow":["GET"]}}],"collection":[{"href":"https:\/\/kkrva.se\/bookstore\/wp-json\/wp\/v2\/product"}],"about":[{"href":"https:\/\/kkrva.se\/bookstore\/wp-json\/wp\/v2\/types\/product"}],"wp:featuredmedia":[{"embeddable":true,"href":"https:\/\/kkrva.se\/bookstore\/wp-json\/wp\/v2\/media\/2866"}],"wp:attachment":[{"href":"https:\/\/kkrva.se\/bookstore\/wp-json\/wp\/v2\/media?parent=2865"}],"wp:term":[{"taxonomy":"product_brand","embeddable":true,"href":"https:\/\/kkrva.se\/bookstore\/wp-json\/wp\/v2\/product_brand?post=2865"},{"taxonomy":"product_cat","embeddable":true,"href":"https:\/\/kkrva.se\/bookstore\/wp-json\/wp\/v2\/product_cat?post=2865"},{"taxonomy":"product_tag","embeddable":true,"href":"https:\/\/kkrva.se\/bookstore\/wp-json\/wp\/v2\/product_tag?post=2865"}],"curies":[{"name":"wp","href":"https:\/\/api.w.org\/{rel}","templated":true}]}}