{"id":2697,"date":"2021-12-25T12:51:41","date_gmt":"2021-12-25T12:51:41","guid":{"rendered":"https:\/\/kkrva.se\/bookstore\/?post_type=product&#038;p=2697"},"modified":"2026-04-10T13:09:10","modified_gmt":"2026-04-10T13:09:10","slug":"militarhistorisk-tidskrift-2021","status":"publish","type":"product","link":"https:\/\/kkrva.se\/bookstore\/produkt\/militarhistorisk-tidskrift-2021\/","title":{"rendered":"Milit\u00e4rhistorisk Tidskrift 2021"},"content":{"rendered":"<h4>Inneh\u00e5ll<\/h4>\n<p>Redakt\u00f6rens f\u00f6rord med n\u00e5gra reflektioner \u00f6ver \u00e4mnet milit\u00e4rhistoria och introduktioner till artiklarna i tidskriften <em>av Bj\u00f6rn K\u00f6rlof<\/em><\/p>\n<h5>Tidskrift<\/h5>\n<p>The 1928\u20131929 Arnberger Plot \u2013 Conspiracy to get the Panzerkereuzer \u2013 A by framing Denmark as another Enemy <em>by Michael H Clemmesen<\/em><br \/>\nSvenska brigaden \u2013 Skam och \u00e4ra i Finland 1918 <em>av Jakob Lind<\/em><br \/>\nD\u00f6den p\u00e5 f\u00e4ltsjukhusen under 1808\u201309 \u00e5rs krig <em>av Lars Ericson Wolke<\/em><br \/>\nFr\u00e5n Kongo till Mali \u2013 svenska h\u00f6gre chefers erfarenheter fr\u00e5n internationella insatser 1960\u20132016 <em>av Fredrik Eriksson<\/em><br \/>\nCivilising the Military \u2013 Changes in the Military Concept of the Ideal Soldier in the Swedish Armed Forces Between 1967 and 2019 <em>by Esbj\u00f6rn Larsson<\/em><\/p>\n<h5>Analys &amp; perspektiv<\/h5>\n<p>Kollektiva minnen fr\u00e5n Karl XII:s norska f\u00e4ltt\u00e5g 1716 \u2013 s\u00e5dana huggna i sten och andra <em>av Thomas H\u00f6rberg<\/em><br \/>\n\u00c5land \u2013 hot eller m\u00f6jlighet? <em>av Thomas Roth<\/em><\/p>\n<h5>Litteratur<\/h5>\n<p>Svenskspr\u00e5kiga skyddsk\u00e5rer i \u00d6sterbotten och \u00c5boland <em>av Emma Hellstr\u00f6m<\/em><br \/>\nEn norsk introduktion till Clausewitz <em>av Gunnar \u00c5selius<\/em><br \/>\nSvenska vittnesm\u00e5l fr\u00e5n f\u00f6rsta slesvigska kriget <em>av Gunnar \u00c5selius<\/em><\/p>\n","protected":false},"excerpt":{"rendered":"<p>redakt\u00f6r Bj\u00f6rn K\u00f6rlof<\/p>\n<p>Utgiven 2021 av Kungl Krigsvetenskapsakademien i samarbete med F\u00f6rsvarsh\u00f6gskolan<br \/>\nISSN 0283-8400<\/p>\n<p>Mjukband<br \/>\nFormat 165*242 mm<br \/>\n184 sidor<\/p>\n<p><span style=\"color: #ff0000;\"><strong>Pdf-version<\/strong><\/span>\u00a0kan laddas ned\u00a0<strong>kostnadsfritt<\/strong>\u00a0p\u00e5\u00a0<a href=\"https:\/\/kkrva.se\/militarhistorisk-tidskrift-for-2021\/\" target=\"_blank\" rel=\"noopener\">akademiens hemsida \u00bb<\/a><\/p>\n","protected":false},"featured_media":2698,"template":"","meta":{"site-sidebar-layout":"default","site-content-layout":"","ast-site-content-layout":"default","site-content-style":"default","site-sidebar-style":"default","ast-global-header-display":"","ast-banner-title-visibility":"","ast-main-header-display":"","ast-hfb-above-header-display":"","ast-hfb-below-header-display":"","ast-hfb-mobile-header-display":"","site-post-title":"","ast-breadcrumbs-content":"","ast-featured-img":"","footer-sml-layout":"","ast-disable-related-posts":"","theme-transparent-header-meta":"default","adv-header-id-meta":"","stick-header-meta":"","header-above-stick-meta":"","header-main-stick-meta":"","header-below-stick-meta":"","astra-migrate-meta-layouts":"set","ast-page-background-enabled":"default","ast-page-background-meta":{"desktop":{"background-color":"var(--ast-global-color-5)","background-image":"","background-repeat":"repeat","background-position":"center center","background-size":"auto","background-attachment":"scroll","background-type":"","background-media":"","overlay-type":"","overlay-color":"","overlay-opacity":"","overlay-gradient":""},"tablet":{"background-color":"","background-image":"","background-repeat":"repeat","background-position":"center center","background-size":"auto","background-attachment":"scroll","background-type":"","background-media":"","overlay-type":"","overlay-color":"","overlay-opacity":"","overlay-gradient":""},"mobile":{"background-color":"","background-image":"","background-repeat":"repeat","background-position":"center center","background-size":"auto","background-attachment":"scroll","background-type":"","background-media":"","overlay-type":"","overlay-color":"","overlay-opacity":"","overlay-gradient":""}},"ast-content-background-meta":{"desktop":{"background-color":"var(--ast-global-color-4)","background-image":"","background-repeat":"repeat","background-position":"center center","background-size":"auto","background-attachment":"scroll","background-type":"","background-media":"","overlay-type":"","overlay-color":"","overlay-opacity":"","overlay-gradient":""},"tablet":{"background-color":"var(--ast-global-color-4)","background-image":"","background-repeat":"repeat","background-position":"center center","background-size":"auto","background-attachment":"scroll","background-type":"","background-media":"","overlay-type":"","overlay-color":"","overlay-opacity":"","overlay-gradient":""},"mobile":{"background-color":"var(--ast-global-color-4)","background-image":"","background-repeat":"repeat","background-position":"center center","background-size":"auto","background-attachment":"scroll","background-type":"","background-media":"","overlay-type":"","overlay-color":"","overlay-opacity":"","overlay-gradient":""}}},"product_brand":[],"product_cat":[18,29,30],"product_tag":[],"class_list":{"0":"post-2697","1":"product","2":"type-product","3":"status-publish","4":"has-post-thumbnail","6":"product_cat-fri-nedladdning","7":"product_cat-militarhistorisk-tidskrift","8":"product_cat-tidskrifter","9":"product_shipping_class-latt","10":"desktop-align-center","11":"tablet-align-left","12":"mobile-align-left","14":"first","15":"instock","16":"taxable","17":"shipping-taxable","18":"product-type-simple"},"_links":{"self":[{"href":"https:\/\/kkrva.se\/bookstore\/wp-json\/wp\/v2\/product\/2697","targetHints":{"allow":["GET"]}}],"collection":[{"href":"https:\/\/kkrva.se\/bookstore\/wp-json\/wp\/v2\/product"}],"about":[{"href":"https:\/\/kkrva.se\/bookstore\/wp-json\/wp\/v2\/types\/product"}],"wp:featuredmedia":[{"embeddable":true,"href":"https:\/\/kkrva.se\/bookstore\/wp-json\/wp\/v2\/media\/2698"}],"wp:attachment":[{"href":"https:\/\/kkrva.se\/bookstore\/wp-json\/wp\/v2\/media?parent=2697"}],"wp:term":[{"taxonomy":"product_brand","embeddable":true,"href":"https:\/\/kkrva.se\/bookstore\/wp-json\/wp\/v2\/product_brand?post=2697"},{"taxonomy":"product_cat","embeddable":true,"href":"https:\/\/kkrva.se\/bookstore\/wp-json\/wp\/v2\/product_cat?post=2697"},{"taxonomy":"product_tag","embeddable":true,"href":"https:\/\/kkrva.se\/bookstore\/wp-json\/wp\/v2\/product_tag?post=2697"}],"curies":[{"name":"wp","href":"https:\/\/api.w.org\/{rel}","templated":true}]}}