{"id":260,"date":"2019-05-19T14:28:13","date_gmt":"2019-05-19T14:28:13","guid":{"rendered":"https:\/\/kkrva.com\/bookstore\/?post_type=product&#038;p=260"},"modified":"2025-12-31T13:46:06","modified_gmt":"2025-12-31T13:46:06","slug":"vintersymposiet-2019","status":"publish","type":"product","link":"https:\/\/kkrva.se\/bookstore\/produkt\/vintersymposiet-2019\/","title":{"rendered":"Vintersymposiet 2019: Blickar ut\u00e5t och fram\u00e5t"},"content":{"rendered":"<h4>Vintersymposiet 2019: Blickar ut\u00e5t och fram\u00e5t<\/h4>\n<p>Denna skrift handlar om framtiden i ett globalt perspektiv.<\/p>\n<p>Framtidsbed\u00f6mningar kommer ofta till korta. Likv\u00e4l m\u00e5ste de g\u00f6ras, om vi ska ha n\u00e5got att utg\u00e5 fr\u00e5n. Sj\u00e4lva insikten om m\u00e4nsklig ofullkomlighet att se in i framtidens dimma inneb\u00e4r att vi beh\u00f6ver planera f\u00f6re en omv\u00e4rldsutveckling som kan \u00e4ndras snabbare \u00e4n v\u00e5r\u00a0 anpassningsf\u00f6rm\u00e5ga.<\/p>\n<p>Den tid vi lever i pr\u00e4glas inte av brist p\u00e5 reella och potentiella kriser och krig. Den varningsklocka som kl\u00e4mtar kan knappast n\u00e5gon undg\u00e5 att h\u00f6ra, inte ens den som vill uppfatta verkligheten som den borde vara och endast motvilligt ser den som den \u00e4r.<\/p>\n<p>Barometern visar stormstyrka, vilket p\u00e5verkar s\u00e4kerhetsbilden globalt, europeiskt och nationellt. Stormen beh\u00f6ver inte bryta ut, men den kan inte uteslutas. Vi beh\u00f6ver vara f\u00f6rberedda, mentalt p\u00e5 individniv\u00e5, f\u00f6rm\u00e5gem\u00e4ssigt p\u00e5 nationell niv\u00e5.<\/p>\n","protected":false},"excerpt":{"rendered":"<p>Redakt\u00f6r Tommy Jeppsson<\/p>\n<p>Utgiven 2019 av Kungl Krigsvetenskapsakademien<br \/>\nISBN 978-91-88581-10-5<\/p>\n<p>Ebok (pdf)<br \/>\nFormat 150*220 mm<br \/>\n53 sidor<\/p>\n<p>S\u00e5 snart best\u00e4llning \u00e4r lagd visas l\u00e4nk f\u00f6r nedladdning.<\/p>\n","protected":false},"featured_media":262,"template":"","meta":{"site-sidebar-layout":"default","site-content-layout":"","ast-site-content-layout":"default","site-content-style":"default","site-sidebar-style":"default","ast-global-header-display":"","ast-banner-title-visibility":"","ast-main-header-display":"","ast-hfb-above-header-display":"","ast-hfb-below-header-display":"","ast-hfb-mobile-header-display":"","site-post-title":"","ast-breadcrumbs-content":"","ast-featured-img":"","footer-sml-layout":"","ast-disable-related-posts":"","theme-transparent-header-meta":"","adv-header-id-meta":"","stick-header-meta":"","header-above-stick-meta":"","header-main-stick-meta":"","header-below-stick-meta":"","astra-migrate-meta-layouts":"default","ast-page-background-enabled":"default","ast-page-background-meta":{"desktop":{"background-color":"var(--ast-global-color-5)","background-image":"","background-repeat":"repeat","background-position":"center center","background-size":"auto","background-attachment":"scroll","background-type":"","background-media":"","overlay-type":"","overlay-color":"","overlay-opacity":"","overlay-gradient":""},"tablet":{"background-color":"","background-image":"","background-repeat":"repeat","background-position":"center center","background-size":"auto","background-attachment":"scroll","background-type":"","background-media":"","overlay-type":"","overlay-color":"","overlay-opacity":"","overlay-gradient":""},"mobile":{"background-color":"","background-image":"","background-repeat":"repeat","background-position":"center center","background-size":"auto","background-attachment":"scroll","background-type":"","background-media":"","overlay-type":"","overlay-color":"","overlay-opacity":"","overlay-gradient":""}},"ast-content-background-meta":{"desktop":{"background-color":"var(--ast-global-color-4)","background-image":"","background-repeat":"repeat","background-position":"center center","background-size":"auto","background-attachment":"scroll","background-type":"","background-media":"","overlay-type":"","overlay-color":"","overlay-opacity":"","overlay-gradient":""},"tablet":{"background-color":"var(--ast-global-color-4)","background-image":"","background-repeat":"repeat","background-position":"center center","background-size":"auto","background-attachment":"scroll","background-type":"","background-media":"","overlay-type":"","overlay-color":"","overlay-opacity":"","overlay-gradient":""},"mobile":{"background-color":"var(--ast-global-color-4)","background-image":"","background-repeat":"repeat","background-position":"center center","background-size":"auto","background-attachment":"scroll","background-type":"","background-media":"","overlay-type":"","overlay-color":"","overlay-opacity":"","overlay-gradient":""}}},"product_brand":[],"product_cat":[18],"product_tag":[],"class_list":{"0":"post-260","1":"product","2":"type-product","3":"status-publish","4":"has-post-thumbnail","6":"product_cat-fri-nedladdning","7":"desktop-align-center","8":"tablet-align-left","9":"mobile-align-left","11":"first","12":"outofstock","13":"downloadable","14":"virtual","15":"sold-individually","16":"taxable","17":"purchasable","18":"product-type-simple"},"_links":{"self":[{"href":"https:\/\/kkrva.se\/bookstore\/wp-json\/wp\/v2\/product\/260","targetHints":{"allow":["GET"]}}],"collection":[{"href":"https:\/\/kkrva.se\/bookstore\/wp-json\/wp\/v2\/product"}],"about":[{"href":"https:\/\/kkrva.se\/bookstore\/wp-json\/wp\/v2\/types\/product"}],"wp:featuredmedia":[{"embeddable":true,"href":"https:\/\/kkrva.se\/bookstore\/wp-json\/wp\/v2\/media\/262"}],"wp:attachment":[{"href":"https:\/\/kkrva.se\/bookstore\/wp-json\/wp\/v2\/media?parent=260"}],"wp:term":[{"taxonomy":"product_brand","embeddable":true,"href":"https:\/\/kkrva.se\/bookstore\/wp-json\/wp\/v2\/product_brand?post=260"},{"taxonomy":"product_cat","embeddable":true,"href":"https:\/\/kkrva.se\/bookstore\/wp-json\/wp\/v2\/product_cat?post=260"},{"taxonomy":"product_tag","embeddable":true,"href":"https:\/\/kkrva.se\/bookstore\/wp-json\/wp\/v2\/product_tag?post=260"}],"curies":[{"name":"wp","href":"https:\/\/api.w.org\/{rel}","templated":true}]}}