{"id":2431,"date":"2021-08-10T09:44:27","date_gmt":"2021-08-10T09:44:27","guid":{"rendered":"https:\/\/kkrva.se\/bookstore\/?post_type=product&#038;p=2431"},"modified":"2025-12-31T13:43:46","modified_gmt":"2025-12-31T13:43:46","slug":"en-nationell-sakerhetsstrategi","status":"publish","type":"product","link":"https:\/\/kkrva.se\/bookstore\/produkt\/en-nationell-sakerhetsstrategi\/","title":{"rendered":"En nationell s\u00e4kerhets&shy;strategi \u2013 till vilken nytta?"},"content":{"rendered":"<h3 class=\"fusion-responsive-typography-calculated\" data-fontsize=\"28\" data-lineheight=\"39.2px\">Sveriges nationella s\u00e4kerhets\u00adstrategi \u2013 varken nationell eller strategi<\/h3>\n<p><strong>Regeringen presenterade 2017 en nationell s\u00e4kerhetsstrategi. En projektgrupp inom Krigsvetenskapsakademien konstaterar i en analys att denna departementsprodukt helt saknade f\u00f6rankring utanf\u00f6r kanslihuset, inte ens i riksdagen. Kommuner, regioner och n\u00e4ringsliv har helt l\u00e4mnats utanf\u00f6r. N\u00e4r nu regeringen avser revidera strategin, eg. formulera en ny, m\u00e5ste denna till att b\u00f6rja med f\u00f6rankras p\u00e5 den fr\u00e4msta politiska niv\u00e5n. Projektgruppens analys \u00e4r tydlig liksom dess rekommendation.<\/strong><span id=\"more-23828\"><\/span><\/p>\n<p>En projektgrupp inom Krigsvetenskapsakademien har analyserat den nu g\u00e4llande nationella s\u00e4kerhetsstrategin. Analysen finns i skriften. Analysgruppen menar att en strategi ska vara en brygga mellan m\u00e5l och medel. Regeringen har tagit alldeles f\u00f6r l\u00e4tt p\u00e5 uppgiften och enbart fokuserat p\u00e5 m\u00e5let, vilket blivit s\u00e4rskilt tydligt nu under ett och ett halvt \u00e5r med coronapandemin. Den nationella s\u00e4kerhetsstrategin har tydliga m\u00e5lbeskrivningar f\u00f6r pandemier och andra \u201dh\u00e4lsohot\u201d, men Folkh\u00e4lsomyndigheten och regionerna har uppenbarligen inte l\u00e4st dessa. F\u00f6r det \u00e4r v\u00e4l inte s\u00e5, att de helt enkelt struntat i regeringens anvisningar? Vad \u00e4r det f\u00f6r vits med en strategi, som inte \u00e4r f\u00f6rankrad och som viktiga avn\u00e4mare inte bryr sig om?<\/p>\n<p>Regeringen avser nu att formulera en ny strategi. Utm\u00e4rkt! I denna nya strategi m\u00e5ste g\u00f6ras avgr\u00e4nsningar och prioriteringar. Avgr\u00e4nsningar i hotbilden \u2013 allt farligt kan inte vara med. Prioritering av \u00e5tg\u00e4rder \u2013 det viktigaste m\u00e5ste pekas ut.<\/p>\n<p>F\u00f6r att tydligt f\u00f6rankra den nya nationella s\u00e4kerhetsstrategin p\u00e5 den fr\u00e4msta politiska niv\u00e5n f\u00f6resl\u00e5r Akademiens projektgrupp att regeringen tills\u00e4tter en\u00a0<em>Nationell s\u00e4kerhetsberedning<\/em>\u00a0i likhet med F\u00f6rsvarsberedningen, som ju \u00f6ver \u00e5ren fungerat v\u00e4l. Statsministern har ansvaret f\u00f6r att strategin verkligen blir nationell och ett levande dokument, som kan anv\u00e4ndas av alla de som arbetar med att i olika roller st\u00e4rka v\u00e5r nationella s\u00e4kerhet.<\/p>\n<p>En nationell s\u00e4kerhetsstrategi, som varken \u00e4r nationell eller strategi, har ju ingen nytta av.<\/p>\n<p>Analysen \u00e4r en rapport fr\u00e5n Krigsvetenskapsakademiens projekt\u00a0<em>SES \u2013 S\u00e4kerhet<\/em>\u00a0<em>i morgondagens Europa \u2013 svenska perspektiv.<\/em><\/p>\n<p>F\u00f6r ytterligare information kontakta <a href=\"mailto:bo.r.lundgren@gmail.com\">Bo Richard Lundgren<\/a>.<\/p>\n<p><a href=\"https:\/\/kkrva.se\/ses\/\" target=\"_blank\" rel=\"noopener\"><img loading=\"lazy\" decoding=\"async\" class=\"alignnone wp-image-2304 size-medium\" src=\"https:\/\/kkrva.se\/bookstore\/wp-content\/uploads\/2021\/06\/SES-logo-genomskinlig-300x86.png\" alt=\"SES Logo Genomskinlig 300x86\" width=\"300\" height=\"86\" title=\"En nationell s\u00e4kerhets&shy;strategi \u2013 till vilken nytta?\" srcset=\"https:\/\/kkrva.se\/bookstore\/wp-content\/uploads\/2021\/06\/SES-logo-genomskinlig-300x86.png 300w, https:\/\/kkrva.se\/bookstore\/wp-content\/uploads\/2021\/06\/SES-logo-genomskinlig-600x171.png 600w, https:\/\/kkrva.se\/bookstore\/wp-content\/uploads\/2021\/06\/SES-logo-genomskinlig-1024x292.png 1024w, https:\/\/kkrva.se\/bookstore\/wp-content\/uploads\/2021\/06\/SES-logo-genomskinlig-768x219.png 768w, https:\/\/kkrva.se\/bookstore\/wp-content\/uploads\/2021\/06\/SES-logo-genomskinlig-1536x438.png 1536w, https:\/\/kkrva.se\/bookstore\/wp-content\/uploads\/2021\/06\/SES-logo-genomskinlig-231x66.png 231w, https:\/\/kkrva.se\/bookstore\/wp-content\/uploads\/2021\/06\/SES-logo-genomskinlig-438x125.png 438w, https:\/\/kkrva.se\/bookstore\/wp-content\/uploads\/2021\/06\/SES-logo-genomskinlig.png 2000w\" sizes=\"auto, (max-width: 300px) 100vw, 300px\" \/><\/a><\/p>\n","protected":false},"excerpt":{"rendered":"<p>av Bengt Sundelius och Bo Richard Lundgren<\/p>\n<p>Utgiven 2021 av Kungl Krigsvetenskapsakademien<br \/>\nISBN 978-91-88581-19-8<br \/>\n978-91-88581-20-4 (pdf)<\/p>\n<p>Mjukband<br \/>\nFormat 150*220 mm<br \/>\n140 sidor<\/p>\n<p><span style=\"color: #ff0000;\"><strong>Pdf-version<\/strong><\/span>\u00a0kan laddas ned\u00a0<strong>kostnadsfritt<\/strong>\u00a0p\u00e5\u00a0<a href=\"https:\/\/kkrva.se\/sveriges-nationella-sakerhetsstrategi\/\" target=\"_blank\" rel=\"noopener\">akademiens hemsida \u00bb<\/a><\/p>\n","protected":false},"featured_media":2432,"template":"","meta":{"site-sidebar-layout":"default","site-content-layout":"","ast-site-content-layout":"default","site-content-style":"default","site-sidebar-style":"default","ast-global-header-display":"","ast-banner-title-visibility":"","ast-main-header-display":"","ast-hfb-above-header-display":"","ast-hfb-below-header-display":"","ast-hfb-mobile-header-display":"","site-post-title":"","ast-breadcrumbs-content":"","ast-featured-img":"","footer-sml-layout":"","ast-disable-related-posts":"","theme-transparent-header-meta":"default","adv-header-id-meta":"","stick-header-meta":"","header-above-stick-meta":"","header-main-stick-meta":"","header-below-stick-meta":"","astra-migrate-meta-layouts":"set","ast-page-background-enabled":"default","ast-page-background-meta":{"desktop":{"background-color":"var(--ast-global-color-5)","background-image":"","background-repeat":"repeat","background-position":"center center","background-size":"auto","background-attachment":"scroll","background-type":"","background-media":"","overlay-type":"","overlay-color":"","overlay-opacity":"","overlay-gradient":""},"tablet":{"background-color":"","background-image":"","background-repeat":"repeat","background-position":"center center","background-size":"auto","background-attachment":"scroll","background-type":"","background-media":"","overlay-type":"","overlay-color":"","overlay-opacity":"","overlay-gradient":""},"mobile":{"background-color":"","background-image":"","background-repeat":"repeat","background-position":"center center","background-size":"auto","background-attachment":"scroll","background-type":"","background-media":"","overlay-type":"","overlay-color":"","overlay-opacity":"","overlay-gradient":""}},"ast-content-background-meta":{"desktop":{"background-color":"var(--ast-global-color-4)","background-image":"","background-repeat":"repeat","background-position":"center center","background-size":"auto","background-attachment":"scroll","background-type":"","background-media":"","overlay-type":"","overlay-color":"","overlay-opacity":"","overlay-gradient":""},"tablet":{"background-color":"var(--ast-global-color-4)","background-image":"","background-repeat":"repeat","background-position":"center center","background-size":"auto","background-attachment":"scroll","background-type":"","background-media":"","overlay-type":"","overlay-color":"","overlay-opacity":"","overlay-gradient":""},"mobile":{"background-color":"var(--ast-global-color-4)","background-image":"","background-repeat":"repeat","background-position":"center center","background-size":"auto","background-attachment":"scroll","background-type":"","background-media":"","overlay-type":"","overlay-color":"","overlay-opacity":"","overlay-gradient":""}}},"product_brand":[],"product_cat":[18,32],"product_tag":[],"class_list":{"0":"post-2431","1":"product","2":"type-product","3":"status-publish","4":"has-post-thumbnail","6":"product_cat-fri-nedladdning","7":"product_cat-ses-projektet","8":"desktop-align-center","9":"tablet-align-left","10":"mobile-align-left","12":"first","13":"instock","14":"virtual","15":"taxable","16":"product-type-simple"},"_links":{"self":[{"href":"https:\/\/kkrva.se\/bookstore\/wp-json\/wp\/v2\/product\/2431","targetHints":{"allow":["GET"]}}],"collection":[{"href":"https:\/\/kkrva.se\/bookstore\/wp-json\/wp\/v2\/product"}],"about":[{"href":"https:\/\/kkrva.se\/bookstore\/wp-json\/wp\/v2\/types\/product"}],"wp:featuredmedia":[{"embeddable":true,"href":"https:\/\/kkrva.se\/bookstore\/wp-json\/wp\/v2\/media\/2432"}],"wp:attachment":[{"href":"https:\/\/kkrva.se\/bookstore\/wp-json\/wp\/v2\/media?parent=2431"}],"wp:term":[{"taxonomy":"product_brand","embeddable":true,"href":"https:\/\/kkrva.se\/bookstore\/wp-json\/wp\/v2\/product_brand?post=2431"},{"taxonomy":"product_cat","embeddable":true,"href":"https:\/\/kkrva.se\/bookstore\/wp-json\/wp\/v2\/product_cat?post=2431"},{"taxonomy":"product_tag","embeddable":true,"href":"https:\/\/kkrva.se\/bookstore\/wp-json\/wp\/v2\/product_tag?post=2431"}],"curies":[{"name":"wp","href":"https:\/\/api.w.org\/{rel}","templated":true}]}}