{"id":210,"date":"2025-01-01T08:00:15","date_gmt":"2025-01-01T08:00:15","guid":{"rendered":"https:\/\/kkrva.com\/bookstore\/?post_type=product&#038;p=210"},"modified":"2026-04-24T07:47:45","modified_gmt":"2026-04-24T07:47:45","slug":"handlingar-och-tidskrift","status":"publish","type":"product","link":"https:\/\/kkrva.se\/bookstore\/produkt\/handlingar-och-tidskrift\/","title":{"rendered":"KKrVA Tidskrift"},"content":{"rendered":"<p>Fyra g\u00e5nger per \u00e5r utges Kungl Krigsvetenskapsakademiens Tidskrift, vardagligt kallad \u201dGulan\u201d p g a sitt gula omslag. Inneh\u00e5llet t\u00e4cker alla aspekter av totalf\u00f6rsvaret, s\u00e5som s\u00e4kerhetspolitik, milit\u00e4rteknik, strategi, operationskonst, milit\u00e4rhistoria m m. F\u00f6rfattare \u00e4r \u2013 f\u00f6rutom akademiens ledam\u00f6ter \u2013 andra framst\u00e5ende skribenter, forskare och debatt\u00f6rer med anknytning till totalf\u00f6rsvarets olika delar.<\/p>\n<p>Redakt\u00f6r \u00e4r \u00f6verstel\u00f6jtnant Tommy Jeppsson.<\/p>\n<p>KKrVAT \u00e4r den enda svenska publikation som samtidigt ger Dig:<\/p>\n<ul>\n<li>kvalificerade analyser av totalf\u00f6rsvaret,<\/li>\n<li>den aktuella debatten om s\u00e4kerhets- och f\u00f6rsvarspolitik, samt<\/li>\n<li>historiska perspektiv och framtidsvisioner.<\/li>\n<\/ul>\n<p>KKrVAT har utkommit oavbrutet sedan 1832 och \u00e4r en utm\u00e4rkt k\u00e4lla till studier \u00f6ver krigskonstens utveckling under de senaste 200 \u00e5ren.<\/p>\n","protected":false},"excerpt":{"rendered":"<p>Utges av Kungl Krigsvetenskapsakademien<br \/>\nFyra utg\u00e5vor per \u00e5r (mars, juni, okt, dec)<br \/>\nISSN 0023-5369<\/p>\n<p>Mjukband<br \/>\nFormat 165*240 mm<br \/>\n192 sidor (sidantalet kan variera)<\/p>\n<p>900 kr inom Sverige<br \/>\n1.300 kr utanf\u00f6r Sverige men inom EU<br \/>\n1.400 kr utanf\u00f6r EU<\/p>\n<p>Priserna ovan avser en \u00e5rsprenumeration av tryckt utg\u00e5va inom valt geografiskt omr\u00e5de.<\/p>\n<p>Enstaka utg\u00e5va kan best\u00e4llas f\u00f6r 300 kr inom Sverige och avser aktuell utg\u00e5va om inte annat anges i best\u00e4llningen. Priset inkluderar frakt.<\/p>\n","protected":false},"featured_media":5206,"template":"","meta":{"site-sidebar-layout":"default","site-content-layout":"","ast-site-content-layout":"default","site-content-style":"default","site-sidebar-style":"default","ast-global-header-display":"","ast-banner-title-visibility":"","ast-main-header-display":"","ast-hfb-above-header-display":"","ast-hfb-below-header-display":"","ast-hfb-mobile-header-display":"","site-post-title":"","ast-breadcrumbs-content":"","ast-featured-img":"","footer-sml-layout":"","ast-disable-related-posts":"","theme-transparent-header-meta":"default","adv-header-id-meta":"","stick-header-meta":"","header-above-stick-meta":"","header-main-stick-meta":"","header-below-stick-meta":"","astra-migrate-meta-layouts":"set","ast-page-background-enabled":"default","ast-page-background-meta":{"desktop":{"background-color":"var(--ast-global-color-5)","background-image":"","background-repeat":"repeat","background-position":"center center","background-size":"auto","background-attachment":"scroll","background-type":"","background-media":"","overlay-type":"","overlay-color":"","overlay-opacity":"","overlay-gradient":""},"tablet":{"background-color":"","background-image":"","background-repeat":"repeat","background-position":"center center","background-size":"auto","background-attachment":"scroll","background-type":"","background-media":"","overlay-type":"","overlay-color":"","overlay-opacity":"","overlay-gradient":""},"mobile":{"background-color":"","background-image":"","background-repeat":"repeat","background-position":"center center","background-size":"auto","background-attachment":"scroll","background-type":"","background-media":"","overlay-type":"","overlay-color":"","overlay-opacity":"","overlay-gradient":""}},"ast-content-background-meta":{"desktop":{"background-color":"var(--ast-global-color-4)","background-image":"","background-repeat":"repeat","background-position":"center center","background-size":"auto","background-attachment":"scroll","background-type":"","background-media":"","overlay-type":"","overlay-color":"","overlay-opacity":"","overlay-gradient":""},"tablet":{"background-color":"var(--ast-global-color-4)","background-image":"","background-repeat":"repeat","background-position":"center center","background-size":"auto","background-attachment":"scroll","background-type":"","background-media":"","overlay-type":"","overlay-color":"","overlay-opacity":"","overlay-gradient":""},"mobile":{"background-color":"var(--ast-global-color-4)","background-image":"","background-repeat":"repeat","background-position":"center center","background-size":"auto","background-attachment":"scroll","background-type":"","background-media":"","overlay-type":"","overlay-color":"","overlay-opacity":"","overlay-gradient":""}}},"product_brand":[],"product_cat":[23,30],"product_tag":[],"class_list":{"0":"post-210","1":"product","2":"type-product","3":"status-publish","4":"has-post-thumbnail","6":"product_cat-kkrva-tidskrift","7":"product_cat-tidskrifter","8":"desktop-align-center","9":"tablet-align-left","10":"mobile-align-left","12":"first","13":"instock","14":"taxable","15":"shipping-taxable","16":"purchasable","17":"product-type-variable"},"_links":{"self":[{"href":"https:\/\/kkrva.se\/bookstore\/wp-json\/wp\/v2\/product\/210","targetHints":{"allow":["GET"]}}],"collection":[{"href":"https:\/\/kkrva.se\/bookstore\/wp-json\/wp\/v2\/product"}],"about":[{"href":"https:\/\/kkrva.se\/bookstore\/wp-json\/wp\/v2\/types\/product"}],"wp:featuredmedia":[{"embeddable":true,"href":"https:\/\/kkrva.se\/bookstore\/wp-json\/wp\/v2\/media\/5206"}],"wp:attachment":[{"href":"https:\/\/kkrva.se\/bookstore\/wp-json\/wp\/v2\/media?parent=210"}],"wp:term":[{"taxonomy":"product_brand","embeddable":true,"href":"https:\/\/kkrva.se\/bookstore\/wp-json\/wp\/v2\/product_brand?post=210"},{"taxonomy":"product_cat","embeddable":true,"href":"https:\/\/kkrva.se\/bookstore\/wp-json\/wp\/v2\/product_cat?post=210"},{"taxonomy":"product_tag","embeddable":true,"href":"https:\/\/kkrva.se\/bookstore\/wp-json\/wp\/v2\/product_tag?post=210"}],"curies":[{"name":"wp","href":"https:\/\/api.w.org\/{rel}","templated":true}]}}