{"id":2040,"date":"2020-11-15T10:48:17","date_gmt":"2020-11-15T10:48:17","guid":{"rendered":"https:\/\/kkrva.se\/bookstore\/?post_type=product&#038;p=2040"},"modified":"2025-12-31T13:44:22","modified_gmt":"2025-12-31T13:44:22","slug":"engulfed-in-flames","status":"publish","type":"product","link":"https:\/\/kkrva.se\/bookstore\/produkt\/engulfed-in-flames\/","title":{"rendered":"Engulfed in flames"},"content":{"rendered":"<h4>Interim report from the SES project<\/h4>\n<h3>Security of Europe \u2013 The Southern dimension<\/h3>\n<p>The security landscape in and around Europe is not at all reassuring. In 2020 developments have been dramatic. In this report this refers to fire resulting from conflicts, from organized crime and terrorism, fire in refugee camps and notably fire resulting from climate change. And then there are all the manifestations of burning crises which can be observed in other ways, including civil unrest, violence, oppression, torture and refugee flows not to speak of the burning lungs of Covid-19 patients.<\/p>\n<h4>Key observations:<\/h4>\n<p>This report looks beyond an evaluation of the current security environment in the <strong>European Southern neighbourhood<\/strong> and discusses the links between challenges and responses:<\/p>\n<ul>\n<li>The <em>threat of war<\/em> spilling over from the South to Europe \u2013 or otherwise impacting Europe \u2013 requires capacity building \u2013 but such capacity building risks coming too late<\/li>\n<li>Other short- to longer term threats and challenges, notably related to <strong>flow security<\/strong> also require capacity building as well as continuity and comprehensiveness<\/li>\n<li>The <strong>transatlantic link<\/strong> remains fundamental at least as long as sufficient European capacity is not built. Still the containment proposition \u2013 that great powers will in some way protect Europe from threats from the South \u2013 needs to be revisited<\/li>\n<li>Demands on <strong>EU(rope)<\/strong> \u2013 institutions as well as individual European states \u2013 will be increasing. But capacity building in light of Covid-19 inevitably means more austere budgets<\/li>\n<li><strong>Strategic autonomy<\/strong> is a wider issue than the military dimension \u2013 already a contentious debate \u2013 and includes, notably in light of the Covid-19 experiences, <strong>supply security<\/strong><\/li>\n<li>There is a need for a <strong>comprehensive approach 2.0<\/strong> \u2013 a realistic synthesis that includes the military dimension<\/li>\n<li>The overall <strong>securitization of the Southern dimension<\/strong> and related policies need to be carefully calibrated not to bring counterproductive effects \u2013 necessarily a painful balancing act.<\/li>\n<\/ul>\n<p>Skriften utg\u00f6r en andra rapport fr\u00e5n delprojektgruppen (Dp S\u00e4k)\u00a0 inom ramen f\u00f6r Kungl Krigsvetenskapsakademiens projekt S\u00e4kerhet i morgondagens Europa (SES). Ett antal experter har bidragit med kunskaper inom sina specialomr\u00e5den.<\/p>\n","protected":false},"excerpt":{"rendered":"<p>Author: Lars-Erik Lundin and Michael Sahlin<\/p>\n<p>Published 2020 by Kungl Krigsvetenskapsakademien<br \/>\nISBN 978-91-88581-15-0 (978-91-88581-16-7 pdf)<\/p>\n<p>E-book (pdf)<br \/>\nFormat 150*220 mm<br \/>\n128 pages<\/p>\n<p><span style=\"color: #ff0000;\"><strong>Pdf-version<\/strong><\/span> can be downloaded free of charge from the <a href=\"https:\/\/kkrva.se\/dear-reader\/\" target=\"_blank\" rel=\"noopener\">Academy&#8217;s website \u00bb<\/a><\/p>\n","protected":false},"featured_media":2899,"template":"","meta":{"site-sidebar-layout":"default","site-content-layout":"","ast-site-content-layout":"default","site-content-style":"default","site-sidebar-style":"default","ast-global-header-display":"","ast-banner-title-visibility":"","ast-main-header-display":"","ast-hfb-above-header-display":"","ast-hfb-below-header-display":"","ast-hfb-mobile-header-display":"","site-post-title":"","ast-breadcrumbs-content":"","ast-featured-img":"","footer-sml-layout":"","ast-disable-related-posts":"","theme-transparent-header-meta":"","adv-header-id-meta":"","stick-header-meta":"","header-above-stick-meta":"","header-main-stick-meta":"","header-below-stick-meta":"","astra-migrate-meta-layouts":"default","ast-page-background-enabled":"default","ast-page-background-meta":{"desktop":{"background-color":"var(--ast-global-color-5)","background-image":"","background-repeat":"repeat","background-position":"center center","background-size":"auto","background-attachment":"scroll","background-type":"","background-media":"","overlay-type":"","overlay-color":"","overlay-opacity":"","overlay-gradient":""},"tablet":{"background-color":"","background-image":"","background-repeat":"repeat","background-position":"center center","background-size":"auto","background-attachment":"scroll","background-type":"","background-media":"","overlay-type":"","overlay-color":"","overlay-opacity":"","overlay-gradient":""},"mobile":{"background-color":"","background-image":"","background-repeat":"repeat","background-position":"center center","background-size":"auto","background-attachment":"scroll","background-type":"","background-media":"","overlay-type":"","overlay-color":"","overlay-opacity":"","overlay-gradient":""}},"ast-content-background-meta":{"desktop":{"background-color":"var(--ast-global-color-4)","background-image":"","background-repeat":"repeat","background-position":"center center","background-size":"auto","background-attachment":"scroll","background-type":"","background-media":"","overlay-type":"","overlay-color":"","overlay-opacity":"","overlay-gradient":""},"tablet":{"background-color":"var(--ast-global-color-4)","background-image":"","background-repeat":"repeat","background-position":"center center","background-size":"auto","background-attachment":"scroll","background-type":"","background-media":"","overlay-type":"","overlay-color":"","overlay-opacity":"","overlay-gradient":""},"mobile":{"background-color":"var(--ast-global-color-4)","background-image":"","background-repeat":"repeat","background-position":"center center","background-size":"auto","background-attachment":"scroll","background-type":"","background-media":"","overlay-type":"","overlay-color":"","overlay-opacity":"","overlay-gradient":""}}},"product_brand":[],"product_cat":[18,32],"product_tag":[],"class_list":{"0":"post-2040","1":"product","2":"type-product","3":"status-publish","4":"has-post-thumbnail","6":"product_cat-fri-nedladdning","7":"product_cat-ses-projektet","8":"desktop-align-center","9":"tablet-align-left","10":"mobile-align-left","12":"first","13":"outofstock","14":"sold-individually","15":"taxable","16":"shipping-taxable","17":"product-type-simple"},"_links":{"self":[{"href":"https:\/\/kkrva.se\/bookstore\/wp-json\/wp\/v2\/product\/2040","targetHints":{"allow":["GET"]}}],"collection":[{"href":"https:\/\/kkrva.se\/bookstore\/wp-json\/wp\/v2\/product"}],"about":[{"href":"https:\/\/kkrva.se\/bookstore\/wp-json\/wp\/v2\/types\/product"}],"wp:featuredmedia":[{"embeddable":true,"href":"https:\/\/kkrva.se\/bookstore\/wp-json\/wp\/v2\/media\/2899"}],"wp:attachment":[{"href":"https:\/\/kkrva.se\/bookstore\/wp-json\/wp\/v2\/media?parent=2040"}],"wp:term":[{"taxonomy":"product_brand","embeddable":true,"href":"https:\/\/kkrva.se\/bookstore\/wp-json\/wp\/v2\/product_brand?post=2040"},{"taxonomy":"product_cat","embeddable":true,"href":"https:\/\/kkrva.se\/bookstore\/wp-json\/wp\/v2\/product_cat?post=2040"},{"taxonomy":"product_tag","embeddable":true,"href":"https:\/\/kkrva.se\/bookstore\/wp-json\/wp\/v2\/product_tag?post=2040"}],"curies":[{"name":"wp","href":"https:\/\/api.w.org\/{rel}","templated":true}]}}