{"id":1920,"date":"2013-01-11T16:35:08","date_gmt":"2013-01-11T16:35:08","guid":{"rendered":"https:\/\/kkrva.se\/bookstore\/?post_type=product&#038;p=1920"},"modified":"2025-12-31T13:50:46","modified_gmt":"2025-12-31T13:50:46","slug":"for-sveriges-sakerhet-dig","status":"publish","type":"product","link":"https:\/\/kkrva.se\/bookstore\/produkt\/for-sveriges-sakerhet-dig\/","title":{"rendered":"F\u00f6r Sveriges S\u00e4kerhet"},"content":{"rendered":"<p>Det svenska f\u00f6rsvaret genomg\u00e5r just nu den st\u00f6rsta f\u00f6r\u00e4ndringen sedan den allm\u00e4nna v\u00e4rnplikten inf\u00f6rdes f\u00f6r mer \u00e4n hundra \u00e5r sedan. Soldaterna i v\u00e5ra stridsvagnar, bes\u00e4ttningarna p\u00e5 v\u00e5ra ub\u00e5tar och korvetter och teamen som f\u00f6rbereder v\u00e5ra Gripenflygplan f\u00f6r deras uppdrag \u00e4r numera anst\u00e4llda i F\u00f6rsvarsmakten och inte l\u00e4ngre v\u00e4rnpliktiga. Omv\u00e4rlden har ocks\u00e5 den f\u00f6r\u00e4ndrats. Sovjetunionen finns inte l\u00e4ngre och EU omfattar 27 stater. De s\u00e4kerhetspolitiska f\u00f6ruts\u00e4ttningarna f\u00f6r v\u00e5rt samh\u00e4lles s\u00e4kerhet \u00e4r inte l\u00e4ngre desamma.<\/p>\n<p>I denna omdaning av det svenska f\u00f6rsvaret finns det m\u00e5nga os\u00e4kerheter, risker och hot. Kungl Krigsvetenskapsakademien har i ett projekt ben\u00e4mnt <em>Svensk s\u00e4kerhet efter 2014<\/em>, som b\u00f6rjade v\u00e5ren 2011, s\u00f6kt belysa dessa i perspektivet bortom 2014, n\u00e4r den nya f\u00f6rsvarsorganisationen skulle vara insatsberedd.<\/p>\n<p>Den h\u00e4r boken presenterar resultatet av projektet som har engagerat akademien inom dess olika kompetensomr\u00e5den, fr\u00e5n konstitutionella fr\u00e5gor \u00f6ver s\u00e4kerhetspolitik och omv\u00e4rldsanalyser, f\u00f6rsvarsfr\u00e5gor och teknisk utveckling till den icke-milit\u00e4ra s\u00e4kerheten i samh\u00e4llet. Genom projektets mycket breda anslag belyses de olika omr\u00e5dena med sina slutsatser och rekommendationer. Boken avslutas med en genomlysande syntes och sammanfattning av de viktigaste slutsatserna r\u00f6rande f\u00f6rsvarets f\u00f6rm\u00e5ga och ekonomi, samh\u00e4llsf\u00f6rsvar, teknikens roll och den politiska processen.<\/p>\n","protected":false},"excerpt":{"rendered":"<p>Redakt\u00f6r: Tommy Jeppsson<\/p>\n<p>Utgiven 2013 av Kungl Krigsvetenskapsakademien<br \/>\nISBN 978-91-980676-9-9<\/p>\n<p>Ebok (pdf)<br \/>\nFormat 155*225 mm<br \/>\n404 sidor<\/p>\n<p>S\u00e5 snart best\u00e4llning \u00e4r lagd visas l\u00e4nk f\u00f6r nedladdning.<\/p>\n","protected":false},"featured_media":72,"template":"","meta":{"site-sidebar-layout":"default","site-content-layout":"","ast-site-content-layout":"default","site-content-style":"default","site-sidebar-style":"default","ast-global-header-display":"","ast-banner-title-visibility":"","ast-main-header-display":"","ast-hfb-above-header-display":"","ast-hfb-below-header-display":"","ast-hfb-mobile-header-display":"","site-post-title":"","ast-breadcrumbs-content":"","ast-featured-img":"","footer-sml-layout":"","ast-disable-related-posts":"","theme-transparent-header-meta":"","adv-header-id-meta":"","stick-header-meta":"","header-above-stick-meta":"","header-main-stick-meta":"","header-below-stick-meta":"","astra-migrate-meta-layouts":"default","ast-page-background-enabled":"default","ast-page-background-meta":{"desktop":{"background-color":"var(--ast-global-color-5)","background-image":"","background-repeat":"repeat","background-position":"center center","background-size":"auto","background-attachment":"scroll","background-type":"","background-media":"","overlay-type":"","overlay-color":"","overlay-opacity":"","overlay-gradient":""},"tablet":{"background-color":"","background-image":"","background-repeat":"repeat","background-position":"center center","background-size":"auto","background-attachment":"scroll","background-type":"","background-media":"","overlay-type":"","overlay-color":"","overlay-opacity":"","overlay-gradient":""},"mobile":{"background-color":"","background-image":"","background-repeat":"repeat","background-position":"center center","background-size":"auto","background-attachment":"scroll","background-type":"","background-media":"","overlay-type":"","overlay-color":"","overlay-opacity":"","overlay-gradient":""}},"ast-content-background-meta":{"desktop":{"background-color":"var(--ast-global-color-4)","background-image":"","background-repeat":"repeat","background-position":"center center","background-size":"auto","background-attachment":"scroll","background-type":"","background-media":"","overlay-type":"","overlay-color":"","overlay-opacity":"","overlay-gradient":""},"tablet":{"background-color":"var(--ast-global-color-4)","background-image":"","background-repeat":"repeat","background-position":"center center","background-size":"auto","background-attachment":"scroll","background-type":"","background-media":"","overlay-type":"","overlay-color":"","overlay-opacity":"","overlay-gradient":""},"mobile":{"background-color":"var(--ast-global-color-4)","background-image":"","background-repeat":"repeat","background-position":"center center","background-size":"auto","background-attachment":"scroll","background-type":"","background-media":"","overlay-type":"","overlay-color":"","overlay-opacity":"","overlay-gradient":""}}},"product_brand":[],"product_cat":[18],"product_tag":[],"class_list":{"0":"post-1920","1":"product","2":"type-product","3":"status-publish","4":"has-post-thumbnail","6":"product_cat-fri-nedladdning","7":"desktop-align-center","8":"tablet-align-left","9":"mobile-align-left","11":"first","12":"instock","13":"downloadable","14":"virtual","15":"sold-individually","16":"taxable","17":"purchasable","18":"product-type-simple"},"_links":{"self":[{"href":"https:\/\/kkrva.se\/bookstore\/wp-json\/wp\/v2\/product\/1920","targetHints":{"allow":["GET"]}}],"collection":[{"href":"https:\/\/kkrva.se\/bookstore\/wp-json\/wp\/v2\/product"}],"about":[{"href":"https:\/\/kkrva.se\/bookstore\/wp-json\/wp\/v2\/types\/product"}],"wp:featuredmedia":[{"embeddable":true,"href":"https:\/\/kkrva.se\/bookstore\/wp-json\/wp\/v2\/media\/72"}],"wp:attachment":[{"href":"https:\/\/kkrva.se\/bookstore\/wp-json\/wp\/v2\/media?parent=1920"}],"wp:term":[{"taxonomy":"product_brand","embeddable":true,"href":"https:\/\/kkrva.se\/bookstore\/wp-json\/wp\/v2\/product_brand?post=1920"},{"taxonomy":"product_cat","embeddable":true,"href":"https:\/\/kkrva.se\/bookstore\/wp-json\/wp\/v2\/product_cat?post=1920"},{"taxonomy":"product_tag","embeddable":true,"href":"https:\/\/kkrva.se\/bookstore\/wp-json\/wp\/v2\/product_tag?post=1920"}],"curies":[{"name":"wp","href":"https:\/\/api.w.org\/{rel}","templated":true}]}}