{"id":1918,"date":"2017-03-21T16:28:30","date_gmt":"2017-03-21T16:28:30","guid":{"rendered":"https:\/\/kkrva.se\/bookstore\/?post_type=product&#038;p=1918"},"modified":"2025-12-31T13:47:50","modified_gmt":"2025-12-31T13:47:50","slug":"sverige-vart-att-skydda-dig","status":"publish","type":"product","link":"https:\/\/kkrva.se\/bookstore\/produkt\/sverige-vart-att-skydda-dig\/","title":{"rendered":"Sverige &#8211; v\u00e4rt att skydda"},"content":{"rendered":"<h4>Ett s\u00e5rbart samh\u00e4lle kr\u00e4ver ett modernt civilt f\u00f6rsvar<\/h4>\n<p>Efter det kalla krigets slut gjordes bed\u00f6mningen att Sverige under \u00f6versk\u00e5dlig tid inte skulle komma att direkt ber\u00f6ras av v\u00e4pnade konflikter. Invasionsf\u00f6rsvaret lades ned och ett s\u00a0k insatsf\u00f6rsvar byggdes upp. Tonvikten lades p\u00e5 internationella operationer.<\/p>\n<p>Ocks\u00e5 det civila f\u00f6rsvaret avvecklades n\u00e4stan helt. Det eftertr\u00e4ddes av det nuvarande systemet som \u00e4r en struktur avsedd att hantera fredstida kriser. Det \u00e4r emellertid inte anpassat till dagens hot.<\/p>\n<p>Det moderna samh\u00e4llet \u00e4r s\u00e5rbart p\u00e5 ett nytt s\u00e4tt. D\u00e4rmed har f\u00f6ruts\u00e4ttningar f\u00f6r nya former av antagonistisk verksamhet uppst\u00e5tt. Icke-milit\u00e4ra och milit\u00e4ra angreppsformer flyter ihop, och det finns inte l\u00e4ngre en tydlig gr\u00e4ns mellan intern och extern s\u00e4kerhet. Angriparen kan vara en stat eller statsst\u00f6dd genom ombud (proxies), men beh\u00f6ver inte vara det. Angreppen beh\u00f6ver inte vara milit\u00e4ra. De kan ske p\u00e5 distans och i dolda former. Ett nytt och modernt civilt f\u00f6rsvar m\u00e5ste d\u00e4rf\u00f6r byggas upp.<\/p>\n<p>Denna bok \u00e4r avsedd att genom beskrivning av aktuellt l\u00e4ge, problemformulering, analys och f\u00f6rslag l\u00e4mna bidrag till v\u00e4l underbyggda beslut avseende det framtida civila f\u00f6rsvaret. Den ger inriktningen f\u00f6r hur Ett modernt civilt f\u00f6rsvar b\u00f6r byggas upp.<\/p>\n","protected":false},"excerpt":{"rendered":"<p>Redakt\u00f6r: Thomas H\u00f6rberg<\/p>\n<p>Utgiven 2017 av Kungl Krigsvetenskapsakademien<br \/>\nISBN 978-91-88581-00-6<\/p>\n<p>Ebok (pdf)<br \/>\nFormat 155*225 mm<br \/>\n388 sidor<\/p>\n<p>S\u00e5 snart best\u00e4llning \u00e4r lagd visas l\u00e4nk f\u00f6r nedladdning.<\/p>\n","protected":false},"featured_media":3203,"template":"","meta":{"site-sidebar-layout":"default","site-content-layout":"","ast-site-content-layout":"default","site-content-style":"default","site-sidebar-style":"default","ast-global-header-display":"","ast-banner-title-visibility":"","ast-main-header-display":"","ast-hfb-above-header-display":"","ast-hfb-below-header-display":"","ast-hfb-mobile-header-display":"","site-post-title":"","ast-breadcrumbs-content":"","ast-featured-img":"","footer-sml-layout":"","ast-disable-related-posts":"","theme-transparent-header-meta":"","adv-header-id-meta":"","stick-header-meta":"","header-above-stick-meta":"","header-main-stick-meta":"","header-below-stick-meta":"","astra-migrate-meta-layouts":"default","ast-page-background-enabled":"default","ast-page-background-meta":{"desktop":{"background-color":"var(--ast-global-color-5)","background-image":"","background-repeat":"repeat","background-position":"center center","background-size":"auto","background-attachment":"scroll","background-type":"","background-media":"","overlay-type":"","overlay-color":"","overlay-opacity":"","overlay-gradient":""},"tablet":{"background-color":"","background-image":"","background-repeat":"repeat","background-position":"center center","background-size":"auto","background-attachment":"scroll","background-type":"","background-media":"","overlay-type":"","overlay-color":"","overlay-opacity":"","overlay-gradient":""},"mobile":{"background-color":"","background-image":"","background-repeat":"repeat","background-position":"center center","background-size":"auto","background-attachment":"scroll","background-type":"","background-media":"","overlay-type":"","overlay-color":"","overlay-opacity":"","overlay-gradient":""}},"ast-content-background-meta":{"desktop":{"background-color":"var(--ast-global-color-4)","background-image":"","background-repeat":"repeat","background-position":"center center","background-size":"auto","background-attachment":"scroll","background-type":"","background-media":"","overlay-type":"","overlay-color":"","overlay-opacity":"","overlay-gradient":""},"tablet":{"background-color":"var(--ast-global-color-4)","background-image":"","background-repeat":"repeat","background-position":"center center","background-size":"auto","background-attachment":"scroll","background-type":"","background-media":"","overlay-type":"","overlay-color":"","overlay-opacity":"","overlay-gradient":""},"mobile":{"background-color":"var(--ast-global-color-4)","background-image":"","background-repeat":"repeat","background-position":"center center","background-size":"auto","background-attachment":"scroll","background-type":"","background-media":"","overlay-type":"","overlay-color":"","overlay-opacity":"","overlay-gradient":""}}},"product_brand":[],"product_cat":[18,33],"product_tag":[],"class_list":{"0":"post-1918","1":"product","2":"type-product","3":"status-publish","4":"has-post-thumbnail","6":"product_cat-fri-nedladdning","7":"product_cat-kv21","8":"desktop-align-center","9":"tablet-align-left","10":"mobile-align-left","12":"first","13":"instock","14":"downloadable","15":"virtual","16":"sold-individually","17":"taxable","18":"purchasable","19":"product-type-simple"},"_links":{"self":[{"href":"https:\/\/kkrva.se\/bookstore\/wp-json\/wp\/v2\/product\/1918","targetHints":{"allow":["GET"]}}],"collection":[{"href":"https:\/\/kkrva.se\/bookstore\/wp-json\/wp\/v2\/product"}],"about":[{"href":"https:\/\/kkrva.se\/bookstore\/wp-json\/wp\/v2\/types\/product"}],"wp:featuredmedia":[{"embeddable":true,"href":"https:\/\/kkrva.se\/bookstore\/wp-json\/wp\/v2\/media\/3203"}],"wp:attachment":[{"href":"https:\/\/kkrva.se\/bookstore\/wp-json\/wp\/v2\/media?parent=1918"}],"wp:term":[{"taxonomy":"product_brand","embeddable":true,"href":"https:\/\/kkrva.se\/bookstore\/wp-json\/wp\/v2\/product_brand?post=1918"},{"taxonomy":"product_cat","embeddable":true,"href":"https:\/\/kkrva.se\/bookstore\/wp-json\/wp\/v2\/product_cat?post=1918"},{"taxonomy":"product_tag","embeddable":true,"href":"https:\/\/kkrva.se\/bookstore\/wp-json\/wp\/v2\/product_tag?post=1918"}],"curies":[{"name":"wp","href":"https:\/\/api.w.org\/{rel}","templated":true}]}}