{"id":1182,"date":"2020-06-18T09:01:14","date_gmt":"2020-06-18T09:01:14","guid":{"rendered":"https:\/\/kkrva.se\/bookstore\/?post_type=product&#038;p=1182"},"modified":"2025-12-31T13:44:32","modified_gmt":"2025-12-31T13:44:32","slug":"var-marin-for-ett-tryggt-sverige-och-ett-starkt-europa","status":"publish","type":"product","link":"https:\/\/kkrva.se\/bookstore\/produkt\/var-marin-for-ett-tryggt-sverige-och-ett-starkt-europa\/","title":{"rendered":"V\u00e5r marin f\u00f6r ett tryggt Sverige och ett starkt Europa"},"content":{"rendered":"<h4>Delrapport fr\u00e5n projektet SES<\/h4>\n<h3>Ett radikalt omtag beh\u00f6ver g\u00f6ras inom hela totalf\u00f6rsvaret, milit\u00e4rt och civilt.<\/h3>\n<p>Den svenska marinen \u00e4r f\u00f6r liten f\u00f6r v\u00e5r l\u00e5nga kust. Vi har inte haft s\u00e5 f\u00e5 anv\u00e4ndbara stridsfartyg sedan 1800-talet. Detta faktum skulle medf\u00f6ra sv\u00e5ra avv\u00e4gningsproblem f\u00f6r regeringen och \u00d6verbef\u00e4lhavaren i kris eller krig. I <em>V\u00e5r marin f\u00f6r ett tryggt Sverige och ett starkt Europa<\/em> granskas de strategiska och operativa f\u00f6rdelar som en rimligt f\u00f6rst\u00e4rkt marin skulle tillf\u00f6ra Sveriges f\u00f6rsvar och Europas maritima s\u00e4kerhet fram emot 2030. Denna marin \u00e4r ungef\u00e4r dubbelt s\u00e5 stor som dagens, har mer personal och utnyttjar h\u00f6gteknologi f\u00f6r att bli ekonomisk och slagkraftig: obemannade, autonoma fartyg, artificiell intelligens, cyberf\u00f6rm\u00e5ga m\u00a0m.<\/p>\n<p>Boken utg\u00f6r den marina delprojektgruppens (Dp Sj\u00f6) rapport inom ramen f\u00f6r Kungl Krigsvetenskapsakademiens projekt S\u00e4kerhet i morgondagens Europa (SES). Ett antal marina experter har bidragit med text inom sina specialomr\u00e5den.<\/p>\n","protected":false},"excerpt":{"rendered":"<p>F\u00f6rfattare: Odd Werin &amp; Lars Wedin<\/p>\n<p>Utgiven 2020 av Kungl Krigsvetenskapsakademien<br \/>\nISBN 978-91-88581-13-6 (978-91-88581-14-3 pdf)<\/p>\n<p>Ebok (pdf)<br \/>\nFormat 150*220 mm<br \/>\n168 sidor<\/p>\n<p><span style=\"color: #ff0000;\"><strong>Pdf-version<\/strong><\/span>\u00a0kan laddas ned\u00a0<strong>kostnadsfritt<\/strong>\u00a0p\u00e5\u00a0<a href=\"https:\/\/kkrva.se\/marinen-behover-vaxa\/\" target=\"_blank\" rel=\"noopener\">akademiens hemsida \u00bb<\/a><\/p>\n","protected":false},"featured_media":2900,"template":"","meta":{"site-sidebar-layout":"default","site-content-layout":"","ast-site-content-layout":"default","site-content-style":"default","site-sidebar-style":"default","ast-global-header-display":"","ast-banner-title-visibility":"","ast-main-header-display":"","ast-hfb-above-header-display":"","ast-hfb-below-header-display":"","ast-hfb-mobile-header-display":"","site-post-title":"","ast-breadcrumbs-content":"","ast-featured-img":"","footer-sml-layout":"","ast-disable-related-posts":"","theme-transparent-header-meta":"","adv-header-id-meta":"","stick-header-meta":"","header-above-stick-meta":"","header-main-stick-meta":"","header-below-stick-meta":"","astra-migrate-meta-layouts":"default","ast-page-background-enabled":"default","ast-page-background-meta":{"desktop":{"background-color":"var(--ast-global-color-5)","background-image":"","background-repeat":"repeat","background-position":"center center","background-size":"auto","background-attachment":"scroll","background-type":"","background-media":"","overlay-type":"","overlay-color":"","overlay-opacity":"","overlay-gradient":""},"tablet":{"background-color":"","background-image":"","background-repeat":"repeat","background-position":"center center","background-size":"auto","background-attachment":"scroll","background-type":"","background-media":"","overlay-type":"","overlay-color":"","overlay-opacity":"","overlay-gradient":""},"mobile":{"background-color":"","background-image":"","background-repeat":"repeat","background-position":"center center","background-size":"auto","background-attachment":"scroll","background-type":"","background-media":"","overlay-type":"","overlay-color":"","overlay-opacity":"","overlay-gradient":""}},"ast-content-background-meta":{"desktop":{"background-color":"var(--ast-global-color-4)","background-image":"","background-repeat":"repeat","background-position":"center center","background-size":"auto","background-attachment":"scroll","background-type":"","background-media":"","overlay-type":"","overlay-color":"","overlay-opacity":"","overlay-gradient":""},"tablet":{"background-color":"var(--ast-global-color-4)","background-image":"","background-repeat":"repeat","background-position":"center center","background-size":"auto","background-attachment":"scroll","background-type":"","background-media":"","overlay-type":"","overlay-color":"","overlay-opacity":"","overlay-gradient":""},"mobile":{"background-color":"var(--ast-global-color-4)","background-image":"","background-repeat":"repeat","background-position":"center center","background-size":"auto","background-attachment":"scroll","background-type":"","background-media":"","overlay-type":"","overlay-color":"","overlay-opacity":"","overlay-gradient":""}}},"product_brand":[],"product_cat":[18,32],"product_tag":[],"class_list":{"0":"post-1182","1":"product","2":"type-product","3":"status-publish","4":"has-post-thumbnail","6":"product_cat-fri-nedladdning","7":"product_cat-ses-projektet","8":"desktop-align-center","9":"tablet-align-left","10":"mobile-align-left","12":"first","13":"outofstock","14":"taxable","15":"shipping-taxable","16":"product-type-simple"},"_links":{"self":[{"href":"https:\/\/kkrva.se\/bookstore\/wp-json\/wp\/v2\/product\/1182","targetHints":{"allow":["GET"]}}],"collection":[{"href":"https:\/\/kkrva.se\/bookstore\/wp-json\/wp\/v2\/product"}],"about":[{"href":"https:\/\/kkrva.se\/bookstore\/wp-json\/wp\/v2\/types\/product"}],"wp:featuredmedia":[{"embeddable":true,"href":"https:\/\/kkrva.se\/bookstore\/wp-json\/wp\/v2\/media\/2900"}],"wp:attachment":[{"href":"https:\/\/kkrva.se\/bookstore\/wp-json\/wp\/v2\/media?parent=1182"}],"wp:term":[{"taxonomy":"product_brand","embeddable":true,"href":"https:\/\/kkrva.se\/bookstore\/wp-json\/wp\/v2\/product_brand?post=1182"},{"taxonomy":"product_cat","embeddable":true,"href":"https:\/\/kkrva.se\/bookstore\/wp-json\/wp\/v2\/product_cat?post=1182"},{"taxonomy":"product_tag","embeddable":true,"href":"https:\/\/kkrva.se\/bookstore\/wp-json\/wp\/v2\/product_tag?post=1182"}],"curies":[{"name":"wp","href":"https:\/\/api.w.org\/{rel}","templated":true}]}}