{"id":105,"date":"2012-04-01T16:55:11","date_gmt":"2012-04-01T16:55:11","guid":{"rendered":"https:\/\/kkrva.com\/bookstore\/?post_type=product&#038;p=105"},"modified":"2025-12-31T13:51:49","modified_gmt":"2025-12-31T13:51:49","slug":"kan-vi-forsvara-oss","status":"publish","type":"product","link":"https:\/\/kkrva.se\/bookstore\/produkt\/kan-vi-forsvara-oss\/","title":{"rendered":"Kan vi f\u00f6rsvara oss?"},"content":{"rendered":"<p>Tidigare fanns en logik i v\u00e5rt f\u00f6rsvarssystem. Motsvarande logik finns inte idag. Med detta vill vi inte s\u00e4ga att det var b\u00e4ttre f\u00f6rr. Det vi vill s\u00e4ga \u00e4r att dagens fr\u00e5getecken m\u00e5ste r\u00e4tas ut p\u00e5 ett eller annat s\u00e4tt!<\/p>\n<p>Det invasionsf\u00f6rsvar vi byggde upp under kalla kriget hade som m\u00e5l att f\u00f6rsvara v\u00e5rt land. Det tj\u00e4nade oss v\u00e4l utifr\u00e5n den tidens f\u00f6ruts\u00e4ttningar, milit\u00e4r alliansfrihet syftande till neutralitet i krig.<\/p>\n<p>Det insatsf\u00f6rsvar vi har idag har som m\u00e5l att tillsammans med andra f\u00f6rsvara v\u00e5rt land och svenska v\u00e4rden, inom landet och utomlands. F\u00f6r att detta m\u00e5l ska tj\u00e4na oss v\u00e4l kr\u00e4vs en f\u00f6r\u00e4ndrad syn p\u00e5 allianser, f\u00f6rm\u00e5gor och resurser.<\/p>\n<p><em>Uppsatsen \u00e4r en rapport inom ramen f\u00f6r Kungl Krigsvetenskapsakademiens projekt Svensk s\u00e4kerhet efter 2014. Den \u00e4r publicerad genom v\u00e4lvilligt st\u00f6d fr\u00e5n Marianne och Marcus Wallenbergs stiftelse.<\/em><\/p>\n","protected":false},"excerpt":{"rendered":"<p>av Bj\u00f6rn Anderson m fl<\/p>\n<p>Utgiven 2012 av Kungl Krigsvetenskapsakademien<\/p>\n<p>Ebok (pdf)<br \/>\nFormat 165*242 mm<br \/>\n126 sidor<\/p>\n<p>S\u00e5 snart best\u00e4llning \u00e4r lagd visas l\u00e4nk f\u00f6r nedladdning.<\/p>\n","protected":false},"featured_media":3195,"template":"","meta":{"site-sidebar-layout":"default","site-content-layout":"","ast-site-content-layout":"default","site-content-style":"default","site-sidebar-style":"default","ast-global-header-display":"","ast-banner-title-visibility":"","ast-main-header-display":"","ast-hfb-above-header-display":"","ast-hfb-below-header-display":"","ast-hfb-mobile-header-display":"","site-post-title":"","ast-breadcrumbs-content":"","ast-featured-img":"","footer-sml-layout":"","ast-disable-related-posts":"","theme-transparent-header-meta":"","adv-header-id-meta":"","stick-header-meta":"","header-above-stick-meta":"","header-main-stick-meta":"","header-below-stick-meta":"","astra-migrate-meta-layouts":"default","ast-page-background-enabled":"default","ast-page-background-meta":{"desktop":{"background-color":"var(--ast-global-color-5)","background-image":"","background-repeat":"repeat","background-position":"center center","background-size":"auto","background-attachment":"scroll","background-type":"","background-media":"","overlay-type":"","overlay-color":"","overlay-opacity":"","overlay-gradient":""},"tablet":{"background-color":"","background-image":"","background-repeat":"repeat","background-position":"center center","background-size":"auto","background-attachment":"scroll","background-type":"","background-media":"","overlay-type":"","overlay-color":"","overlay-opacity":"","overlay-gradient":""},"mobile":{"background-color":"","background-image":"","background-repeat":"repeat","background-position":"center center","background-size":"auto","background-attachment":"scroll","background-type":"","background-media":"","overlay-type":"","overlay-color":"","overlay-opacity":"","overlay-gradient":""}},"ast-content-background-meta":{"desktop":{"background-color":"var(--ast-global-color-4)","background-image":"","background-repeat":"repeat","background-position":"center center","background-size":"auto","background-attachment":"scroll","background-type":"","background-media":"","overlay-type":"","overlay-color":"","overlay-opacity":"","overlay-gradient":""},"tablet":{"background-color":"var(--ast-global-color-4)","background-image":"","background-repeat":"repeat","background-position":"center center","background-size":"auto","background-attachment":"scroll","background-type":"","background-media":"","overlay-type":"","overlay-color":"","overlay-opacity":"","overlay-gradient":""},"mobile":{"background-color":"var(--ast-global-color-4)","background-image":"","background-repeat":"repeat","background-position":"center center","background-size":"auto","background-attachment":"scroll","background-type":"","background-media":"","overlay-type":"","overlay-color":"","overlay-opacity":"","overlay-gradient":""}}},"product_brand":[],"product_cat":[18],"product_tag":[],"class_list":{"0":"post-105","1":"product","2":"type-product","3":"status-publish","4":"has-post-thumbnail","6":"product_cat-fri-nedladdning","7":"desktop-align-center","8":"tablet-align-left","9":"mobile-align-left","11":"first","12":"instock","13":"downloadable","14":"virtual","15":"sold-individually","16":"taxable","17":"purchasable","18":"product-type-simple"},"_links":{"self":[{"href":"https:\/\/kkrva.se\/bookstore\/wp-json\/wp\/v2\/product\/105","targetHints":{"allow":["GET"]}}],"collection":[{"href":"https:\/\/kkrva.se\/bookstore\/wp-json\/wp\/v2\/product"}],"about":[{"href":"https:\/\/kkrva.se\/bookstore\/wp-json\/wp\/v2\/types\/product"}],"wp:featuredmedia":[{"embeddable":true,"href":"https:\/\/kkrva.se\/bookstore\/wp-json\/wp\/v2\/media\/3195"}],"wp:attachment":[{"href":"https:\/\/kkrva.se\/bookstore\/wp-json\/wp\/v2\/media?parent=105"}],"wp:term":[{"taxonomy":"product_brand","embeddable":true,"href":"https:\/\/kkrva.se\/bookstore\/wp-json\/wp\/v2\/product_brand?post=105"},{"taxonomy":"product_cat","embeddable":true,"href":"https:\/\/kkrva.se\/bookstore\/wp-json\/wp\/v2\/product_cat?post=105"},{"taxonomy":"product_tag","embeddable":true,"href":"https:\/\/kkrva.se\/bookstore\/wp-json\/wp\/v2\/product_tag?post=105"}],"curies":[{"name":"wp","href":"https:\/\/api.w.org\/{rel}","templated":true}]}}